{"id":4231,"date":"2023-05-17T11:26:28","date_gmt":"2023-05-17T09:26:28","guid":{"rendered":"https:\/\/elpromagroup.wersjaprojektowa.pl\/product\/rozklad-czasu-i-czestotliwosci-serii-tfd-100\/"},"modified":"2023-05-17T11:26:28","modified_gmt":"2023-05-17T09:26:28","slug":"rozklad-czasu-i-czestotliwosci-serii-tfd-100","status":"publish","type":"product","link":"https:\/\/elpromagroup.wersjaprojektowa.pl\/pl\/produkt\/rozklad-czasu-i-czestotliwosci-serii-tfd-100\/","title":{"rendered":"Rozk\u0142ad czasu i cz\u0119stotliwo\u015bci serii TFD-100"},"content":{"rendered":"<p>Seria TFD-100 to modu\u0142owy dystrybutor czasu i cz\u0119stotliwo\u015bci o wysoko\u015bci 1U, montowany w szafie rack. Zapewnia precyzyjn\u0105 dystrybucj\u0119 dowolnej cz\u0119stotliwo\u015bci od 1PPS do 10MHz w najpopularniejszych standardach: 1PPS (TTL), IRIG-DCLS (TTL), 10MHz (TTL i Sine).<\/p>\n","protected":false},"excerpt":{"rendered":"<ul>\n<li>Dystrybucja sygna\u0142u 1PPS (TTL)<\/li>\n<li>Dystrybucja 10 MHz (TTL\/sinus)<\/li>\n<li>Dystrybucja IRIG-DCLS (TTL)<\/li>\n<li>Gniazda BNC lub SMA<\/li>\n<li>Nadmiarowe zasilanie 230VAC lub\/i 48VDC<\/li>\n<\/ul>\n","protected":false},"featured_media":3645,"template":"","meta":{"_acf_changed":false},"component":[],"product_brand":[],"product_cat":[231],"product_tag":[353,354,339,355,356],"class_list":{"0":"post-4231","1":"product","2":"type-product","3":"status-publish","4":"has-post-thumbnail","6":"product_cat-elproma-time-pl","7":"product_tag-instytucje-badawcze","8":"product_tag-instytucje-naukowe","9":"product_tag-nadawanie","10":"product_tag-stacje-radiowe","11":"product_tag-stacje-telewizyjne","13":"first","14":"instock","15":"downloadable","16":"shipping-taxable","17":"product-type-simple"},"acf":[],"yoast_head":"<!-- This site is optimized with the Yoast SEO plugin v27.3 - https:\/\/yoast.com\/product\/yoast-seo-wordpress\/ -->\n<title>Rozk\u0142ad czasu i cz\u0119stotliwo\u015bci serii TFD-100 - Elproma<\/title>\n<meta name=\"robots\" content=\"noindex, follow, max-snippet:-1, max-image-preview:large, max-video-preview:-1\" \/>\n<meta property=\"og:locale\" content=\"pl_PL\" \/>\n<meta property=\"og:type\" content=\"article\" \/>\n<meta property=\"og:title\" content=\"Rozk\u0142ad czasu i cz\u0119stotliwo\u015bci serii TFD-100 - Elproma\" \/>\n<meta property=\"og:description\" content=\"Dystrybucja sygna\u0142u 1PPS (TTL)  Dystrybucja 10 MHz (TTL\/sinus)  Dystrybucja IRIG-DCLS (TTL)  Gniazda BNC lub SMA  Nadmiarowe zasilanie 230VAC lub\/i 48VDC\" \/>\n<meta property=\"og:url\" content=\"https:\/\/elpromagroup.wersjaprojektowa.pl\/pl\/produkt\/rozklad-czasu-i-czestotliwosci-serii-tfd-100\/\" \/>\n<meta property=\"og:site_name\" content=\"Elproma\" \/>\n<meta property=\"og:image\" content=\"https:\/\/elpromagroup.wersjaprojektowa.pl\/wp-content\/uploads\/2023\/05\/TFD-100-scaled.jpg\" \/>\n\t<meta property=\"og:image:width\" content=\"2560\" \/>\n\t<meta property=\"og:image:height\" content=\"846\" \/>\n\t<meta property=\"og:image:type\" content=\"image\/jpeg\" \/>\n<meta name=\"twitter:card\" content=\"summary_large_image\" \/>\n<script type=\"application\/ld+json\" class=\"yoast-schema-graph\">{\"@context\":\"https:\\\/\\\/schema.org\",\"@graph\":[{\"@type\":\"WebPage\",\"@id\":\"https:\\\/\\\/elpromagroup.wersjaprojektowa.pl\\\/pl\\\/produkt\\\/rozklad-czasu-i-czestotliwosci-serii-tfd-100\\\/\",\"url\":\"https:\\\/\\\/elpromagroup.wersjaprojektowa.pl\\\/pl\\\/produkt\\\/rozklad-czasu-i-czestotliwosci-serii-tfd-100\\\/\",\"name\":\"Rozk\u0142ad czasu i cz\u0119stotliwo\u015bci serii TFD-100 - Elproma\",\"isPartOf\":{\"@id\":\"https:\\\/\\\/elpromagroup.wersjaprojektowa.pl\\\/pl\\\/#website\"},\"primaryImageOfPage\":{\"@id\":\"https:\\\/\\\/elpromagroup.wersjaprojektowa.pl\\\/pl\\\/produkt\\\/rozklad-czasu-i-czestotliwosci-serii-tfd-100\\\/#primaryimage\"},\"image\":{\"@id\":\"https:\\\/\\\/elpromagroup.wersjaprojektowa.pl\\\/pl\\\/produkt\\\/rozklad-czasu-i-czestotliwosci-serii-tfd-100\\\/#primaryimage\"},\"thumbnailUrl\":\"https:\\\/\\\/elpromagroup.wersjaprojektowa.pl\\\/wp-content\\\/uploads\\\/2023\\\/05\\\/TFD-100-scaled.jpg\",\"datePublished\":\"2023-05-17T09:26:28+00:00\",\"breadcrumb\":{\"@id\":\"https:\\\/\\\/elpromagroup.wersjaprojektowa.pl\\\/pl\\\/produkt\\\/rozklad-czasu-i-czestotliwosci-serii-tfd-100\\\/#breadcrumb\"},\"inLanguage\":\"pl-PL\",\"potentialAction\":[{\"@type\":\"ReadAction\",\"target\":[\"https:\\\/\\\/elpromagroup.wersjaprojektowa.pl\\\/pl\\\/produkt\\\/rozklad-czasu-i-czestotliwosci-serii-tfd-100\\\/\"]}]},{\"@type\":\"ImageObject\",\"inLanguage\":\"pl-PL\",\"@id\":\"https:\\\/\\\/elpromagroup.wersjaprojektowa.pl\\\/pl\\\/produkt\\\/rozklad-czasu-i-czestotliwosci-serii-tfd-100\\\/#primaryimage\",\"url\":\"https:\\\/\\\/elpromagroup.wersjaprojektowa.pl\\\/wp-content\\\/uploads\\\/2023\\\/05\\\/TFD-100-scaled.jpg\",\"contentUrl\":\"https:\\\/\\\/elpromagroup.wersjaprojektowa.pl\\\/wp-content\\\/uploads\\\/2023\\\/05\\\/TFD-100-scaled.jpg\",\"width\":1920,\"height\":635},{\"@type\":\"BreadcrumbList\",\"@id\":\"https:\\\/\\\/elpromagroup.wersjaprojektowa.pl\\\/pl\\\/produkt\\\/rozklad-czasu-i-czestotliwosci-serii-tfd-100\\\/#breadcrumb\",\"itemListElement\":[{\"@type\":\"ListItem\",\"position\":1,\"name\":\"Home\",\"item\":\"https:\\\/\\\/elpromagroup.wersjaprojektowa.pl\\\/pl\\\/strona-glowna\\\/\"},{\"@type\":\"ListItem\",\"position\":2,\"name\":\"Sklep\",\"item\":\"https:\\\/\\\/elpromagroup.wersjaprojektowa.pl\\\/pl\\\/sklep\\\/\"},{\"@type\":\"ListItem\",\"position\":3,\"name\":\"Rozk\u0142ad czasu i cz\u0119stotliwo\u015bci serii TFD-100\"}]},{\"@type\":\"WebSite\",\"@id\":\"https:\\\/\\\/elpromagroup.wersjaprojektowa.pl\\\/pl\\\/#website\",\"url\":\"https:\\\/\\\/elpromagroup.wersjaprojektowa.pl\\\/pl\\\/\",\"name\":\"Elproma\",\"description\":\"\",\"potentialAction\":[{\"@type\":\"SearchAction\",\"target\":{\"@type\":\"EntryPoint\",\"urlTemplate\":\"https:\\\/\\\/elpromagroup.wersjaprojektowa.pl\\\/pl\\\/?s={search_term_string}\"},\"query-input\":{\"@type\":\"PropertyValueSpecification\",\"valueRequired\":true,\"valueName\":\"search_term_string\"}}],\"inLanguage\":\"pl-PL\"}]}<\/script>\n<!-- \/ Yoast SEO plugin. -->","yoast_head_json":{"title":"Rozk\u0142ad czasu i cz\u0119stotliwo\u015bci serii TFD-100 - Elproma","robots":{"index":"noindex","follow":"follow","max-snippet":"max-snippet:-1","max-image-preview":"max-image-preview:large","max-video-preview":"max-video-preview:-1"},"og_locale":"pl_PL","og_type":"article","og_title":"Rozk\u0142ad czasu i cz\u0119stotliwo\u015bci serii TFD-100 - Elproma","og_description":"Dystrybucja sygna\u0142u 1PPS (TTL)  Dystrybucja 10 MHz (TTL\/sinus)  Dystrybucja IRIG-DCLS (TTL)  Gniazda BNC lub SMA  Nadmiarowe zasilanie 230VAC lub\/i 48VDC","og_url":"https:\/\/elpromagroup.wersjaprojektowa.pl\/pl\/produkt\/rozklad-czasu-i-czestotliwosci-serii-tfd-100\/","og_site_name":"Elproma","og_image":[{"width":2560,"height":846,"url":"https:\/\/elpromagroup.wersjaprojektowa.pl\/wp-content\/uploads\/2023\/05\/TFD-100-scaled.jpg","type":"image\/jpeg"}],"twitter_card":"summary_large_image","schema":{"@context":"https:\/\/schema.org","@graph":[{"@type":"WebPage","@id":"https:\/\/elpromagroup.wersjaprojektowa.pl\/pl\/produkt\/rozklad-czasu-i-czestotliwosci-serii-tfd-100\/","url":"https:\/\/elpromagroup.wersjaprojektowa.pl\/pl\/produkt\/rozklad-czasu-i-czestotliwosci-serii-tfd-100\/","name":"Rozk\u0142ad czasu i cz\u0119stotliwo\u015bci serii TFD-100 - Elproma","isPartOf":{"@id":"https:\/\/elpromagroup.wersjaprojektowa.pl\/pl\/#website"},"primaryImageOfPage":{"@id":"https:\/\/elpromagroup.wersjaprojektowa.pl\/pl\/produkt\/rozklad-czasu-i-czestotliwosci-serii-tfd-100\/#primaryimage"},"image":{"@id":"https:\/\/elpromagroup.wersjaprojektowa.pl\/pl\/produkt\/rozklad-czasu-i-czestotliwosci-serii-tfd-100\/#primaryimage"},"thumbnailUrl":"https:\/\/elpromagroup.wersjaprojektowa.pl\/wp-content\/uploads\/2023\/05\/TFD-100-scaled.jpg","datePublished":"2023-05-17T09:26:28+00:00","breadcrumb":{"@id":"https:\/\/elpromagroup.wersjaprojektowa.pl\/pl\/produkt\/rozklad-czasu-i-czestotliwosci-serii-tfd-100\/#breadcrumb"},"inLanguage":"pl-PL","potentialAction":[{"@type":"ReadAction","target":["https:\/\/elpromagroup.wersjaprojektowa.pl\/pl\/produkt\/rozklad-czasu-i-czestotliwosci-serii-tfd-100\/"]}]},{"@type":"ImageObject","inLanguage":"pl-PL","@id":"https:\/\/elpromagroup.wersjaprojektowa.pl\/pl\/produkt\/rozklad-czasu-i-czestotliwosci-serii-tfd-100\/#primaryimage","url":"https:\/\/elpromagroup.wersjaprojektowa.pl\/wp-content\/uploads\/2023\/05\/TFD-100-scaled.jpg","contentUrl":"https:\/\/elpromagroup.wersjaprojektowa.pl\/wp-content\/uploads\/2023\/05\/TFD-100-scaled.jpg","width":1920,"height":635},{"@type":"BreadcrumbList","@id":"https:\/\/elpromagroup.wersjaprojektowa.pl\/pl\/produkt\/rozklad-czasu-i-czestotliwosci-serii-tfd-100\/#breadcrumb","itemListElement":[{"@type":"ListItem","position":1,"name":"Home","item":"https:\/\/elpromagroup.wersjaprojektowa.pl\/pl\/strona-glowna\/"},{"@type":"ListItem","position":2,"name":"Sklep","item":"https:\/\/elpromagroup.wersjaprojektowa.pl\/pl\/sklep\/"},{"@type":"ListItem","position":3,"name":"Rozk\u0142ad czasu i cz\u0119stotliwo\u015bci serii TFD-100"}]},{"@type":"WebSite","@id":"https:\/\/elpromagroup.wersjaprojektowa.pl\/pl\/#website","url":"https:\/\/elpromagroup.wersjaprojektowa.pl\/pl\/","name":"Elproma","description":"","potentialAction":[{"@type":"SearchAction","target":{"@type":"EntryPoint","urlTemplate":"https:\/\/elpromagroup.wersjaprojektowa.pl\/pl\/?s={search_term_string}"},"query-input":{"@type":"PropertyValueSpecification","valueRequired":true,"valueName":"search_term_string"}}],"inLanguage":"pl-PL"}]}},"_links":{"self":[{"href":"https:\/\/elpromagroup.wersjaprojektowa.pl\/pl\/wp-json\/wp\/v2\/product\/4231","targetHints":{"allow":["GET"]}}],"collection":[{"href":"https:\/\/elpromagroup.wersjaprojektowa.pl\/pl\/wp-json\/wp\/v2\/product"}],"about":[{"href":"https:\/\/elpromagroup.wersjaprojektowa.pl\/pl\/wp-json\/wp\/v2\/types\/product"}],"version-history":[{"count":0,"href":"https:\/\/elpromagroup.wersjaprojektowa.pl\/pl\/wp-json\/wp\/v2\/product\/4231\/revisions"}],"wp:featuredmedia":[{"embeddable":true,"href":"https:\/\/elpromagroup.wersjaprojektowa.pl\/pl\/wp-json\/wp\/v2\/media\/3645"}],"wp:attachment":[{"href":"https:\/\/elpromagroup.wersjaprojektowa.pl\/pl\/wp-json\/wp\/v2\/media?parent=4231"}],"wp:term":[{"taxonomy":"component","embeddable":true,"href":"https:\/\/elpromagroup.wersjaprojektowa.pl\/pl\/wp-json\/wp\/v2\/component?post=4231"},{"taxonomy":"product_brand","embeddable":true,"href":"https:\/\/elpromagroup.wersjaprojektowa.pl\/pl\/wp-json\/wp\/v2\/product_brand?post=4231"},{"taxonomy":"product_cat","embeddable":true,"href":"https:\/\/elpromagroup.wersjaprojektowa.pl\/pl\/wp-json\/wp\/v2\/product_cat?post=4231"},{"taxonomy":"product_tag","embeddable":true,"href":"https:\/\/elpromagroup.wersjaprojektowa.pl\/pl\/wp-json\/wp\/v2\/product_tag?post=4231"}],"curies":[{"name":"wp","href":"https:\/\/api.w.org\/{rel}","templated":true}]}}