{"id":4230,"date":"2023-05-17T11:28:01","date_gmt":"2023-05-17T09:28:01","guid":{"rendered":"https:\/\/elpromagroup.wersjaprojektowa.pl\/product\/kwalifikowany-serwer-znacznikow-czasu-tsa\/"},"modified":"2023-05-17T11:28:01","modified_gmt":"2023-05-17T09:28:01","slug":"kwalifikowany-serwer-znacznikow-czasu-tsa","status":"publish","type":"product","link":"https:\/\/elpromagroup.wersjaprojektowa.pl\/pl\/produkt\/kwalifikowany-serwer-znacznikow-czasu-tsa\/","title":{"rendered":"Kwalifikowany serwer znacznik\u00f3w czasu TSA"},"content":{"rendered":"<p>Elproma TSA zapewnia odporne na manipulacje tworzenie i autentyczno\u015b\u0107 znacznik\u00f3w czasu. Jest to idealne urz\u0105dzenie sieciowe ze <strong>sprz\u0119towym modu\u0142em bezpiecze\u0144stwa (HSM<\/strong> ) do zastosowa\u0144 biznesowych, kt\u00f3re wymagaj\u0105 udowodnienia istnienia i statusu dokumentu lub danych w okre\u015blonym momencie. <strong> Serwer znacznika czasu (TSA<\/strong> ) zapewnia, \u017ce<strong> dane ze znacznikiem czasu<\/strong> s\u0105 autentyczne dla tych i podobnych aplikacji. Znaczniki czasu s\u0105 w stanie w ka\u017cdej chwili zweryfikowa\u0107, czy dane ze znacznikiem czasu odpowiadaj\u0105 dok\u0142adnie tej samej formie w momencie, w kt\u00f3rym zosta\u0142y zarejestrowane przez znacznik czasu.<\/p>\n<p>Co wi\u0119cej, znaczniki czasu (je\u015bli przetrwaj\u0105 w czasie d\u0142u\u017cszym ni\u017c TSA) s\u0105 nadal w stanie by\u0107 weryfikowane bez uwierzytelniania TSA dla danych (plik dokumentu lub strumie\u0144 danych):<\/p>\n<ol>\n<li>Oryginalno\u015b\u0107 dowolnego dokumentu, strumienia wideo, zdj\u0119cia itp.<\/li>\n<li>Integralno\u015b\u0107 &#8211; nic nie mo\u017ce zosta\u0107 zmienione od momentu zamkni\u0119cia danych.<\/li>\n<li>Niezaprzeczanie chronologii &#8211; udowadnianie istnienia w danym momencie historii<\/li>\n<\/ol>\n","protected":false},"excerpt":{"rendered":"<p>Elproma TSA zapewnia odporne na manipulacje tworzenie i autentyczno\u015b\u0107 znacznik\u00f3w czasu. Jest to idealne urz\u0105dzenie sieciowe ze sprz\u0119towym modu\u0142em bezpiecze\u0144stwa (HSM ) do zastosowa\u0144 biznesowych, kt\u00f3re wymagaj\u0105 udowodnienia istnienia i statusu dokumentu lub danych w okre\u015blonym momencie. Serwer znacznika czasu (TSA ) zapewnia, \u017ce dane ze znacznikiem czasu s\u0105 autentyczne dla tych i podobnych aplikacji. Znaczniki czasu s\u0105 w stanie\u2026<\/p>\n","protected":false},"featured_media":3629,"template":"","meta":{"_acf_changed":false},"component":[],"product_brand":[],"product_cat":[231],"product_tag":[266,352,340,269],"class_list":{"0":"post-4230","1":"product","2":"type-product","3":"status-publish","4":"has-post-thumbnail","6":"product_cat-elproma-time-pl","7":"product_tag-administracja-publiczna","8":"product_tag-apteka","9":"product_tag-elektroniczne-automaty-do-gier-kasyno","10":"product_tag-wojsko-policja-straz-graniczna","12":"first","13":"instock","14":"downloadable","15":"shipping-taxable","16":"product-type-simple"},"acf":[],"yoast_head":"<!-- This site is optimized with the Yoast SEO plugin v27.3 - https:\/\/yoast.com\/product\/yoast-seo-wordpress\/ -->\n<title>Kwalifikowany serwer znacznik\u00f3w czasu TSA - Elproma<\/title>\n<meta name=\"robots\" content=\"noindex, follow, max-snippet:-1, max-image-preview:large, max-video-preview:-1\" \/>\n<meta property=\"og:locale\" content=\"pl_PL\" \/>\n<meta property=\"og:type\" content=\"article\" \/>\n<meta property=\"og:title\" content=\"Kwalifikowany serwer znacznik\u00f3w czasu TSA - Elproma\" \/>\n<meta property=\"og:description\" content=\"Elproma TSA zapewnia odporne na manipulacje tworzenie i autentyczno\u015b\u0107 znacznik\u00f3w czasu. Jest to idealne urz\u0105dzenie sieciowe ze sprz\u0119towym modu\u0142em bezpiecze\u0144stwa (HSM ) do zastosowa\u0144 biznesowych, kt\u00f3re wymagaj\u0105 udowodnienia istnienia i statusu dokumentu lub danych w okre\u015blonym momencie. Serwer znacznika czasu (TSA ) zapewnia, \u017ce dane ze znacznikiem czasu s\u0105 autentyczne dla tych i podobnych aplikacji. Znaczniki czasu s\u0105 w stanie\u2026\" \/>\n<meta property=\"og:url\" content=\"https:\/\/elpromagroup.wersjaprojektowa.pl\/pl\/produkt\/kwalifikowany-serwer-znacznikow-czasu-tsa\/\" \/>\n<meta property=\"og:site_name\" content=\"Elproma\" \/>\n<meta property=\"og:image\" content=\"https:\/\/elpromagroup.wersjaprojektowa.pl\/wp-content\/uploads\/2023\/05\/tsa.jpg\" \/>\n\t<meta property=\"og:image:width\" content=\"800\" \/>\n\t<meta property=\"og:image:height\" content=\"500\" \/>\n\t<meta property=\"og:image:type\" content=\"image\/jpeg\" \/>\n<meta name=\"twitter:card\" content=\"summary_large_image\" \/>\n<meta name=\"twitter:label1\" content=\"Szacowany czas czytania\" \/>\n\t<meta name=\"twitter:data1\" content=\"1 minuta\" \/>\n<script type=\"application\/ld+json\" class=\"yoast-schema-graph\">{\"@context\":\"https:\\\/\\\/schema.org\",\"@graph\":[{\"@type\":\"WebPage\",\"@id\":\"https:\\\/\\\/elpromagroup.wersjaprojektowa.pl\\\/pl\\\/produkt\\\/kwalifikowany-serwer-znacznikow-czasu-tsa\\\/\",\"url\":\"https:\\\/\\\/elpromagroup.wersjaprojektowa.pl\\\/pl\\\/produkt\\\/kwalifikowany-serwer-znacznikow-czasu-tsa\\\/\",\"name\":\"Kwalifikowany serwer znacznik\u00f3w czasu TSA - Elproma\",\"isPartOf\":{\"@id\":\"https:\\\/\\\/elpromagroup.wersjaprojektowa.pl\\\/pl\\\/#website\"},\"primaryImageOfPage\":{\"@id\":\"https:\\\/\\\/elpromagroup.wersjaprojektowa.pl\\\/pl\\\/produkt\\\/kwalifikowany-serwer-znacznikow-czasu-tsa\\\/#primaryimage\"},\"image\":{\"@id\":\"https:\\\/\\\/elpromagroup.wersjaprojektowa.pl\\\/pl\\\/produkt\\\/kwalifikowany-serwer-znacznikow-czasu-tsa\\\/#primaryimage\"},\"thumbnailUrl\":\"https:\\\/\\\/elpromagroup.wersjaprojektowa.pl\\\/wp-content\\\/uploads\\\/2023\\\/05\\\/tsa.jpg\",\"datePublished\":\"2023-05-17T09:28:01+00:00\",\"breadcrumb\":{\"@id\":\"https:\\\/\\\/elpromagroup.wersjaprojektowa.pl\\\/pl\\\/produkt\\\/kwalifikowany-serwer-znacznikow-czasu-tsa\\\/#breadcrumb\"},\"inLanguage\":\"pl-PL\",\"potentialAction\":[{\"@type\":\"ReadAction\",\"target\":[\"https:\\\/\\\/elpromagroup.wersjaprojektowa.pl\\\/pl\\\/produkt\\\/kwalifikowany-serwer-znacznikow-czasu-tsa\\\/\"]}]},{\"@type\":\"ImageObject\",\"inLanguage\":\"pl-PL\",\"@id\":\"https:\\\/\\\/elpromagroup.wersjaprojektowa.pl\\\/pl\\\/produkt\\\/kwalifikowany-serwer-znacznikow-czasu-tsa\\\/#primaryimage\",\"url\":\"https:\\\/\\\/elpromagroup.wersjaprojektowa.pl\\\/wp-content\\\/uploads\\\/2023\\\/05\\\/tsa.jpg\",\"contentUrl\":\"https:\\\/\\\/elpromagroup.wersjaprojektowa.pl\\\/wp-content\\\/uploads\\\/2023\\\/05\\\/tsa.jpg\",\"width\":800,\"height\":500},{\"@type\":\"BreadcrumbList\",\"@id\":\"https:\\\/\\\/elpromagroup.wersjaprojektowa.pl\\\/pl\\\/produkt\\\/kwalifikowany-serwer-znacznikow-czasu-tsa\\\/#breadcrumb\",\"itemListElement\":[{\"@type\":\"ListItem\",\"position\":1,\"name\":\"Home\",\"item\":\"https:\\\/\\\/elpromagroup.wersjaprojektowa.pl\\\/pl\\\/strona-glowna\\\/\"},{\"@type\":\"ListItem\",\"position\":2,\"name\":\"Sklep\",\"item\":\"https:\\\/\\\/elpromagroup.wersjaprojektowa.pl\\\/pl\\\/sklep\\\/\"},{\"@type\":\"ListItem\",\"position\":3,\"name\":\"Kwalifikowany serwer znacznik\u00f3w czasu TSA\"}]},{\"@type\":\"WebSite\",\"@id\":\"https:\\\/\\\/elpromagroup.wersjaprojektowa.pl\\\/pl\\\/#website\",\"url\":\"https:\\\/\\\/elpromagroup.wersjaprojektowa.pl\\\/pl\\\/\",\"name\":\"Elproma\",\"description\":\"\",\"potentialAction\":[{\"@type\":\"SearchAction\",\"target\":{\"@type\":\"EntryPoint\",\"urlTemplate\":\"https:\\\/\\\/elpromagroup.wersjaprojektowa.pl\\\/pl\\\/?s={search_term_string}\"},\"query-input\":{\"@type\":\"PropertyValueSpecification\",\"valueRequired\":true,\"valueName\":\"search_term_string\"}}],\"inLanguage\":\"pl-PL\"}]}<\/script>\n<!-- \/ Yoast SEO plugin. -->","yoast_head_json":{"title":"Kwalifikowany serwer znacznik\u00f3w czasu TSA - Elproma","robots":{"index":"noindex","follow":"follow","max-snippet":"max-snippet:-1","max-image-preview":"max-image-preview:large","max-video-preview":"max-video-preview:-1"},"og_locale":"pl_PL","og_type":"article","og_title":"Kwalifikowany serwer znacznik\u00f3w czasu TSA - Elproma","og_description":"Elproma TSA zapewnia odporne na manipulacje tworzenie i autentyczno\u015b\u0107 znacznik\u00f3w czasu. Jest to idealne urz\u0105dzenie sieciowe ze sprz\u0119towym modu\u0142em bezpiecze\u0144stwa (HSM ) do zastosowa\u0144 biznesowych, kt\u00f3re wymagaj\u0105 udowodnienia istnienia i statusu dokumentu lub danych w okre\u015blonym momencie. Serwer znacznika czasu (TSA ) zapewnia, \u017ce dane ze znacznikiem czasu s\u0105 autentyczne dla tych i podobnych aplikacji. Znaczniki czasu s\u0105 w stanie\u2026","og_url":"https:\/\/elpromagroup.wersjaprojektowa.pl\/pl\/produkt\/kwalifikowany-serwer-znacznikow-czasu-tsa\/","og_site_name":"Elproma","og_image":[{"width":800,"height":500,"url":"https:\/\/elpromagroup.wersjaprojektowa.pl\/wp-content\/uploads\/2023\/05\/tsa.jpg","type":"image\/jpeg"}],"twitter_card":"summary_large_image","twitter_misc":{"Szacowany czas czytania":"1 minuta"},"schema":{"@context":"https:\/\/schema.org","@graph":[{"@type":"WebPage","@id":"https:\/\/elpromagroup.wersjaprojektowa.pl\/pl\/produkt\/kwalifikowany-serwer-znacznikow-czasu-tsa\/","url":"https:\/\/elpromagroup.wersjaprojektowa.pl\/pl\/produkt\/kwalifikowany-serwer-znacznikow-czasu-tsa\/","name":"Kwalifikowany serwer znacznik\u00f3w czasu TSA - Elproma","isPartOf":{"@id":"https:\/\/elpromagroup.wersjaprojektowa.pl\/pl\/#website"},"primaryImageOfPage":{"@id":"https:\/\/elpromagroup.wersjaprojektowa.pl\/pl\/produkt\/kwalifikowany-serwer-znacznikow-czasu-tsa\/#primaryimage"},"image":{"@id":"https:\/\/elpromagroup.wersjaprojektowa.pl\/pl\/produkt\/kwalifikowany-serwer-znacznikow-czasu-tsa\/#primaryimage"},"thumbnailUrl":"https:\/\/elpromagroup.wersjaprojektowa.pl\/wp-content\/uploads\/2023\/05\/tsa.jpg","datePublished":"2023-05-17T09:28:01+00:00","breadcrumb":{"@id":"https:\/\/elpromagroup.wersjaprojektowa.pl\/pl\/produkt\/kwalifikowany-serwer-znacznikow-czasu-tsa\/#breadcrumb"},"inLanguage":"pl-PL","potentialAction":[{"@type":"ReadAction","target":["https:\/\/elpromagroup.wersjaprojektowa.pl\/pl\/produkt\/kwalifikowany-serwer-znacznikow-czasu-tsa\/"]}]},{"@type":"ImageObject","inLanguage":"pl-PL","@id":"https:\/\/elpromagroup.wersjaprojektowa.pl\/pl\/produkt\/kwalifikowany-serwer-znacznikow-czasu-tsa\/#primaryimage","url":"https:\/\/elpromagroup.wersjaprojektowa.pl\/wp-content\/uploads\/2023\/05\/tsa.jpg","contentUrl":"https:\/\/elpromagroup.wersjaprojektowa.pl\/wp-content\/uploads\/2023\/05\/tsa.jpg","width":800,"height":500},{"@type":"BreadcrumbList","@id":"https:\/\/elpromagroup.wersjaprojektowa.pl\/pl\/produkt\/kwalifikowany-serwer-znacznikow-czasu-tsa\/#breadcrumb","itemListElement":[{"@type":"ListItem","position":1,"name":"Home","item":"https:\/\/elpromagroup.wersjaprojektowa.pl\/pl\/strona-glowna\/"},{"@type":"ListItem","position":2,"name":"Sklep","item":"https:\/\/elpromagroup.wersjaprojektowa.pl\/pl\/sklep\/"},{"@type":"ListItem","position":3,"name":"Kwalifikowany serwer znacznik\u00f3w czasu TSA"}]},{"@type":"WebSite","@id":"https:\/\/elpromagroup.wersjaprojektowa.pl\/pl\/#website","url":"https:\/\/elpromagroup.wersjaprojektowa.pl\/pl\/","name":"Elproma","description":"","potentialAction":[{"@type":"SearchAction","target":{"@type":"EntryPoint","urlTemplate":"https:\/\/elpromagroup.wersjaprojektowa.pl\/pl\/?s={search_term_string}"},"query-input":{"@type":"PropertyValueSpecification","valueRequired":true,"valueName":"search_term_string"}}],"inLanguage":"pl-PL"}]}},"_links":{"self":[{"href":"https:\/\/elpromagroup.wersjaprojektowa.pl\/pl\/wp-json\/wp\/v2\/product\/4230","targetHints":{"allow":["GET"]}}],"collection":[{"href":"https:\/\/elpromagroup.wersjaprojektowa.pl\/pl\/wp-json\/wp\/v2\/product"}],"about":[{"href":"https:\/\/elpromagroup.wersjaprojektowa.pl\/pl\/wp-json\/wp\/v2\/types\/product"}],"version-history":[{"count":0,"href":"https:\/\/elpromagroup.wersjaprojektowa.pl\/pl\/wp-json\/wp\/v2\/product\/4230\/revisions"}],"wp:featuredmedia":[{"embeddable":true,"href":"https:\/\/elpromagroup.wersjaprojektowa.pl\/pl\/wp-json\/wp\/v2\/media\/3629"}],"wp:attachment":[{"href":"https:\/\/elpromagroup.wersjaprojektowa.pl\/pl\/wp-json\/wp\/v2\/media?parent=4230"}],"wp:term":[{"taxonomy":"component","embeddable":true,"href":"https:\/\/elpromagroup.wersjaprojektowa.pl\/pl\/wp-json\/wp\/v2\/component?post=4230"},{"taxonomy":"product_brand","embeddable":true,"href":"https:\/\/elpromagroup.wersjaprojektowa.pl\/pl\/wp-json\/wp\/v2\/product_brand?post=4230"},{"taxonomy":"product_cat","embeddable":true,"href":"https:\/\/elpromagroup.wersjaprojektowa.pl\/pl\/wp-json\/wp\/v2\/product_cat?post=4230"},{"taxonomy":"product_tag","embeddable":true,"href":"https:\/\/elpromagroup.wersjaprojektowa.pl\/pl\/wp-json\/wp\/v2\/product_tag?post=4230"}],"curies":[{"name":"wp","href":"https:\/\/api.w.org\/{rel}","templated":true}]}}