{"id":4229,"date":"2023-05-23T13:17:46","date_gmt":"2023-05-23T11:17:46","guid":{"rendered":"https:\/\/elpromagroup.wersjaprojektowa.pl\/product\/rbmtx-viper\/"},"modified":"2023-05-23T13:17:46","modified_gmt":"2023-05-23T11:17:46","slug":"rbmtx-viper","status":"publish","type":"product","link":"https:\/\/elpromagroup.wersjaprojektowa.pl\/pl\/produkt\/rbmtx-viper\/","title":{"rendered":"RBMTX-VIPER"},"content":{"rendered":"<p><strong>Router RBMTX-VIPER<\/strong> jest odpowiedzi\u0105 na rosn\u0105ce oczekiwania klient\u00f3w dotycz\u0105ce mo\u017cliwo\u015bci pod\u0142\u0105czenia kilku urz\u0105dze\u0144 jednocze\u015bnie za pomoc\u0105 <strong>port\u00f3w Gigabit Ethernet<\/strong>. Og\u00f3lno\u015bwiatowa sie\u0107 LTE Cat. 4 modu\u0142y, system operacyjny Linux z SDK, pasywne przej\u015bcie PoE, WiFi\/Bluetooth i \u0142atwe w u\u017cyciu narz\u0119dzia konfiguracyjne to g\u0142\u00f3wne zalety RBMTX-VIPER.<\/p>\n<p><strong>Dost\u0119pno\u015b\u0107 produktu: Q2\/2024<\/strong><\/p>\n","protected":false},"excerpt":{"rendered":"<p>Router RBMTX-VIPER jest odpowiedzi\u0105 na rosn\u0105ce oczekiwania klient\u00f3w dotycz\u0105ce mo\u017cliwo\u015bci pod\u0142\u0105czenia kilku urz\u0105dze\u0144 jednocze\u015bnie za pomoc\u0105 port\u00f3w Gigabit Ethernet. Og\u00f3lno\u015bwiatowa sie\u0107 LTE Cat. 4 modu\u0142y, system operacyjny Linux z SDK, pasywne przej\u015bcie PoE, WiFi\/Bluetooth i \u0142atwe w u\u017cyciu narz\u0119dzia konfiguracyjne to g\u0142\u00f3wne zalety RBMTX-VIPER. Dost\u0119pno\u015b\u0107 produktu: Q2\/2024<\/p>\n","protected":false},"featured_media":3705,"template":"","meta":{"_acf_changed":false},"component":[],"product_brand":[],"product_cat":[223],"product_tag":[237,349,351,259,260,347,338,350,336,261,348,262,335],"class_list":{"0":"post-4229","1":"product","2":"type-product","3":"status-publish","4":"has-post-thumbnail","6":"product_cat-telemetry-pl","7":"product_tag-automatyzacja-przemyslu","8":"product_tag-digital-signage-pl","9":"product_tag-fotowoltaika-elektrownie","10":"product_tag-informacje-drogowe","11":"product_tag-inteligentne-miasto","12":"product_tag-paczkomaty","13":"product_tag-przemysl-4-0","14":"product_tag-stacje-ladowania-pojazdow-elektrycznych","15":"product_tag-systemy-bezpieczenstwa-cctv","16":"product_tag-systemy-fotowoltaiczne","17":"product_tag-systemy-parkingowe","18":"product_tag-telekomunikacja","19":"product_tag-telemedycyna","21":"first","22":"instock","23":"downloadable","24":"shipping-taxable","25":"product-type-simple"},"acf":[],"yoast_head":"<!-- This site is optimized with the Yoast SEO plugin v27.3 - https:\/\/yoast.com\/product\/yoast-seo-wordpress\/ -->\n<title>RBMTX-VIPER - Elproma<\/title>\n<meta name=\"description\" content=\"router przemys\u0142owy, interfejsy Gigabit Ethernet, Worldwide LTE Cat. 4 modu\u0142y, oprogramowanie Linux OS z SDK, pasywne PoE, WiFi\/Bluetooth, \u0142atwe w u\u017cyciu narz\u0119dzia konfiguracyjne\" \/>\n<meta name=\"robots\" content=\"noindex, follow, max-snippet:-1, max-image-preview:large, max-video-preview:-1\" \/>\n<meta property=\"og:locale\" content=\"pl_PL\" \/>\n<meta property=\"og:type\" content=\"article\" \/>\n<meta property=\"og:title\" content=\"RBMTX-VIPER - Elproma\" \/>\n<meta property=\"og:description\" content=\"router przemys\u0142owy, interfejsy Gigabit Ethernet, Worldwide LTE Cat. 4 modu\u0142y, oprogramowanie Linux OS z SDK, pasywne PoE, WiFi\/Bluetooth, \u0142atwe w u\u017cyciu narz\u0119dzia konfiguracyjne\" \/>\n<meta property=\"og:url\" content=\"https:\/\/elpromagroup.wersjaprojektowa.pl\/pl\/produkt\/rbmtx-viper\/\" \/>\n<meta property=\"og:site_name\" content=\"Elproma\" \/>\n<meta property=\"og:image\" content=\"https:\/\/elpromagroup.wersjaprojektowa.pl\/wp-content\/uploads\/2023\/05\/1-wersja-do-internetu-1.jpg\" \/>\n\t<meta property=\"og:image:width\" content=\"2048\" \/>\n\t<meta property=\"og:image:height\" content=\"2048\" \/>\n\t<meta property=\"og:image:type\" content=\"image\/jpeg\" \/>\n<meta name=\"twitter:card\" content=\"summary_large_image\" \/>\n<script type=\"application\/ld+json\" class=\"yoast-schema-graph\">{\"@context\":\"https:\\\/\\\/schema.org\",\"@graph\":[{\"@type\":\"WebPage\",\"@id\":\"https:\\\/\\\/elpromagroup.wersjaprojektowa.pl\\\/pl\\\/produkt\\\/rbmtx-viper\\\/\",\"url\":\"https:\\\/\\\/elpromagroup.wersjaprojektowa.pl\\\/pl\\\/produkt\\\/rbmtx-viper\\\/\",\"name\":\"RBMTX-VIPER - Elproma\",\"isPartOf\":{\"@id\":\"https:\\\/\\\/elpromagroup.wersjaprojektowa.pl\\\/pl\\\/#website\"},\"primaryImageOfPage\":{\"@id\":\"https:\\\/\\\/elpromagroup.wersjaprojektowa.pl\\\/pl\\\/produkt\\\/rbmtx-viper\\\/#primaryimage\"},\"image\":{\"@id\":\"https:\\\/\\\/elpromagroup.wersjaprojektowa.pl\\\/pl\\\/produkt\\\/rbmtx-viper\\\/#primaryimage\"},\"thumbnailUrl\":\"https:\\\/\\\/elpromagroup.wersjaprojektowa.pl\\\/wp-content\\\/uploads\\\/2023\\\/05\\\/1-wersja-do-internetu-1.jpg\",\"datePublished\":\"2023-05-23T11:17:46+00:00\",\"description\":\"router przemys\u0142owy, interfejsy Gigabit Ethernet, Worldwide LTE Cat. 4 modu\u0142y, oprogramowanie Linux OS z SDK, pasywne PoE, WiFi\\\/Bluetooth, \u0142atwe w u\u017cyciu narz\u0119dzia konfiguracyjne\",\"breadcrumb\":{\"@id\":\"https:\\\/\\\/elpromagroup.wersjaprojektowa.pl\\\/pl\\\/produkt\\\/rbmtx-viper\\\/#breadcrumb\"},\"inLanguage\":\"pl-PL\",\"potentialAction\":[{\"@type\":\"ReadAction\",\"target\":[\"https:\\\/\\\/elpromagroup.wersjaprojektowa.pl\\\/pl\\\/produkt\\\/rbmtx-viper\\\/\"]}]},{\"@type\":\"ImageObject\",\"inLanguage\":\"pl-PL\",\"@id\":\"https:\\\/\\\/elpromagroup.wersjaprojektowa.pl\\\/pl\\\/produkt\\\/rbmtx-viper\\\/#primaryimage\",\"url\":\"https:\\\/\\\/elpromagroup.wersjaprojektowa.pl\\\/wp-content\\\/uploads\\\/2023\\\/05\\\/1-wersja-do-internetu-1.jpg\",\"contentUrl\":\"https:\\\/\\\/elpromagroup.wersjaprojektowa.pl\\\/wp-content\\\/uploads\\\/2023\\\/05\\\/1-wersja-do-internetu-1.jpg\",\"width\":1920,\"height\":1920,\"caption\":\"POWERFUL 4G INDUSTRIAL ROUTER\"},{\"@type\":\"BreadcrumbList\",\"@id\":\"https:\\\/\\\/elpromagroup.wersjaprojektowa.pl\\\/pl\\\/produkt\\\/rbmtx-viper\\\/#breadcrumb\",\"itemListElement\":[{\"@type\":\"ListItem\",\"position\":1,\"name\":\"Home\",\"item\":\"https:\\\/\\\/elpromagroup.wersjaprojektowa.pl\\\/pl\\\/strona-glowna\\\/\"},{\"@type\":\"ListItem\",\"position\":2,\"name\":\"Sklep\",\"item\":\"https:\\\/\\\/elpromagroup.wersjaprojektowa.pl\\\/pl\\\/sklep\\\/\"},{\"@type\":\"ListItem\",\"position\":3,\"name\":\"RBMTX-VIPER\"}]},{\"@type\":\"WebSite\",\"@id\":\"https:\\\/\\\/elpromagroup.wersjaprojektowa.pl\\\/pl\\\/#website\",\"url\":\"https:\\\/\\\/elpromagroup.wersjaprojektowa.pl\\\/pl\\\/\",\"name\":\"Elproma\",\"description\":\"\",\"potentialAction\":[{\"@type\":\"SearchAction\",\"target\":{\"@type\":\"EntryPoint\",\"urlTemplate\":\"https:\\\/\\\/elpromagroup.wersjaprojektowa.pl\\\/pl\\\/?s={search_term_string}\"},\"query-input\":{\"@type\":\"PropertyValueSpecification\",\"valueRequired\":true,\"valueName\":\"search_term_string\"}}],\"inLanguage\":\"pl-PL\"}]}<\/script>\n<!-- \/ Yoast SEO plugin. -->","yoast_head_json":{"title":"RBMTX-VIPER - Elproma","description":"router przemys\u0142owy, interfejsy Gigabit Ethernet, Worldwide LTE Cat. 4 modu\u0142y, oprogramowanie Linux OS z SDK, pasywne PoE, WiFi\/Bluetooth, \u0142atwe w u\u017cyciu narz\u0119dzia konfiguracyjne","robots":{"index":"noindex","follow":"follow","max-snippet":"max-snippet:-1","max-image-preview":"max-image-preview:large","max-video-preview":"max-video-preview:-1"},"og_locale":"pl_PL","og_type":"article","og_title":"RBMTX-VIPER - Elproma","og_description":"router przemys\u0142owy, interfejsy Gigabit Ethernet, Worldwide LTE Cat. 4 modu\u0142y, oprogramowanie Linux OS z SDK, pasywne PoE, WiFi\/Bluetooth, \u0142atwe w u\u017cyciu narz\u0119dzia konfiguracyjne","og_url":"https:\/\/elpromagroup.wersjaprojektowa.pl\/pl\/produkt\/rbmtx-viper\/","og_site_name":"Elproma","og_image":[{"width":2048,"height":2048,"url":"https:\/\/elpromagroup.wersjaprojektowa.pl\/wp-content\/uploads\/2023\/05\/1-wersja-do-internetu-1.jpg","type":"image\/jpeg"}],"twitter_card":"summary_large_image","schema":{"@context":"https:\/\/schema.org","@graph":[{"@type":"WebPage","@id":"https:\/\/elpromagroup.wersjaprojektowa.pl\/pl\/produkt\/rbmtx-viper\/","url":"https:\/\/elpromagroup.wersjaprojektowa.pl\/pl\/produkt\/rbmtx-viper\/","name":"RBMTX-VIPER - Elproma","isPartOf":{"@id":"https:\/\/elpromagroup.wersjaprojektowa.pl\/pl\/#website"},"primaryImageOfPage":{"@id":"https:\/\/elpromagroup.wersjaprojektowa.pl\/pl\/produkt\/rbmtx-viper\/#primaryimage"},"image":{"@id":"https:\/\/elpromagroup.wersjaprojektowa.pl\/pl\/produkt\/rbmtx-viper\/#primaryimage"},"thumbnailUrl":"https:\/\/elpromagroup.wersjaprojektowa.pl\/wp-content\/uploads\/2023\/05\/1-wersja-do-internetu-1.jpg","datePublished":"2023-05-23T11:17:46+00:00","description":"router przemys\u0142owy, interfejsy Gigabit Ethernet, Worldwide LTE Cat. 4 modu\u0142y, oprogramowanie Linux OS z SDK, pasywne PoE, WiFi\/Bluetooth, \u0142atwe w u\u017cyciu narz\u0119dzia konfiguracyjne","breadcrumb":{"@id":"https:\/\/elpromagroup.wersjaprojektowa.pl\/pl\/produkt\/rbmtx-viper\/#breadcrumb"},"inLanguage":"pl-PL","potentialAction":[{"@type":"ReadAction","target":["https:\/\/elpromagroup.wersjaprojektowa.pl\/pl\/produkt\/rbmtx-viper\/"]}]},{"@type":"ImageObject","inLanguage":"pl-PL","@id":"https:\/\/elpromagroup.wersjaprojektowa.pl\/pl\/produkt\/rbmtx-viper\/#primaryimage","url":"https:\/\/elpromagroup.wersjaprojektowa.pl\/wp-content\/uploads\/2023\/05\/1-wersja-do-internetu-1.jpg","contentUrl":"https:\/\/elpromagroup.wersjaprojektowa.pl\/wp-content\/uploads\/2023\/05\/1-wersja-do-internetu-1.jpg","width":1920,"height":1920,"caption":"POWERFUL 4G INDUSTRIAL ROUTER"},{"@type":"BreadcrumbList","@id":"https:\/\/elpromagroup.wersjaprojektowa.pl\/pl\/produkt\/rbmtx-viper\/#breadcrumb","itemListElement":[{"@type":"ListItem","position":1,"name":"Home","item":"https:\/\/elpromagroup.wersjaprojektowa.pl\/pl\/strona-glowna\/"},{"@type":"ListItem","position":2,"name":"Sklep","item":"https:\/\/elpromagroup.wersjaprojektowa.pl\/pl\/sklep\/"},{"@type":"ListItem","position":3,"name":"RBMTX-VIPER"}]},{"@type":"WebSite","@id":"https:\/\/elpromagroup.wersjaprojektowa.pl\/pl\/#website","url":"https:\/\/elpromagroup.wersjaprojektowa.pl\/pl\/","name":"Elproma","description":"","potentialAction":[{"@type":"SearchAction","target":{"@type":"EntryPoint","urlTemplate":"https:\/\/elpromagroup.wersjaprojektowa.pl\/pl\/?s={search_term_string}"},"query-input":{"@type":"PropertyValueSpecification","valueRequired":true,"valueName":"search_term_string"}}],"inLanguage":"pl-PL"}]}},"_links":{"self":[{"href":"https:\/\/elpromagroup.wersjaprojektowa.pl\/pl\/wp-json\/wp\/v2\/product\/4229","targetHints":{"allow":["GET"]}}],"collection":[{"href":"https:\/\/elpromagroup.wersjaprojektowa.pl\/pl\/wp-json\/wp\/v2\/product"}],"about":[{"href":"https:\/\/elpromagroup.wersjaprojektowa.pl\/pl\/wp-json\/wp\/v2\/types\/product"}],"version-history":[{"count":0,"href":"https:\/\/elpromagroup.wersjaprojektowa.pl\/pl\/wp-json\/wp\/v2\/product\/4229\/revisions"}],"wp:featuredmedia":[{"embeddable":true,"href":"https:\/\/elpromagroup.wersjaprojektowa.pl\/pl\/wp-json\/wp\/v2\/media\/3705"}],"wp:attachment":[{"href":"https:\/\/elpromagroup.wersjaprojektowa.pl\/pl\/wp-json\/wp\/v2\/media?parent=4229"}],"wp:term":[{"taxonomy":"component","embeddable":true,"href":"https:\/\/elpromagroup.wersjaprojektowa.pl\/pl\/wp-json\/wp\/v2\/component?post=4229"},{"taxonomy":"product_brand","embeddable":true,"href":"https:\/\/elpromagroup.wersjaprojektowa.pl\/pl\/wp-json\/wp\/v2\/product_brand?post=4229"},{"taxonomy":"product_cat","embeddable":true,"href":"https:\/\/elpromagroup.wersjaprojektowa.pl\/pl\/wp-json\/wp\/v2\/product_cat?post=4229"},{"taxonomy":"product_tag","embeddable":true,"href":"https:\/\/elpromagroup.wersjaprojektowa.pl\/pl\/wp-json\/wp\/v2\/product_tag?post=4229"}],"curies":[{"name":"wp","href":"https:\/\/api.w.org\/{rel}","templated":true}]}}