{"id":4228,"date":"2023-05-23T13:18:13","date_gmt":"2023-05-23T11:18:13","guid":{"rendered":"https:\/\/elpromagroup.wersjaprojektowa.pl\/product\/rb900sg\/"},"modified":"2023-05-23T13:18:13","modified_gmt":"2023-05-23T11:18:13","slug":"rb900sg","status":"publish","type":"product","link":"https:\/\/elpromagroup.wersjaprojektowa.pl\/pl\/produkt\/rb900sg\/","title":{"rendered":"RB900SG"},"content":{"rendered":"<p style=\"text-align: left;\"><strong>Terminal RB900SG<\/strong> jest kompletnym rozwi\u0105zaniem modemu 4G dla <strong>bezprzewodowych aplikacji M2M<\/strong>. Jest on oparty na wysokiej jako\u015bci module i oferuje  <strong>LTE Cat. 4, 3G i 2G<\/strong>  w kompaktowej obudowie z tworzywa sztucznego z <strong>interfejsami RS232\/RS485<\/strong>. Wraz z niewielkimi rozmiarami i szerokim zakresem napi\u0119cia zasilania, u\u0142atwia integracj\u0119 np. z licznikami energii. Modem RB900SG z komunikacj\u0105 SMS i TCP\/IP jest uniwersalnym rozwi\u0105zaniem dla komunikacji M2M i aplikacji mobilnych wykorzystywanych do przesy\u0142ania danych z urz\u0105dze\u0144 (licznik\u00f3w energii<strong> )<\/strong> pod\u0142\u0105czonych przez port szeregowy.<br \/>\nModem RB900SG z kart\u0105 SIM mo\u017ce by\u0107 sterowany i konfigurowany za pomoc\u0105 standardowych komend AT<strong>,<\/strong> programu<strong>Teleorigin<\/strong> Manager lub zdalnie. <strong>Modem RB900SG 4G<\/strong> jest jednym z najbardziej poszukiwanych produkt\u00f3w w naszej sieci dystrybucji Itron Polska.<\/p>\n","protected":false},"excerpt":{"rendered":"<p>Terminal RB900SG jest kompletnym rozwi\u0105zaniem modemu 4G dla bezprzewodowych aplikacji M2M. Jest on oparty na wysokiej jako\u015bci module i oferuje LTE Cat. 4, 3G i 2G w kompaktowej obudowie z tworzywa sztucznego z interfejsami RS232\/RS485. Wraz z niewielkimi rozmiarami i szerokim zakresem napi\u0119cia zasilania, u\u0142atwia integracj\u0119 np. z licznikami energii. Modem RB900SG z komunikacj\u0105 SMS i TCP\/IP jest uniwersalnym rozwi\u0105zaniem\u2026<\/p>\n","protected":false},"featured_media":3615,"template":"","meta":{"_acf_changed":false},"component":[],"product_brand":[],"product_cat":[223],"product_tag":[240,260,346,239,238,261,241],"class_list":{"0":"post-4228","1":"product","2":"type-product","3":"status-publish","4":"has-post-thumbnail","6":"product_cat-telemetry-pl","7":"product_tag-automatyczny-odczyt-licznikow","8":"product_tag-inteligentne-miasto","9":"product_tag-inteligentne-pomiary","10":"product_tag-licznik-energii","11":"product_tag-stacje-pogodowe","12":"product_tag-systemy-fotowoltaiczne","13":"product_tag-zaawansowana-infrastruktura-pomiarowa","15":"first","16":"instock","17":"downloadable","18":"shipping-taxable","19":"product-type-simple"},"acf":[],"yoast_head":"<!-- This site is optimized with the Yoast SEO plugin v27.3 - https:\/\/yoast.com\/product\/yoast-seo-wordpress\/ -->\n<title>RB900SG - Elproma<\/title>\n<meta name=\"robots\" content=\"noindex, follow, max-snippet:-1, max-image-preview:large, max-video-preview:-1\" \/>\n<meta property=\"og:locale\" content=\"pl_PL\" \/>\n<meta property=\"og:type\" content=\"article\" \/>\n<meta property=\"og:title\" content=\"RB900SG - Elproma\" \/>\n<meta property=\"og:description\" content=\"Terminal RB900SG jest kompletnym rozwi\u0105zaniem modemu 4G dla bezprzewodowych aplikacji M2M. Jest on oparty na wysokiej jako\u015bci module i oferuje LTE Cat. 4, 3G i 2G w kompaktowej obudowie z tworzywa sztucznego z interfejsami RS232\/RS485. Wraz z niewielkimi rozmiarami i szerokim zakresem napi\u0119cia zasilania, u\u0142atwia integracj\u0119 np. z licznikami energii. Modem RB900SG z komunikacj\u0105 SMS i TCP\/IP jest uniwersalnym rozwi\u0105zaniem\u2026\" \/>\n<meta property=\"og:url\" content=\"https:\/\/elpromagroup.wersjaprojektowa.pl\/pl\/produkt\/rb900sg\/\" \/>\n<meta property=\"og:site_name\" content=\"Elproma\" \/>\n<meta property=\"og:image\" content=\"https:\/\/elpromagroup.wersjaprojektowa.pl\/wp-content\/uploads\/2023\/05\/12-1.jpg\" \/>\n\t<meta property=\"og:image:width\" content=\"800\" \/>\n\t<meta property=\"og:image:height\" content=\"800\" \/>\n\t<meta property=\"og:image:type\" content=\"image\/jpeg\" \/>\n<meta name=\"twitter:card\" content=\"summary_large_image\" \/>\n<meta name=\"twitter:label1\" content=\"Szacowany czas czytania\" \/>\n\t<meta name=\"twitter:data1\" content=\"1 minuta\" \/>\n<script type=\"application\/ld+json\" class=\"yoast-schema-graph\">{\"@context\":\"https:\\\/\\\/schema.org\",\"@graph\":[{\"@type\":\"WebPage\",\"@id\":\"https:\\\/\\\/elpromagroup.wersjaprojektowa.pl\\\/pl\\\/produkt\\\/rb900sg\\\/\",\"url\":\"https:\\\/\\\/elpromagroup.wersjaprojektowa.pl\\\/pl\\\/produkt\\\/rb900sg\\\/\",\"name\":\"RB900SG - Elproma\",\"isPartOf\":{\"@id\":\"https:\\\/\\\/elpromagroup.wersjaprojektowa.pl\\\/pl\\\/#website\"},\"primaryImageOfPage\":{\"@id\":\"https:\\\/\\\/elpromagroup.wersjaprojektowa.pl\\\/pl\\\/produkt\\\/rb900sg\\\/#primaryimage\"},\"image\":{\"@id\":\"https:\\\/\\\/elpromagroup.wersjaprojektowa.pl\\\/pl\\\/produkt\\\/rb900sg\\\/#primaryimage\"},\"thumbnailUrl\":\"https:\\\/\\\/elpromagroup.wersjaprojektowa.pl\\\/wp-content\\\/uploads\\\/2023\\\/05\\\/12-1.jpg\",\"datePublished\":\"2023-05-23T11:18:13+00:00\",\"breadcrumb\":{\"@id\":\"https:\\\/\\\/elpromagroup.wersjaprojektowa.pl\\\/pl\\\/produkt\\\/rb900sg\\\/#breadcrumb\"},\"inLanguage\":\"pl-PL\",\"potentialAction\":[{\"@type\":\"ReadAction\",\"target\":[\"https:\\\/\\\/elpromagroup.wersjaprojektowa.pl\\\/pl\\\/produkt\\\/rb900sg\\\/\"]}]},{\"@type\":\"ImageObject\",\"inLanguage\":\"pl-PL\",\"@id\":\"https:\\\/\\\/elpromagroup.wersjaprojektowa.pl\\\/pl\\\/produkt\\\/rb900sg\\\/#primaryimage\",\"url\":\"https:\\\/\\\/elpromagroup.wersjaprojektowa.pl\\\/wp-content\\\/uploads\\\/2023\\\/05\\\/12-1.jpg\",\"contentUrl\":\"https:\\\/\\\/elpromagroup.wersjaprojektowa.pl\\\/wp-content\\\/uploads\\\/2023\\\/05\\\/12-1.jpg\",\"width\":800,\"height\":800},{\"@type\":\"BreadcrumbList\",\"@id\":\"https:\\\/\\\/elpromagroup.wersjaprojektowa.pl\\\/pl\\\/produkt\\\/rb900sg\\\/#breadcrumb\",\"itemListElement\":[{\"@type\":\"ListItem\",\"position\":1,\"name\":\"Home\",\"item\":\"https:\\\/\\\/elpromagroup.wersjaprojektowa.pl\\\/pl\\\/strona-glowna\\\/\"},{\"@type\":\"ListItem\",\"position\":2,\"name\":\"Sklep\",\"item\":\"https:\\\/\\\/elpromagroup.wersjaprojektowa.pl\\\/pl\\\/sklep\\\/\"},{\"@type\":\"ListItem\",\"position\":3,\"name\":\"RB900SG\"}]},{\"@type\":\"WebSite\",\"@id\":\"https:\\\/\\\/elpromagroup.wersjaprojektowa.pl\\\/pl\\\/#website\",\"url\":\"https:\\\/\\\/elpromagroup.wersjaprojektowa.pl\\\/pl\\\/\",\"name\":\"Elproma\",\"description\":\"\",\"potentialAction\":[{\"@type\":\"SearchAction\",\"target\":{\"@type\":\"EntryPoint\",\"urlTemplate\":\"https:\\\/\\\/elpromagroup.wersjaprojektowa.pl\\\/pl\\\/?s={search_term_string}\"},\"query-input\":{\"@type\":\"PropertyValueSpecification\",\"valueRequired\":true,\"valueName\":\"search_term_string\"}}],\"inLanguage\":\"pl-PL\"}]}<\/script>\n<!-- \/ Yoast SEO plugin. -->","yoast_head_json":{"title":"RB900SG - Elproma","robots":{"index":"noindex","follow":"follow","max-snippet":"max-snippet:-1","max-image-preview":"max-image-preview:large","max-video-preview":"max-video-preview:-1"},"og_locale":"pl_PL","og_type":"article","og_title":"RB900SG - Elproma","og_description":"Terminal RB900SG jest kompletnym rozwi\u0105zaniem modemu 4G dla bezprzewodowych aplikacji M2M. Jest on oparty na wysokiej jako\u015bci module i oferuje LTE Cat. 4, 3G i 2G w kompaktowej obudowie z tworzywa sztucznego z interfejsami RS232\/RS485. Wraz z niewielkimi rozmiarami i szerokim zakresem napi\u0119cia zasilania, u\u0142atwia integracj\u0119 np. z licznikami energii. Modem RB900SG z komunikacj\u0105 SMS i TCP\/IP jest uniwersalnym rozwi\u0105zaniem\u2026","og_url":"https:\/\/elpromagroup.wersjaprojektowa.pl\/pl\/produkt\/rb900sg\/","og_site_name":"Elproma","og_image":[{"width":800,"height":800,"url":"https:\/\/elpromagroup.wersjaprojektowa.pl\/wp-content\/uploads\/2023\/05\/12-1.jpg","type":"image\/jpeg"}],"twitter_card":"summary_large_image","twitter_misc":{"Szacowany czas czytania":"1 minuta"},"schema":{"@context":"https:\/\/schema.org","@graph":[{"@type":"WebPage","@id":"https:\/\/elpromagroup.wersjaprojektowa.pl\/pl\/produkt\/rb900sg\/","url":"https:\/\/elpromagroup.wersjaprojektowa.pl\/pl\/produkt\/rb900sg\/","name":"RB900SG - Elproma","isPartOf":{"@id":"https:\/\/elpromagroup.wersjaprojektowa.pl\/pl\/#website"},"primaryImageOfPage":{"@id":"https:\/\/elpromagroup.wersjaprojektowa.pl\/pl\/produkt\/rb900sg\/#primaryimage"},"image":{"@id":"https:\/\/elpromagroup.wersjaprojektowa.pl\/pl\/produkt\/rb900sg\/#primaryimage"},"thumbnailUrl":"https:\/\/elpromagroup.wersjaprojektowa.pl\/wp-content\/uploads\/2023\/05\/12-1.jpg","datePublished":"2023-05-23T11:18:13+00:00","breadcrumb":{"@id":"https:\/\/elpromagroup.wersjaprojektowa.pl\/pl\/produkt\/rb900sg\/#breadcrumb"},"inLanguage":"pl-PL","potentialAction":[{"@type":"ReadAction","target":["https:\/\/elpromagroup.wersjaprojektowa.pl\/pl\/produkt\/rb900sg\/"]}]},{"@type":"ImageObject","inLanguage":"pl-PL","@id":"https:\/\/elpromagroup.wersjaprojektowa.pl\/pl\/produkt\/rb900sg\/#primaryimage","url":"https:\/\/elpromagroup.wersjaprojektowa.pl\/wp-content\/uploads\/2023\/05\/12-1.jpg","contentUrl":"https:\/\/elpromagroup.wersjaprojektowa.pl\/wp-content\/uploads\/2023\/05\/12-1.jpg","width":800,"height":800},{"@type":"BreadcrumbList","@id":"https:\/\/elpromagroup.wersjaprojektowa.pl\/pl\/produkt\/rb900sg\/#breadcrumb","itemListElement":[{"@type":"ListItem","position":1,"name":"Home","item":"https:\/\/elpromagroup.wersjaprojektowa.pl\/pl\/strona-glowna\/"},{"@type":"ListItem","position":2,"name":"Sklep","item":"https:\/\/elpromagroup.wersjaprojektowa.pl\/pl\/sklep\/"},{"@type":"ListItem","position":3,"name":"RB900SG"}]},{"@type":"WebSite","@id":"https:\/\/elpromagroup.wersjaprojektowa.pl\/pl\/#website","url":"https:\/\/elpromagroup.wersjaprojektowa.pl\/pl\/","name":"Elproma","description":"","potentialAction":[{"@type":"SearchAction","target":{"@type":"EntryPoint","urlTemplate":"https:\/\/elpromagroup.wersjaprojektowa.pl\/pl\/?s={search_term_string}"},"query-input":{"@type":"PropertyValueSpecification","valueRequired":true,"valueName":"search_term_string"}}],"inLanguage":"pl-PL"}]}},"_links":{"self":[{"href":"https:\/\/elpromagroup.wersjaprojektowa.pl\/pl\/wp-json\/wp\/v2\/product\/4228","targetHints":{"allow":["GET"]}}],"collection":[{"href":"https:\/\/elpromagroup.wersjaprojektowa.pl\/pl\/wp-json\/wp\/v2\/product"}],"about":[{"href":"https:\/\/elpromagroup.wersjaprojektowa.pl\/pl\/wp-json\/wp\/v2\/types\/product"}],"version-history":[{"count":0,"href":"https:\/\/elpromagroup.wersjaprojektowa.pl\/pl\/wp-json\/wp\/v2\/product\/4228\/revisions"}],"wp:featuredmedia":[{"embeddable":true,"href":"https:\/\/elpromagroup.wersjaprojektowa.pl\/pl\/wp-json\/wp\/v2\/media\/3615"}],"wp:attachment":[{"href":"https:\/\/elpromagroup.wersjaprojektowa.pl\/pl\/wp-json\/wp\/v2\/media?parent=4228"}],"wp:term":[{"taxonomy":"component","embeddable":true,"href":"https:\/\/elpromagroup.wersjaprojektowa.pl\/pl\/wp-json\/wp\/v2\/component?post=4228"},{"taxonomy":"product_brand","embeddable":true,"href":"https:\/\/elpromagroup.wersjaprojektowa.pl\/pl\/wp-json\/wp\/v2\/product_brand?post=4228"},{"taxonomy":"product_cat","embeddable":true,"href":"https:\/\/elpromagroup.wersjaprojektowa.pl\/pl\/wp-json\/wp\/v2\/product_cat?post=4228"},{"taxonomy":"product_tag","embeddable":true,"href":"https:\/\/elpromagroup.wersjaprojektowa.pl\/pl\/wp-json\/wp\/v2\/product_tag?post=4228"}],"curies":[{"name":"wp","href":"https:\/\/api.w.org\/{rel}","templated":true}]}}