{"id":4227,"date":"2023-05-23T13:18:35","date_gmt":"2023-05-23T11:18:35","guid":{"rendered":"https:\/\/elpromagroup.wersjaprojektowa.pl\/product\/rbmtx-lite-4g\/"},"modified":"2023-05-23T13:18:35","modified_gmt":"2023-05-23T11:18:35","slug":"rbmtx-lite-4g","status":"publish","type":"product","link":"https:\/\/elpromagroup.wersjaprojektowa.pl\/pl\/produkt\/rbmtx-lite-4g\/","title":{"rendered":"RBMTX-LITE 4G"},"content":{"rendered":"<p><strong>RBMTX-LITE 4G<\/strong> to niedrogi, bardzo <strong>ma\u0142y router<\/strong> przeznaczony do bezprzewodowych zastosowa\u0144 m2m. Jest to kompaktowe urz\u0105dzenie obs\u0142uguj\u0105ce modem 4G B1\/B3\/B7\/B8\/B20@LTE, 900\/2100MHz@UMTS i 900\/1800@GSM, Dual SIM, MIMO*, sieci Ethernet, interfejsy RS232, RS485 i USB.<\/p>\n<p>Router przeznaczony jest dla u\u017cytkownik\u00f3w poszukuj\u0105cych <strong>\u0142atwego i niezawodnego mobilnego dost\u0119pu do Internetu<\/strong>. Po\u0142\u0105czenie internetowe jest \u0142atwo dost\u0119pne i konfigurowalne za po\u015brednictwem przegl\u0105darki internetowej bez konieczno\u015bci instalowania oprogramowania lub sterownik\u00f3w do urz\u0105dzenia.<\/p>\n<p>RBMTX-LITE 4G to <strong>uniwersalne rozwi\u0105zanie<\/strong> dla wszystkich niskonak\u0142adowych aplikacji M2M\/(I)IoT i mobilnych aplikacji danych, w tym pomiar\u00f3w, system\u00f3w ruchu, transportu i logistyki, bezpiecze\u0144stwa, automat\u00f3w sprzedaj\u0105cych i zarz\u0105dzania obiektami.<\/p>\n","protected":false},"excerpt":{"rendered":"<p>RBMTX-LITE 4G to niedrogi, bardzo ma\u0142y router przeznaczony do bezprzewodowych zastosowa\u0144 m2m. Jest to kompaktowe urz\u0105dzenie obs\u0142uguj\u0105ce modem 4G B1\/B3\/B7\/B8\/B20@LTE, 900\/2100MHz@UMTS i 900\/1800@GSM, Dual SIM, MIMO*, sieci Ethernet, interfejsy RS232, RS485 i USB. Router przeznaczony jest dla u\u017cytkownik\u00f3w poszukuj\u0105cych \u0142atwego i niezawodnego mobilnego dost\u0119pu do Internetu. Po\u0142\u0105czenie internetowe jest \u0142atwo dost\u0119pne i konfigurowalne za po\u015brednictwem przegl\u0105darki internetowej bez konieczno\u015bci instalowania\u2026<\/p>\n","protected":false},"featured_media":3611,"template":"","meta":{"_acf_changed":false},"component":[],"product_brand":[],"product_cat":[223],"product_tag":[286,344,259,345,342,336,343],"class_list":{"0":"post-4227","1":"product","2":"type-product","3":"status-publish","4":"has-post-thumbnail","6":"product_cat-telemetry-pl","7":"product_tag-automat-biletowy","8":"product_tag-infokiosk-pl","9":"product_tag-informacje-drogowe","10":"product_tag-inteligentny-dworzec-autobusowy","11":"product_tag-inteligentny-transport-miejski","12":"product_tag-systemy-bezpieczenstwa-cctv","13":"product_tag-systemy-fotowoltaiczne-pl","15":"first","16":"instock","17":"downloadable","18":"shipping-taxable","19":"product-type-simple"},"acf":[],"yoast_head":"<!-- This site is optimized with the Yoast SEO plugin v27.3 - https:\/\/yoast.com\/product\/yoast-seo-wordpress\/ -->\n<title>RBMTX-LITE 4G - Elproma<\/title>\n<meta name=\"description\" content=\"niedrogi, bardzo ma\u0142y router 4G, dwie karty SIM, MIMO*, sieci Ethernet, interfejsy RS232, RS485 i USB, rozwi\u0105zanie plug&#039;n&#039;play, \u0142atwy i niezawodny mobilny dost\u0119p do Internetu\" \/>\n<meta name=\"robots\" content=\"noindex, follow, max-snippet:-1, max-image-preview:large, max-video-preview:-1\" \/>\n<meta property=\"og:locale\" content=\"pl_PL\" \/>\n<meta property=\"og:type\" content=\"article\" \/>\n<meta property=\"og:title\" content=\"RBMTX-LITE 4G - Elproma\" \/>\n<meta property=\"og:description\" content=\"niedrogi, bardzo ma\u0142y router 4G, dwie karty SIM, MIMO*, sieci Ethernet, interfejsy RS232, RS485 i USB, rozwi\u0105zanie plug&#039;n&#039;play, \u0142atwy i niezawodny mobilny dost\u0119p do Internetu\" \/>\n<meta property=\"og:url\" content=\"https:\/\/elpromagroup.wersjaprojektowa.pl\/pl\/produkt\/rbmtx-lite-4g\/\" \/>\n<meta property=\"og:site_name\" content=\"Elproma\" \/>\n<meta property=\"og:image\" content=\"https:\/\/elpromagroup.wersjaprojektowa.pl\/wp-content\/uploads\/2023\/05\/rbmtx-lite-4g.jpg\" \/>\n\t<meta property=\"og:image:width\" content=\"800\" \/>\n\t<meta property=\"og:image:height\" content=\"800\" \/>\n\t<meta property=\"og:image:type\" content=\"image\/jpeg\" \/>\n<meta name=\"twitter:card\" content=\"summary_large_image\" \/>\n<meta name=\"twitter:label1\" content=\"Szacowany czas czytania\" \/>\n\t<meta name=\"twitter:data1\" content=\"1 minuta\" \/>\n<script type=\"application\/ld+json\" class=\"yoast-schema-graph\">{\"@context\":\"https:\\\/\\\/schema.org\",\"@graph\":[{\"@type\":\"WebPage\",\"@id\":\"https:\\\/\\\/elpromagroup.wersjaprojektowa.pl\\\/pl\\\/produkt\\\/rbmtx-lite-4g\\\/\",\"url\":\"https:\\\/\\\/elpromagroup.wersjaprojektowa.pl\\\/pl\\\/produkt\\\/rbmtx-lite-4g\\\/\",\"name\":\"RBMTX-LITE 4G - Elproma\",\"isPartOf\":{\"@id\":\"https:\\\/\\\/elpromagroup.wersjaprojektowa.pl\\\/pl\\\/#website\"},\"primaryImageOfPage\":{\"@id\":\"https:\\\/\\\/elpromagroup.wersjaprojektowa.pl\\\/pl\\\/produkt\\\/rbmtx-lite-4g\\\/#primaryimage\"},\"image\":{\"@id\":\"https:\\\/\\\/elpromagroup.wersjaprojektowa.pl\\\/pl\\\/produkt\\\/rbmtx-lite-4g\\\/#primaryimage\"},\"thumbnailUrl\":\"https:\\\/\\\/elpromagroup.wersjaprojektowa.pl\\\/wp-content\\\/uploads\\\/2023\\\/05\\\/rbmtx-lite-4g.jpg\",\"datePublished\":\"2023-05-23T11:18:35+00:00\",\"description\":\"niedrogi, bardzo ma\u0142y router 4G, dwie karty SIM, MIMO*, sieci Ethernet, interfejsy RS232, RS485 i USB, rozwi\u0105zanie plug'n'play, \u0142atwy i niezawodny mobilny dost\u0119p do Internetu\",\"breadcrumb\":{\"@id\":\"https:\\\/\\\/elpromagroup.wersjaprojektowa.pl\\\/pl\\\/produkt\\\/rbmtx-lite-4g\\\/#breadcrumb\"},\"inLanguage\":\"pl-PL\",\"potentialAction\":[{\"@type\":\"ReadAction\",\"target\":[\"https:\\\/\\\/elpromagroup.wersjaprojektowa.pl\\\/pl\\\/produkt\\\/rbmtx-lite-4g\\\/\"]}]},{\"@type\":\"ImageObject\",\"inLanguage\":\"pl-PL\",\"@id\":\"https:\\\/\\\/elpromagroup.wersjaprojektowa.pl\\\/pl\\\/produkt\\\/rbmtx-lite-4g\\\/#primaryimage\",\"url\":\"https:\\\/\\\/elpromagroup.wersjaprojektowa.pl\\\/wp-content\\\/uploads\\\/2023\\\/05\\\/rbmtx-lite-4g.jpg\",\"contentUrl\":\"https:\\\/\\\/elpromagroup.wersjaprojektowa.pl\\\/wp-content\\\/uploads\\\/2023\\\/05\\\/rbmtx-lite-4g.jpg\",\"width\":800,\"height\":800,\"caption\":\"THE SMALLEST LOW COST 2G\\\/3G\\\/4G ROUTER\"},{\"@type\":\"BreadcrumbList\",\"@id\":\"https:\\\/\\\/elpromagroup.wersjaprojektowa.pl\\\/pl\\\/produkt\\\/rbmtx-lite-4g\\\/#breadcrumb\",\"itemListElement\":[{\"@type\":\"ListItem\",\"position\":1,\"name\":\"Home\",\"item\":\"https:\\\/\\\/elpromagroup.wersjaprojektowa.pl\\\/pl\\\/strona-glowna\\\/\"},{\"@type\":\"ListItem\",\"position\":2,\"name\":\"Sklep\",\"item\":\"https:\\\/\\\/elpromagroup.wersjaprojektowa.pl\\\/pl\\\/sklep\\\/\"},{\"@type\":\"ListItem\",\"position\":3,\"name\":\"RBMTX-LITE 4G\"}]},{\"@type\":\"WebSite\",\"@id\":\"https:\\\/\\\/elpromagroup.wersjaprojektowa.pl\\\/pl\\\/#website\",\"url\":\"https:\\\/\\\/elpromagroup.wersjaprojektowa.pl\\\/pl\\\/\",\"name\":\"Elproma\",\"description\":\"\",\"potentialAction\":[{\"@type\":\"SearchAction\",\"target\":{\"@type\":\"EntryPoint\",\"urlTemplate\":\"https:\\\/\\\/elpromagroup.wersjaprojektowa.pl\\\/pl\\\/?s={search_term_string}\"},\"query-input\":{\"@type\":\"PropertyValueSpecification\",\"valueRequired\":true,\"valueName\":\"search_term_string\"}}],\"inLanguage\":\"pl-PL\"}]}<\/script>\n<!-- \/ Yoast SEO plugin. -->","yoast_head_json":{"title":"RBMTX-LITE 4G - Elproma","description":"niedrogi, bardzo ma\u0142y router 4G, dwie karty SIM, MIMO*, sieci Ethernet, interfejsy RS232, RS485 i USB, rozwi\u0105zanie plug'n'play, \u0142atwy i niezawodny mobilny dost\u0119p do Internetu","robots":{"index":"noindex","follow":"follow","max-snippet":"max-snippet:-1","max-image-preview":"max-image-preview:large","max-video-preview":"max-video-preview:-1"},"og_locale":"pl_PL","og_type":"article","og_title":"RBMTX-LITE 4G - Elproma","og_description":"niedrogi, bardzo ma\u0142y router 4G, dwie karty SIM, MIMO*, sieci Ethernet, interfejsy RS232, RS485 i USB, rozwi\u0105zanie plug'n'play, \u0142atwy i niezawodny mobilny dost\u0119p do Internetu","og_url":"https:\/\/elpromagroup.wersjaprojektowa.pl\/pl\/produkt\/rbmtx-lite-4g\/","og_site_name":"Elproma","og_image":[{"width":800,"height":800,"url":"https:\/\/elpromagroup.wersjaprojektowa.pl\/wp-content\/uploads\/2023\/05\/rbmtx-lite-4g.jpg","type":"image\/jpeg"}],"twitter_card":"summary_large_image","twitter_misc":{"Szacowany czas czytania":"1 minuta"},"schema":{"@context":"https:\/\/schema.org","@graph":[{"@type":"WebPage","@id":"https:\/\/elpromagroup.wersjaprojektowa.pl\/pl\/produkt\/rbmtx-lite-4g\/","url":"https:\/\/elpromagroup.wersjaprojektowa.pl\/pl\/produkt\/rbmtx-lite-4g\/","name":"RBMTX-LITE 4G - Elproma","isPartOf":{"@id":"https:\/\/elpromagroup.wersjaprojektowa.pl\/pl\/#website"},"primaryImageOfPage":{"@id":"https:\/\/elpromagroup.wersjaprojektowa.pl\/pl\/produkt\/rbmtx-lite-4g\/#primaryimage"},"image":{"@id":"https:\/\/elpromagroup.wersjaprojektowa.pl\/pl\/produkt\/rbmtx-lite-4g\/#primaryimage"},"thumbnailUrl":"https:\/\/elpromagroup.wersjaprojektowa.pl\/wp-content\/uploads\/2023\/05\/rbmtx-lite-4g.jpg","datePublished":"2023-05-23T11:18:35+00:00","description":"niedrogi, bardzo ma\u0142y router 4G, dwie karty SIM, MIMO*, sieci Ethernet, interfejsy RS232, RS485 i USB, rozwi\u0105zanie plug'n'play, \u0142atwy i niezawodny mobilny dost\u0119p do Internetu","breadcrumb":{"@id":"https:\/\/elpromagroup.wersjaprojektowa.pl\/pl\/produkt\/rbmtx-lite-4g\/#breadcrumb"},"inLanguage":"pl-PL","potentialAction":[{"@type":"ReadAction","target":["https:\/\/elpromagroup.wersjaprojektowa.pl\/pl\/produkt\/rbmtx-lite-4g\/"]}]},{"@type":"ImageObject","inLanguage":"pl-PL","@id":"https:\/\/elpromagroup.wersjaprojektowa.pl\/pl\/produkt\/rbmtx-lite-4g\/#primaryimage","url":"https:\/\/elpromagroup.wersjaprojektowa.pl\/wp-content\/uploads\/2023\/05\/rbmtx-lite-4g.jpg","contentUrl":"https:\/\/elpromagroup.wersjaprojektowa.pl\/wp-content\/uploads\/2023\/05\/rbmtx-lite-4g.jpg","width":800,"height":800,"caption":"THE SMALLEST LOW COST 2G\/3G\/4G ROUTER"},{"@type":"BreadcrumbList","@id":"https:\/\/elpromagroup.wersjaprojektowa.pl\/pl\/produkt\/rbmtx-lite-4g\/#breadcrumb","itemListElement":[{"@type":"ListItem","position":1,"name":"Home","item":"https:\/\/elpromagroup.wersjaprojektowa.pl\/pl\/strona-glowna\/"},{"@type":"ListItem","position":2,"name":"Sklep","item":"https:\/\/elpromagroup.wersjaprojektowa.pl\/pl\/sklep\/"},{"@type":"ListItem","position":3,"name":"RBMTX-LITE 4G"}]},{"@type":"WebSite","@id":"https:\/\/elpromagroup.wersjaprojektowa.pl\/pl\/#website","url":"https:\/\/elpromagroup.wersjaprojektowa.pl\/pl\/","name":"Elproma","description":"","potentialAction":[{"@type":"SearchAction","target":{"@type":"EntryPoint","urlTemplate":"https:\/\/elpromagroup.wersjaprojektowa.pl\/pl\/?s={search_term_string}"},"query-input":{"@type":"PropertyValueSpecification","valueRequired":true,"valueName":"search_term_string"}}],"inLanguage":"pl-PL"}]}},"_links":{"self":[{"href":"https:\/\/elpromagroup.wersjaprojektowa.pl\/pl\/wp-json\/wp\/v2\/product\/4227","targetHints":{"allow":["GET"]}}],"collection":[{"href":"https:\/\/elpromagroup.wersjaprojektowa.pl\/pl\/wp-json\/wp\/v2\/product"}],"about":[{"href":"https:\/\/elpromagroup.wersjaprojektowa.pl\/pl\/wp-json\/wp\/v2\/types\/product"}],"version-history":[{"count":0,"href":"https:\/\/elpromagroup.wersjaprojektowa.pl\/pl\/wp-json\/wp\/v2\/product\/4227\/revisions"}],"wp:featuredmedia":[{"embeddable":true,"href":"https:\/\/elpromagroup.wersjaprojektowa.pl\/pl\/wp-json\/wp\/v2\/media\/3611"}],"wp:attachment":[{"href":"https:\/\/elpromagroup.wersjaprojektowa.pl\/pl\/wp-json\/wp\/v2\/media?parent=4227"}],"wp:term":[{"taxonomy":"component","embeddable":true,"href":"https:\/\/elpromagroup.wersjaprojektowa.pl\/pl\/wp-json\/wp\/v2\/component?post=4227"},{"taxonomy":"product_brand","embeddable":true,"href":"https:\/\/elpromagroup.wersjaprojektowa.pl\/pl\/wp-json\/wp\/v2\/product_brand?post=4227"},{"taxonomy":"product_cat","embeddable":true,"href":"https:\/\/elpromagroup.wersjaprojektowa.pl\/pl\/wp-json\/wp\/v2\/product_cat?post=4227"},{"taxonomy":"product_tag","embeddable":true,"href":"https:\/\/elpromagroup.wersjaprojektowa.pl\/pl\/wp-json\/wp\/v2\/product_tag?post=4227"}],"curies":[{"name":"wp","href":"https:\/\/api.w.org\/{rel}","templated":true}]}}