{"id":4224,"date":"2023-05-23T13:19:23","date_gmt":"2023-05-23T11:19:23","guid":{"rendered":"https:\/\/elpromagroup.wersjaprojektowa.pl\/product\/rb800\/"},"modified":"2023-05-23T13:19:23","modified_gmt":"2023-05-23T11:19:23","slug":"rb800","status":"publish","type":"product","link":"https:\/\/elpromagroup.wersjaprojektowa.pl\/pl\/produkt\/rb800\/","title":{"rendered":"RB800"},"content":{"rendered":"<p>Seria <strong>terminali RB800<\/strong> to kompletne rozwi\u0105zanie modemowe dla bezprzewodowych aplikacji m2m. Oparty na wysokiej jako\u015bci module, jest dost\u0119pny w wersji DUAL lub QUAD band i oferuje <strong>wysoki poziom<\/strong> funkcji <strong>GSM \/ GPRS<\/strong> w kompaktowej aluminiowej obudowie ze wszystkimi standardowymi interfejsami i opcjonalnie GPIO, kart\u0105 pami\u0119ci SD, zapasow\u0105 bateri\u0105 lub opcj\u0105 dual SIM. Wraz z niewielkimi rozmiarami i szerokim zakresem napi\u0119cia zasilania, u\u0142atwia integracj\u0119 z wszelkiego rodzaju maszynami.<\/p>\n<p>Seria modem\u00f3w RB800 umo\u017cliwiaj\u0105ca transmisj\u0119 danych, SMS i komunikacj\u0119 TCP\/IP jest <strong>uniwersalnym rozwi\u0105zaniem dla wszystkich niskonak\u0142adowych aplikacji M2M i mobilnej transmisji danych<\/strong>, w tym pomiar\u00f3w, system\u00f3w ruchu, transportu i logistyki, bezpiecze\u0144stwa, automat\u00f3w sprzedaj\u0105cych i zarz\u0105dzania obiektami.<\/p>\n<p>Urz\u0105dzenie mo\u017ce by\u0107 <strong>sterowane za pomoc\u0105 standardowych komend AT lub<\/strong> wewn\u0119trznej <strong>aplikacji klienta<\/strong> (wbudowany interpreter skrypt\u00f3w Python i j\u0119zyk &#8222;C&#8221;), co czyni go najmniejsz\u0105, kompletn\u0105 platform\u0105 SMT dla rozwi\u0105za\u0144 M2M.<\/p>\n","protected":false},"excerpt":{"rendered":"<p>Seria terminali RB800 to kompletne rozwi\u0105zanie modemowe dla bezprzewodowych aplikacji m2m. Oparty na wysokiej jako\u015bci module, jest dost\u0119pny w wersji DUAL lub QUAD band i oferuje wysoki poziom funkcji GSM \/ GPRS w kompaktowej aluminiowej obudowie ze wszystkimi standardowymi interfejsami i opcjonalnie GPIO, kart\u0105 pami\u0119ci SD, zapasow\u0105 bateri\u0105 lub opcj\u0105 dual SIM. Wraz z niewielkimi rozmiarami i szerokim zakresem napi\u0119cia\u2026<\/p>\n","protected":false},"featured_media":3613,"template":"","meta":{"_acf_changed":false},"component":[],"product_brand":[],"product_cat":[223],"product_tag":[265,263,238,270,264],"class_list":{"0":"post-4224","1":"product","2":"type-product","3":"status-publish","4":"has-post-thumbnail","6":"product_cat-telemetry-pl","7":"product_tag-elektromechanika","8":"product_tag-rolnictwo","9":"product_tag-stacje-pogodowe","10":"product_tag-sterownik-plc","11":"product_tag-teleinformatyka","13":"first","14":"instock","15":"downloadable","16":"shipping-taxable","17":"product-type-simple"},"acf":[],"yoast_head":"<!-- This site is optimized with the Yoast SEO plugin v27.3 - https:\/\/yoast.com\/product\/yoast-seo-wordpress\/ -->\n<title>RB800 - Elproma<\/title>\n<meta name=\"description\" content=\"Programowalny terminal 2G, wysokopoziomowy modu\u0142 GSM\/GPRS, sterowany standardowymi komendami AT lub aplikacj\u0105, umo\u017cliwiaj\u0105cy transmisj\u0119 danych, SMS i komunikacj\u0119 TCP\/IP.\" \/>\n<meta name=\"robots\" content=\"noindex, follow, max-snippet:-1, max-image-preview:large, max-video-preview:-1\" \/>\n<meta property=\"og:locale\" content=\"pl_PL\" \/>\n<meta property=\"og:type\" content=\"article\" \/>\n<meta property=\"og:title\" content=\"RB800 - Elproma\" \/>\n<meta property=\"og:description\" content=\"Programowalny terminal 2G, wysokopoziomowy modu\u0142 GSM\/GPRS, sterowany standardowymi komendami AT lub aplikacj\u0105, umo\u017cliwiaj\u0105cy transmisj\u0119 danych, SMS i komunikacj\u0119 TCP\/IP.\" \/>\n<meta property=\"og:url\" content=\"https:\/\/elpromagroup.wersjaprojektowa.pl\/pl\/produkt\/rb800\/\" \/>\n<meta property=\"og:site_name\" content=\"Elproma\" \/>\n<meta property=\"og:image\" content=\"https:\/\/elpromagroup.wersjaprojektowa.pl\/wp-content\/uploads\/2023\/05\/rb800-1.jpg\" \/>\n\t<meta property=\"og:image:width\" content=\"800\" \/>\n\t<meta property=\"og:image:height\" content=\"800\" \/>\n\t<meta property=\"og:image:type\" content=\"image\/jpeg\" \/>\n<meta name=\"twitter:card\" content=\"summary_large_image\" \/>\n<meta name=\"twitter:label1\" content=\"Szacowany czas czytania\" \/>\n\t<meta name=\"twitter:data1\" content=\"1 minuta\" \/>\n<script type=\"application\/ld+json\" class=\"yoast-schema-graph\">{\"@context\":\"https:\\\/\\\/schema.org\",\"@graph\":[{\"@type\":\"WebPage\",\"@id\":\"https:\\\/\\\/elpromagroup.wersjaprojektowa.pl\\\/pl\\\/produkt\\\/rb800\\\/\",\"url\":\"https:\\\/\\\/elpromagroup.wersjaprojektowa.pl\\\/pl\\\/produkt\\\/rb800\\\/\",\"name\":\"RB800 - Elproma\",\"isPartOf\":{\"@id\":\"https:\\\/\\\/elpromagroup.wersjaprojektowa.pl\\\/pl\\\/#website\"},\"primaryImageOfPage\":{\"@id\":\"https:\\\/\\\/elpromagroup.wersjaprojektowa.pl\\\/pl\\\/produkt\\\/rb800\\\/#primaryimage\"},\"image\":{\"@id\":\"https:\\\/\\\/elpromagroup.wersjaprojektowa.pl\\\/pl\\\/produkt\\\/rb800\\\/#primaryimage\"},\"thumbnailUrl\":\"https:\\\/\\\/elpromagroup.wersjaprojektowa.pl\\\/wp-content\\\/uploads\\\/2023\\\/05\\\/rb800-1.jpg\",\"datePublished\":\"2023-05-23T11:19:23+00:00\",\"description\":\"Programowalny terminal 2G, wysokopoziomowy modu\u0142 GSM\\\/GPRS, sterowany standardowymi komendami AT lub aplikacj\u0105, umo\u017cliwiaj\u0105cy transmisj\u0119 danych, SMS i komunikacj\u0119 TCP\\\/IP.\",\"breadcrumb\":{\"@id\":\"https:\\\/\\\/elpromagroup.wersjaprojektowa.pl\\\/pl\\\/produkt\\\/rb800\\\/#breadcrumb\"},\"inLanguage\":\"pl-PL\",\"potentialAction\":[{\"@type\":\"ReadAction\",\"target\":[\"https:\\\/\\\/elpromagroup.wersjaprojektowa.pl\\\/pl\\\/produkt\\\/rb800\\\/\"]}]},{\"@type\":\"ImageObject\",\"inLanguage\":\"pl-PL\",\"@id\":\"https:\\\/\\\/elpromagroup.wersjaprojektowa.pl\\\/pl\\\/produkt\\\/rb800\\\/#primaryimage\",\"url\":\"https:\\\/\\\/elpromagroup.wersjaprojektowa.pl\\\/wp-content\\\/uploads\\\/2023\\\/05\\\/rb800-1.jpg\",\"contentUrl\":\"https:\\\/\\\/elpromagroup.wersjaprojektowa.pl\\\/wp-content\\\/uploads\\\/2023\\\/05\\\/rb800-1.jpg\",\"width\":800,\"height\":800,\"caption\":\"PROGRAMMABLE, LOW COST 2G TERMINAL\"},{\"@type\":\"BreadcrumbList\",\"@id\":\"https:\\\/\\\/elpromagroup.wersjaprojektowa.pl\\\/pl\\\/produkt\\\/rb800\\\/#breadcrumb\",\"itemListElement\":[{\"@type\":\"ListItem\",\"position\":1,\"name\":\"Home\",\"item\":\"https:\\\/\\\/elpromagroup.wersjaprojektowa.pl\\\/pl\\\/strona-glowna\\\/\"},{\"@type\":\"ListItem\",\"position\":2,\"name\":\"Sklep\",\"item\":\"https:\\\/\\\/elpromagroup.wersjaprojektowa.pl\\\/pl\\\/sklep\\\/\"},{\"@type\":\"ListItem\",\"position\":3,\"name\":\"RB800\"}]},{\"@type\":\"WebSite\",\"@id\":\"https:\\\/\\\/elpromagroup.wersjaprojektowa.pl\\\/pl\\\/#website\",\"url\":\"https:\\\/\\\/elpromagroup.wersjaprojektowa.pl\\\/pl\\\/\",\"name\":\"Elproma\",\"description\":\"\",\"potentialAction\":[{\"@type\":\"SearchAction\",\"target\":{\"@type\":\"EntryPoint\",\"urlTemplate\":\"https:\\\/\\\/elpromagroup.wersjaprojektowa.pl\\\/pl\\\/?s={search_term_string}\"},\"query-input\":{\"@type\":\"PropertyValueSpecification\",\"valueRequired\":true,\"valueName\":\"search_term_string\"}}],\"inLanguage\":\"pl-PL\"}]}<\/script>\n<!-- \/ Yoast SEO plugin. -->","yoast_head_json":{"title":"RB800 - Elproma","description":"Programowalny terminal 2G, wysokopoziomowy modu\u0142 GSM\/GPRS, sterowany standardowymi komendami AT lub aplikacj\u0105, umo\u017cliwiaj\u0105cy transmisj\u0119 danych, SMS i komunikacj\u0119 TCP\/IP.","robots":{"index":"noindex","follow":"follow","max-snippet":"max-snippet:-1","max-image-preview":"max-image-preview:large","max-video-preview":"max-video-preview:-1"},"og_locale":"pl_PL","og_type":"article","og_title":"RB800 - Elproma","og_description":"Programowalny terminal 2G, wysokopoziomowy modu\u0142 GSM\/GPRS, sterowany standardowymi komendami AT lub aplikacj\u0105, umo\u017cliwiaj\u0105cy transmisj\u0119 danych, SMS i komunikacj\u0119 TCP\/IP.","og_url":"https:\/\/elpromagroup.wersjaprojektowa.pl\/pl\/produkt\/rb800\/","og_site_name":"Elproma","og_image":[{"width":800,"height":800,"url":"https:\/\/elpromagroup.wersjaprojektowa.pl\/wp-content\/uploads\/2023\/05\/rb800-1.jpg","type":"image\/jpeg"}],"twitter_card":"summary_large_image","twitter_misc":{"Szacowany czas czytania":"1 minuta"},"schema":{"@context":"https:\/\/schema.org","@graph":[{"@type":"WebPage","@id":"https:\/\/elpromagroup.wersjaprojektowa.pl\/pl\/produkt\/rb800\/","url":"https:\/\/elpromagroup.wersjaprojektowa.pl\/pl\/produkt\/rb800\/","name":"RB800 - Elproma","isPartOf":{"@id":"https:\/\/elpromagroup.wersjaprojektowa.pl\/pl\/#website"},"primaryImageOfPage":{"@id":"https:\/\/elpromagroup.wersjaprojektowa.pl\/pl\/produkt\/rb800\/#primaryimage"},"image":{"@id":"https:\/\/elpromagroup.wersjaprojektowa.pl\/pl\/produkt\/rb800\/#primaryimage"},"thumbnailUrl":"https:\/\/elpromagroup.wersjaprojektowa.pl\/wp-content\/uploads\/2023\/05\/rb800-1.jpg","datePublished":"2023-05-23T11:19:23+00:00","description":"Programowalny terminal 2G, wysokopoziomowy modu\u0142 GSM\/GPRS, sterowany standardowymi komendami AT lub aplikacj\u0105, umo\u017cliwiaj\u0105cy transmisj\u0119 danych, SMS i komunikacj\u0119 TCP\/IP.","breadcrumb":{"@id":"https:\/\/elpromagroup.wersjaprojektowa.pl\/pl\/produkt\/rb800\/#breadcrumb"},"inLanguage":"pl-PL","potentialAction":[{"@type":"ReadAction","target":["https:\/\/elpromagroup.wersjaprojektowa.pl\/pl\/produkt\/rb800\/"]}]},{"@type":"ImageObject","inLanguage":"pl-PL","@id":"https:\/\/elpromagroup.wersjaprojektowa.pl\/pl\/produkt\/rb800\/#primaryimage","url":"https:\/\/elpromagroup.wersjaprojektowa.pl\/wp-content\/uploads\/2023\/05\/rb800-1.jpg","contentUrl":"https:\/\/elpromagroup.wersjaprojektowa.pl\/wp-content\/uploads\/2023\/05\/rb800-1.jpg","width":800,"height":800,"caption":"PROGRAMMABLE, LOW COST 2G TERMINAL"},{"@type":"BreadcrumbList","@id":"https:\/\/elpromagroup.wersjaprojektowa.pl\/pl\/produkt\/rb800\/#breadcrumb","itemListElement":[{"@type":"ListItem","position":1,"name":"Home","item":"https:\/\/elpromagroup.wersjaprojektowa.pl\/pl\/strona-glowna\/"},{"@type":"ListItem","position":2,"name":"Sklep","item":"https:\/\/elpromagroup.wersjaprojektowa.pl\/pl\/sklep\/"},{"@type":"ListItem","position":3,"name":"RB800"}]},{"@type":"WebSite","@id":"https:\/\/elpromagroup.wersjaprojektowa.pl\/pl\/#website","url":"https:\/\/elpromagroup.wersjaprojektowa.pl\/pl\/","name":"Elproma","description":"","potentialAction":[{"@type":"SearchAction","target":{"@type":"EntryPoint","urlTemplate":"https:\/\/elpromagroup.wersjaprojektowa.pl\/pl\/?s={search_term_string}"},"query-input":{"@type":"PropertyValueSpecification","valueRequired":true,"valueName":"search_term_string"}}],"inLanguage":"pl-PL"}]}},"_links":{"self":[{"href":"https:\/\/elpromagroup.wersjaprojektowa.pl\/pl\/wp-json\/wp\/v2\/product\/4224","targetHints":{"allow":["GET"]}}],"collection":[{"href":"https:\/\/elpromagroup.wersjaprojektowa.pl\/pl\/wp-json\/wp\/v2\/product"}],"about":[{"href":"https:\/\/elpromagroup.wersjaprojektowa.pl\/pl\/wp-json\/wp\/v2\/types\/product"}],"version-history":[{"count":0,"href":"https:\/\/elpromagroup.wersjaprojektowa.pl\/pl\/wp-json\/wp\/v2\/product\/4224\/revisions"}],"wp:featuredmedia":[{"embeddable":true,"href":"https:\/\/elpromagroup.wersjaprojektowa.pl\/pl\/wp-json\/wp\/v2\/media\/3613"}],"wp:attachment":[{"href":"https:\/\/elpromagroup.wersjaprojektowa.pl\/pl\/wp-json\/wp\/v2\/media?parent=4224"}],"wp:term":[{"taxonomy":"component","embeddable":true,"href":"https:\/\/elpromagroup.wersjaprojektowa.pl\/pl\/wp-json\/wp\/v2\/component?post=4224"},{"taxonomy":"product_brand","embeddable":true,"href":"https:\/\/elpromagroup.wersjaprojektowa.pl\/pl\/wp-json\/wp\/v2\/product_brand?post=4224"},{"taxonomy":"product_cat","embeddable":true,"href":"https:\/\/elpromagroup.wersjaprojektowa.pl\/pl\/wp-json\/wp\/v2\/product_cat?post=4224"},{"taxonomy":"product_tag","embeddable":true,"href":"https:\/\/elpromagroup.wersjaprojektowa.pl\/pl\/wp-json\/wp\/v2\/product_tag?post=4224"}],"curies":[{"name":"wp","href":"https:\/\/api.w.org\/{rel}","templated":true}]}}