{"id":4223,"date":"2023-05-17T11:22:29","date_gmt":"2023-05-17T09:22:29","guid":{"rendered":"https:\/\/elpromagroup.wersjaprojektowa.pl\/product\/nts-3000\/"},"modified":"2023-05-17T11:22:29","modified_gmt":"2023-05-17T09:22:29","slug":"nts-3000","status":"publish","type":"product","link":"https:\/\/elpromagroup.wersjaprojektowa.pl\/pl\/produkt\/nts-3000\/","title":{"rendered":"NTS-3000"},"content":{"rendered":"<p><strong>NTS-3000<\/strong> to sieciowy serwer czasu klasy grandmaster PTP\/IEEE1588 i NTP Stratum-1. Opcjonalnie mo\u017ce by\u0107 wyposa\u017cony w oscylator podtrzymuj\u0105cy <strong>TCXO*<\/strong> lub <strong>OCXO*<\/strong>. Oscylator gwarantuje precyzyjny czas dla okresu brakuj\u0105cych sygna\u0142\u00f3w satelitarnych GNSS. Standardowa konfiguracja obejmuje 2x 100Mbps w sieci LAN1-2. NTS-3000 obs\u0142uguje 2x redundantny odbiornik GNSS i posiada opcj\u0119 redundantnych* zasilaczy. Wej\u015bcie\/wyj\u015bcie synchronizacji jest wej\u015bciem 1PPS tylko do pod\u0142\u0105czenia zewn\u0119trznej cz\u0119stotliwo\u015bci. ref. To urz\u0105dzenie jest odpowiednie do obs\u0142ugi infrastruktury krytycznej. Czas pracy liczony jest w latach.<\/p>\n","protected":false},"excerpt":{"rendered":"<ul>\n<li>Serwer czasu NTP STRATUM1<\/li>\n<li>IEEE1588 PTP &amp; NTP<\/li>\n<li>LAN1-2 =&gt; 100\/10Mbps<\/li>\n<li>2x redundantne wej\u015bcia odbiornika GNSS ANT1&amp;2.<\/li>\n<\/ul>\n","protected":false},"featured_media":3623,"template":"","meta":{"_acf_changed":false},"component":[],"product_brand":[],"product_cat":[231],"product_tag":[266,232,267,269,258,268],"class_list":{"0":"post-4223","1":"product","2":"type-product","3":"status-publish","4":"has-post-thumbnail","6":"product_cat-elproma-time-pl","7":"product_tag-administracja-publiczna","8":"product_tag-cyberbezpieczenstwo","9":"product_tag-krytyczny","10":"product_tag-wojsko-policja-straz-graniczna","11":"product_tag-wojsko-i-policja","12":"product_tag-zaklady-produkcyjne","14":"first","15":"instock","16":"downloadable","17":"shipping-taxable","18":"product-type-simple"},"acf":[],"yoast_head":"<!-- This site is optimized with the Yoast SEO plugin v27.3 - https:\/\/yoast.com\/product\/yoast-seo-wordpress\/ -->\n<title>NTS-3000 - Elproma<\/title>\n<meta name=\"description\" content=\"NTS-3000 to arcymistrzowski sieciowy serwer czasu PTP\/IEEE1588 i NTP Stratum-1, 2x 100Mbps w sieci LAN1-2, obs\u0142uguje 2x redundantny odbiornik GNSS, serwer czasu NTP\/PTP.\" \/>\n<meta name=\"robots\" content=\"noindex, follow, max-snippet:-1, max-image-preview:large, max-video-preview:-1\" \/>\n<meta property=\"og:locale\" content=\"pl_PL\" \/>\n<meta property=\"og:type\" content=\"article\" \/>\n<meta property=\"og:title\" content=\"NTS-3000 - Elproma\" \/>\n<meta property=\"og:description\" content=\"NTS-3000 to arcymistrzowski sieciowy serwer czasu PTP\/IEEE1588 i NTP Stratum-1, 2x 100Mbps w sieci LAN1-2, obs\u0142uguje 2x redundantny odbiornik GNSS, serwer czasu NTP\/PTP.\" \/>\n<meta property=\"og:url\" content=\"https:\/\/elpromagroup.wersjaprojektowa.pl\/pl\/produkt\/nts-3000\/\" \/>\n<meta property=\"og:site_name\" content=\"Elproma\" \/>\n<meta property=\"og:image\" content=\"https:\/\/elpromagroup.wersjaprojektowa.pl\/wp-content\/uploads\/2023\/05\/nts-3000-1.jpg\" \/>\n\t<meta property=\"og:image:width\" content=\"800\" \/>\n\t<meta property=\"og:image:height\" content=\"500\" \/>\n\t<meta property=\"og:image:type\" content=\"image\/jpeg\" \/>\n<meta name=\"twitter:card\" content=\"summary_large_image\" \/>\n<script type=\"application\/ld+json\" class=\"yoast-schema-graph\">{\"@context\":\"https:\\\/\\\/schema.org\",\"@graph\":[{\"@type\":\"WebPage\",\"@id\":\"https:\\\/\\\/elpromagroup.wersjaprojektowa.pl\\\/pl\\\/produkt\\\/nts-3000\\\/\",\"url\":\"https:\\\/\\\/elpromagroup.wersjaprojektowa.pl\\\/pl\\\/produkt\\\/nts-3000\\\/\",\"name\":\"NTS-3000 - Elproma\",\"isPartOf\":{\"@id\":\"https:\\\/\\\/elpromagroup.wersjaprojektowa.pl\\\/pl\\\/#website\"},\"primaryImageOfPage\":{\"@id\":\"https:\\\/\\\/elpromagroup.wersjaprojektowa.pl\\\/pl\\\/produkt\\\/nts-3000\\\/#primaryimage\"},\"image\":{\"@id\":\"https:\\\/\\\/elpromagroup.wersjaprojektowa.pl\\\/pl\\\/produkt\\\/nts-3000\\\/#primaryimage\"},\"thumbnailUrl\":\"https:\\\/\\\/elpromagroup.wersjaprojektowa.pl\\\/wp-content\\\/uploads\\\/2023\\\/05\\\/nts-3000-1.jpg\",\"datePublished\":\"2023-05-17T09:22:29+00:00\",\"description\":\"NTS-3000 to arcymistrzowski sieciowy serwer czasu PTP\\\/IEEE1588 i NTP Stratum-1, 2x 100Mbps w sieci LAN1-2, obs\u0142uguje 2x redundantny odbiornik GNSS, serwer czasu NTP\\\/PTP.\",\"breadcrumb\":{\"@id\":\"https:\\\/\\\/elpromagroup.wersjaprojektowa.pl\\\/pl\\\/produkt\\\/nts-3000\\\/#breadcrumb\"},\"inLanguage\":\"pl-PL\",\"potentialAction\":[{\"@type\":\"ReadAction\",\"target\":[\"https:\\\/\\\/elpromagroup.wersjaprojektowa.pl\\\/pl\\\/produkt\\\/nts-3000\\\/\"]}]},{\"@type\":\"ImageObject\",\"inLanguage\":\"pl-PL\",\"@id\":\"https:\\\/\\\/elpromagroup.wersjaprojektowa.pl\\\/pl\\\/produkt\\\/nts-3000\\\/#primaryimage\",\"url\":\"https:\\\/\\\/elpromagroup.wersjaprojektowa.pl\\\/wp-content\\\/uploads\\\/2023\\\/05\\\/nts-3000-1.jpg\",\"contentUrl\":\"https:\\\/\\\/elpromagroup.wersjaprojektowa.pl\\\/wp-content\\\/uploads\\\/2023\\\/05\\\/nts-3000-1.jpg\",\"width\":800,\"height\":500,\"caption\":\"NTP\\\/PTP IEEE1588 Network Time Server\"},{\"@type\":\"BreadcrumbList\",\"@id\":\"https:\\\/\\\/elpromagroup.wersjaprojektowa.pl\\\/pl\\\/produkt\\\/nts-3000\\\/#breadcrumb\",\"itemListElement\":[{\"@type\":\"ListItem\",\"position\":1,\"name\":\"Home\",\"item\":\"https:\\\/\\\/elpromagroup.wersjaprojektowa.pl\\\/pl\\\/strona-glowna\\\/\"},{\"@type\":\"ListItem\",\"position\":2,\"name\":\"Sklep\",\"item\":\"https:\\\/\\\/elpromagroup.wersjaprojektowa.pl\\\/pl\\\/sklep\\\/\"},{\"@type\":\"ListItem\",\"position\":3,\"name\":\"NTS-3000\"}]},{\"@type\":\"WebSite\",\"@id\":\"https:\\\/\\\/elpromagroup.wersjaprojektowa.pl\\\/pl\\\/#website\",\"url\":\"https:\\\/\\\/elpromagroup.wersjaprojektowa.pl\\\/pl\\\/\",\"name\":\"Elproma\",\"description\":\"\",\"potentialAction\":[{\"@type\":\"SearchAction\",\"target\":{\"@type\":\"EntryPoint\",\"urlTemplate\":\"https:\\\/\\\/elpromagroup.wersjaprojektowa.pl\\\/pl\\\/?s={search_term_string}\"},\"query-input\":{\"@type\":\"PropertyValueSpecification\",\"valueRequired\":true,\"valueName\":\"search_term_string\"}}],\"inLanguage\":\"pl-PL\"}]}<\/script>\n<!-- \/ Yoast SEO plugin. -->","yoast_head_json":{"title":"NTS-3000 - Elproma","description":"NTS-3000 to arcymistrzowski sieciowy serwer czasu PTP\/IEEE1588 i NTP Stratum-1, 2x 100Mbps w sieci LAN1-2, obs\u0142uguje 2x redundantny odbiornik GNSS, serwer czasu NTP\/PTP.","robots":{"index":"noindex","follow":"follow","max-snippet":"max-snippet:-1","max-image-preview":"max-image-preview:large","max-video-preview":"max-video-preview:-1"},"og_locale":"pl_PL","og_type":"article","og_title":"NTS-3000 - Elproma","og_description":"NTS-3000 to arcymistrzowski sieciowy serwer czasu PTP\/IEEE1588 i NTP Stratum-1, 2x 100Mbps w sieci LAN1-2, obs\u0142uguje 2x redundantny odbiornik GNSS, serwer czasu NTP\/PTP.","og_url":"https:\/\/elpromagroup.wersjaprojektowa.pl\/pl\/produkt\/nts-3000\/","og_site_name":"Elproma","og_image":[{"width":800,"height":500,"url":"https:\/\/elpromagroup.wersjaprojektowa.pl\/wp-content\/uploads\/2023\/05\/nts-3000-1.jpg","type":"image\/jpeg"}],"twitter_card":"summary_large_image","schema":{"@context":"https:\/\/schema.org","@graph":[{"@type":"WebPage","@id":"https:\/\/elpromagroup.wersjaprojektowa.pl\/pl\/produkt\/nts-3000\/","url":"https:\/\/elpromagroup.wersjaprojektowa.pl\/pl\/produkt\/nts-3000\/","name":"NTS-3000 - Elproma","isPartOf":{"@id":"https:\/\/elpromagroup.wersjaprojektowa.pl\/pl\/#website"},"primaryImageOfPage":{"@id":"https:\/\/elpromagroup.wersjaprojektowa.pl\/pl\/produkt\/nts-3000\/#primaryimage"},"image":{"@id":"https:\/\/elpromagroup.wersjaprojektowa.pl\/pl\/produkt\/nts-3000\/#primaryimage"},"thumbnailUrl":"https:\/\/elpromagroup.wersjaprojektowa.pl\/wp-content\/uploads\/2023\/05\/nts-3000-1.jpg","datePublished":"2023-05-17T09:22:29+00:00","description":"NTS-3000 to arcymistrzowski sieciowy serwer czasu PTP\/IEEE1588 i NTP Stratum-1, 2x 100Mbps w sieci LAN1-2, obs\u0142uguje 2x redundantny odbiornik GNSS, serwer czasu NTP\/PTP.","breadcrumb":{"@id":"https:\/\/elpromagroup.wersjaprojektowa.pl\/pl\/produkt\/nts-3000\/#breadcrumb"},"inLanguage":"pl-PL","potentialAction":[{"@type":"ReadAction","target":["https:\/\/elpromagroup.wersjaprojektowa.pl\/pl\/produkt\/nts-3000\/"]}]},{"@type":"ImageObject","inLanguage":"pl-PL","@id":"https:\/\/elpromagroup.wersjaprojektowa.pl\/pl\/produkt\/nts-3000\/#primaryimage","url":"https:\/\/elpromagroup.wersjaprojektowa.pl\/wp-content\/uploads\/2023\/05\/nts-3000-1.jpg","contentUrl":"https:\/\/elpromagroup.wersjaprojektowa.pl\/wp-content\/uploads\/2023\/05\/nts-3000-1.jpg","width":800,"height":500,"caption":"NTP\/PTP IEEE1588 Network Time Server"},{"@type":"BreadcrumbList","@id":"https:\/\/elpromagroup.wersjaprojektowa.pl\/pl\/produkt\/nts-3000\/#breadcrumb","itemListElement":[{"@type":"ListItem","position":1,"name":"Home","item":"https:\/\/elpromagroup.wersjaprojektowa.pl\/pl\/strona-glowna\/"},{"@type":"ListItem","position":2,"name":"Sklep","item":"https:\/\/elpromagroup.wersjaprojektowa.pl\/pl\/sklep\/"},{"@type":"ListItem","position":3,"name":"NTS-3000"}]},{"@type":"WebSite","@id":"https:\/\/elpromagroup.wersjaprojektowa.pl\/pl\/#website","url":"https:\/\/elpromagroup.wersjaprojektowa.pl\/pl\/","name":"Elproma","description":"","potentialAction":[{"@type":"SearchAction","target":{"@type":"EntryPoint","urlTemplate":"https:\/\/elpromagroup.wersjaprojektowa.pl\/pl\/?s={search_term_string}"},"query-input":{"@type":"PropertyValueSpecification","valueRequired":true,"valueName":"search_term_string"}}],"inLanguage":"pl-PL"}]}},"_links":{"self":[{"href":"https:\/\/elpromagroup.wersjaprojektowa.pl\/pl\/wp-json\/wp\/v2\/product\/4223","targetHints":{"allow":["GET"]}}],"collection":[{"href":"https:\/\/elpromagroup.wersjaprojektowa.pl\/pl\/wp-json\/wp\/v2\/product"}],"about":[{"href":"https:\/\/elpromagroup.wersjaprojektowa.pl\/pl\/wp-json\/wp\/v2\/types\/product"}],"version-history":[{"count":0,"href":"https:\/\/elpromagroup.wersjaprojektowa.pl\/pl\/wp-json\/wp\/v2\/product\/4223\/revisions"}],"wp:featuredmedia":[{"embeddable":true,"href":"https:\/\/elpromagroup.wersjaprojektowa.pl\/pl\/wp-json\/wp\/v2\/media\/3623"}],"wp:attachment":[{"href":"https:\/\/elpromagroup.wersjaprojektowa.pl\/pl\/wp-json\/wp\/v2\/media?parent=4223"}],"wp:term":[{"taxonomy":"component","embeddable":true,"href":"https:\/\/elpromagroup.wersjaprojektowa.pl\/pl\/wp-json\/wp\/v2\/component?post=4223"},{"taxonomy":"product_brand","embeddable":true,"href":"https:\/\/elpromagroup.wersjaprojektowa.pl\/pl\/wp-json\/wp\/v2\/product_brand?post=4223"},{"taxonomy":"product_cat","embeddable":true,"href":"https:\/\/elpromagroup.wersjaprojektowa.pl\/pl\/wp-json\/wp\/v2\/product_cat?post=4223"},{"taxonomy":"product_tag","embeddable":true,"href":"https:\/\/elpromagroup.wersjaprojektowa.pl\/pl\/wp-json\/wp\/v2\/product_tag?post=4223"}],"curies":[{"name":"wp","href":"https:\/\/api.w.org\/{rel}","templated":true}]}}