{"id":4221,"date":"2023-05-17T11:23:48","date_gmt":"2023-05-17T09:23:48","guid":{"rendered":"https:\/\/elpromagroup.wersjaprojektowa.pl\/product\/nts-4000\/"},"modified":"2023-05-17T11:23:48","modified_gmt":"2023-05-17T09:23:48","slug":"nts-4000","status":"publish","type":"product","link":"https:\/\/elpromagroup.wersjaprojektowa.pl\/pl\/produkt\/nts-4000\/","title":{"rendered":"NTS-4000"},"content":{"rendered":"<p><strong>NTS-4000<\/strong> to zegar grandmaster IEEE1588, serwer czasu NTP stratum1 i urz\u0105dzenie sieciowe klasy zegara PRTC-A. Standard. obs\u0142uguje podtrzymanie <strong>HQ OCXO <\/strong>. Urz\u0105dzenia obs\u0142uguj\u0105 maks. 4x LAN. LAN1-2 obs\u0142uguje programowe znaczniki czasu 100 Mb\/s, z mo\u017cliwo\u015bci\u0105 aktualizacji do <strong>10 GbE*<\/strong>. Opcjonalnie dost\u0119pna jest karta sieciowa EXPANDER*, obs\u0142uguj\u0105ca kolejne <strong>2x<\/strong> <strong>1GbE<\/strong> ze <strong>sprz\u0119towym znacznikiem czasu<\/strong> i profilami PTP. Karta NIC ma <strong>w\u0142asny prywatny <\/strong>stos <strong>PTP <\/strong>przechowywany wewn\u0105trz <strong>prywatnego uk\u0142adu FPGA<\/strong>. Takie podej\u015bcie zapewnia najlepsze <strong>cyberbezpiecze\u0144stwo <\/strong>i wysok\u0105 stabilno\u015b\u0107 synchronizacji. Serwer obs\u0142uguje 2 x redundantne odbiorniki GNSS i 2 x redundantne zasilacze. Wej\u015bcia\/wyj\u015bcia synchronizacji to: PPS, 10MHz, IRIG-B, ToD. To urz\u0105dzenie jest odpowiednie do obs\u0142ugi infrastruktury krytycznej.<\/p>\n","protected":false},"excerpt":{"rendered":"<ul>\n<li>Serwer czasu NTP STRATUM1<\/li>\n<li>IEEE1588 PTP &amp; NTP<\/li>\n<li>LAN1-2 =&gt; 100\/10Mbps<\/li>\n<li>Holdover HQ OCXO<\/li>\n<li>2x redundantne wej\u015bcia odbiornika GNSS ANT1&amp;2.<\/li>\n<\/ul>\n","protected":false},"featured_media":3624,"template":"","meta":{"_acf_changed":false},"component":[],"product_brand":[],"product_cat":[231],"product_tag":[248,232,250,251,246,258],"class_list":{"0":"post-4221","1":"product","2":"type-product","3":"status-publish","4":"has-post-thumbnail","6":"product_cat-elproma-time-pl","7":"product_tag-banki-i-gieldy-papierow-wartosciowych","8":"product_tag-cyberbezpieczenstwo","9":"product_tag-infrastruktura-krytyczna","10":"product_tag-rzad","11":"product_tag-uzytecznosc-energetyczna-inteligentna-siec","12":"product_tag-wojsko-i-policja","14":"first","15":"instock","16":"downloadable","17":"shipping-taxable","18":"product-type-simple"},"acf":[],"yoast_head":"<!-- This site is optimized with the Yoast SEO plugin v27.3 - https:\/\/yoast.com\/product\/yoast-seo-wordpress\/ -->\n<title>NTS-4000 - Elproma<\/title>\n<meta name=\"description\" content=\"NTS-4000 to zegar grandmaster IEEE1588, serwer czasu NTP stratum1 i urz\u0105dzenie sieciowe klasy zegara PRTC-A. Standard. obs\u0142uguje podtrzymanie HQ OCXO.\" \/>\n<meta name=\"robots\" content=\"noindex, follow, max-snippet:-1, max-image-preview:large, max-video-preview:-1\" \/>\n<meta property=\"og:locale\" content=\"pl_PL\" \/>\n<meta property=\"og:type\" content=\"article\" \/>\n<meta property=\"og:title\" content=\"NTS-4000 - Elproma\" \/>\n<meta property=\"og:description\" content=\"NTS-4000 to zegar grandmaster IEEE1588, serwer czasu NTP stratum1 i urz\u0105dzenie sieciowe klasy zegara PRTC-A. Standard. obs\u0142uguje podtrzymanie HQ OCXO.\" \/>\n<meta property=\"og:url\" content=\"https:\/\/elpromagroup.wersjaprojektowa.pl\/pl\/produkt\/nts-4000\/\" \/>\n<meta property=\"og:site_name\" content=\"Elproma\" \/>\n<meta property=\"og:image\" content=\"https:\/\/elpromagroup.wersjaprojektowa.pl\/wp-content\/uploads\/2023\/05\/nts-4000.jpg\" \/>\n\t<meta property=\"og:image:width\" content=\"800\" \/>\n\t<meta property=\"og:image:height\" content=\"500\" \/>\n\t<meta property=\"og:image:type\" content=\"image\/jpeg\" \/>\n<meta name=\"twitter:card\" content=\"summary_large_image\" \/>\n<meta name=\"twitter:label1\" content=\"Szacowany czas czytania\" \/>\n\t<meta name=\"twitter:data1\" content=\"1 minuta\" \/>\n<script type=\"application\/ld+json\" class=\"yoast-schema-graph\">{\"@context\":\"https:\\\/\\\/schema.org\",\"@graph\":[{\"@type\":\"WebPage\",\"@id\":\"https:\\\/\\\/elpromagroup.wersjaprojektowa.pl\\\/pl\\\/produkt\\\/nts-4000\\\/\",\"url\":\"https:\\\/\\\/elpromagroup.wersjaprojektowa.pl\\\/pl\\\/produkt\\\/nts-4000\\\/\",\"name\":\"NTS-4000 - Elproma\",\"isPartOf\":{\"@id\":\"https:\\\/\\\/elpromagroup.wersjaprojektowa.pl\\\/pl\\\/#website\"},\"primaryImageOfPage\":{\"@id\":\"https:\\\/\\\/elpromagroup.wersjaprojektowa.pl\\\/pl\\\/produkt\\\/nts-4000\\\/#primaryimage\"},\"image\":{\"@id\":\"https:\\\/\\\/elpromagroup.wersjaprojektowa.pl\\\/pl\\\/produkt\\\/nts-4000\\\/#primaryimage\"},\"thumbnailUrl\":\"https:\\\/\\\/elpromagroup.wersjaprojektowa.pl\\\/wp-content\\\/uploads\\\/2023\\\/05\\\/nts-4000.jpg\",\"datePublished\":\"2023-05-17T09:23:48+00:00\",\"description\":\"NTS-4000 to zegar grandmaster IEEE1588, serwer czasu NTP stratum1 i urz\u0105dzenie sieciowe klasy zegara PRTC-A. Standard. obs\u0142uguje podtrzymanie HQ OCXO.\",\"breadcrumb\":{\"@id\":\"https:\\\/\\\/elpromagroup.wersjaprojektowa.pl\\\/pl\\\/produkt\\\/nts-4000\\\/#breadcrumb\"},\"inLanguage\":\"pl-PL\",\"potentialAction\":[{\"@type\":\"ReadAction\",\"target\":[\"https:\\\/\\\/elpromagroup.wersjaprojektowa.pl\\\/pl\\\/produkt\\\/nts-4000\\\/\"]}]},{\"@type\":\"ImageObject\",\"inLanguage\":\"pl-PL\",\"@id\":\"https:\\\/\\\/elpromagroup.wersjaprojektowa.pl\\\/pl\\\/produkt\\\/nts-4000\\\/#primaryimage\",\"url\":\"https:\\\/\\\/elpromagroup.wersjaprojektowa.pl\\\/wp-content\\\/uploads\\\/2023\\\/05\\\/nts-4000.jpg\",\"contentUrl\":\"https:\\\/\\\/elpromagroup.wersjaprojektowa.pl\\\/wp-content\\\/uploads\\\/2023\\\/05\\\/nts-4000.jpg\",\"width\":800,\"height\":500,\"caption\":\"IEEE1588 grandmaster clock\"},{\"@type\":\"BreadcrumbList\",\"@id\":\"https:\\\/\\\/elpromagroup.wersjaprojektowa.pl\\\/pl\\\/produkt\\\/nts-4000\\\/#breadcrumb\",\"itemListElement\":[{\"@type\":\"ListItem\",\"position\":1,\"name\":\"Home\",\"item\":\"https:\\\/\\\/elpromagroup.wersjaprojektowa.pl\\\/pl\\\/strona-glowna\\\/\"},{\"@type\":\"ListItem\",\"position\":2,\"name\":\"Sklep\",\"item\":\"https:\\\/\\\/elpromagroup.wersjaprojektowa.pl\\\/pl\\\/sklep\\\/\"},{\"@type\":\"ListItem\",\"position\":3,\"name\":\"NTS-4000\"}]},{\"@type\":\"WebSite\",\"@id\":\"https:\\\/\\\/elpromagroup.wersjaprojektowa.pl\\\/pl\\\/#website\",\"url\":\"https:\\\/\\\/elpromagroup.wersjaprojektowa.pl\\\/pl\\\/\",\"name\":\"Elproma\",\"description\":\"\",\"potentialAction\":[{\"@type\":\"SearchAction\",\"target\":{\"@type\":\"EntryPoint\",\"urlTemplate\":\"https:\\\/\\\/elpromagroup.wersjaprojektowa.pl\\\/pl\\\/?s={search_term_string}\"},\"query-input\":{\"@type\":\"PropertyValueSpecification\",\"valueRequired\":true,\"valueName\":\"search_term_string\"}}],\"inLanguage\":\"pl-PL\"}]}<\/script>\n<!-- \/ Yoast SEO plugin. -->","yoast_head_json":{"title":"NTS-4000 - Elproma","description":"NTS-4000 to zegar grandmaster IEEE1588, serwer czasu NTP stratum1 i urz\u0105dzenie sieciowe klasy zegara PRTC-A. Standard. obs\u0142uguje podtrzymanie HQ OCXO.","robots":{"index":"noindex","follow":"follow","max-snippet":"max-snippet:-1","max-image-preview":"max-image-preview:large","max-video-preview":"max-video-preview:-1"},"og_locale":"pl_PL","og_type":"article","og_title":"NTS-4000 - Elproma","og_description":"NTS-4000 to zegar grandmaster IEEE1588, serwer czasu NTP stratum1 i urz\u0105dzenie sieciowe klasy zegara PRTC-A. Standard. obs\u0142uguje podtrzymanie HQ OCXO.","og_url":"https:\/\/elpromagroup.wersjaprojektowa.pl\/pl\/produkt\/nts-4000\/","og_site_name":"Elproma","og_image":[{"width":800,"height":500,"url":"https:\/\/elpromagroup.wersjaprojektowa.pl\/wp-content\/uploads\/2023\/05\/nts-4000.jpg","type":"image\/jpeg"}],"twitter_card":"summary_large_image","twitter_misc":{"Szacowany czas czytania":"1 minuta"},"schema":{"@context":"https:\/\/schema.org","@graph":[{"@type":"WebPage","@id":"https:\/\/elpromagroup.wersjaprojektowa.pl\/pl\/produkt\/nts-4000\/","url":"https:\/\/elpromagroup.wersjaprojektowa.pl\/pl\/produkt\/nts-4000\/","name":"NTS-4000 - Elproma","isPartOf":{"@id":"https:\/\/elpromagroup.wersjaprojektowa.pl\/pl\/#website"},"primaryImageOfPage":{"@id":"https:\/\/elpromagroup.wersjaprojektowa.pl\/pl\/produkt\/nts-4000\/#primaryimage"},"image":{"@id":"https:\/\/elpromagroup.wersjaprojektowa.pl\/pl\/produkt\/nts-4000\/#primaryimage"},"thumbnailUrl":"https:\/\/elpromagroup.wersjaprojektowa.pl\/wp-content\/uploads\/2023\/05\/nts-4000.jpg","datePublished":"2023-05-17T09:23:48+00:00","description":"NTS-4000 to zegar grandmaster IEEE1588, serwer czasu NTP stratum1 i urz\u0105dzenie sieciowe klasy zegara PRTC-A. Standard. obs\u0142uguje podtrzymanie HQ OCXO.","breadcrumb":{"@id":"https:\/\/elpromagroup.wersjaprojektowa.pl\/pl\/produkt\/nts-4000\/#breadcrumb"},"inLanguage":"pl-PL","potentialAction":[{"@type":"ReadAction","target":["https:\/\/elpromagroup.wersjaprojektowa.pl\/pl\/produkt\/nts-4000\/"]}]},{"@type":"ImageObject","inLanguage":"pl-PL","@id":"https:\/\/elpromagroup.wersjaprojektowa.pl\/pl\/produkt\/nts-4000\/#primaryimage","url":"https:\/\/elpromagroup.wersjaprojektowa.pl\/wp-content\/uploads\/2023\/05\/nts-4000.jpg","contentUrl":"https:\/\/elpromagroup.wersjaprojektowa.pl\/wp-content\/uploads\/2023\/05\/nts-4000.jpg","width":800,"height":500,"caption":"IEEE1588 grandmaster clock"},{"@type":"BreadcrumbList","@id":"https:\/\/elpromagroup.wersjaprojektowa.pl\/pl\/produkt\/nts-4000\/#breadcrumb","itemListElement":[{"@type":"ListItem","position":1,"name":"Home","item":"https:\/\/elpromagroup.wersjaprojektowa.pl\/pl\/strona-glowna\/"},{"@type":"ListItem","position":2,"name":"Sklep","item":"https:\/\/elpromagroup.wersjaprojektowa.pl\/pl\/sklep\/"},{"@type":"ListItem","position":3,"name":"NTS-4000"}]},{"@type":"WebSite","@id":"https:\/\/elpromagroup.wersjaprojektowa.pl\/pl\/#website","url":"https:\/\/elpromagroup.wersjaprojektowa.pl\/pl\/","name":"Elproma","description":"","potentialAction":[{"@type":"SearchAction","target":{"@type":"EntryPoint","urlTemplate":"https:\/\/elpromagroup.wersjaprojektowa.pl\/pl\/?s={search_term_string}"},"query-input":{"@type":"PropertyValueSpecification","valueRequired":true,"valueName":"search_term_string"}}],"inLanguage":"pl-PL"}]}},"_links":{"self":[{"href":"https:\/\/elpromagroup.wersjaprojektowa.pl\/pl\/wp-json\/wp\/v2\/product\/4221","targetHints":{"allow":["GET"]}}],"collection":[{"href":"https:\/\/elpromagroup.wersjaprojektowa.pl\/pl\/wp-json\/wp\/v2\/product"}],"about":[{"href":"https:\/\/elpromagroup.wersjaprojektowa.pl\/pl\/wp-json\/wp\/v2\/types\/product"}],"version-history":[{"count":0,"href":"https:\/\/elpromagroup.wersjaprojektowa.pl\/pl\/wp-json\/wp\/v2\/product\/4221\/revisions"}],"wp:featuredmedia":[{"embeddable":true,"href":"https:\/\/elpromagroup.wersjaprojektowa.pl\/pl\/wp-json\/wp\/v2\/media\/3624"}],"wp:attachment":[{"href":"https:\/\/elpromagroup.wersjaprojektowa.pl\/pl\/wp-json\/wp\/v2\/media?parent=4221"}],"wp:term":[{"taxonomy":"component","embeddable":true,"href":"https:\/\/elpromagroup.wersjaprojektowa.pl\/pl\/wp-json\/wp\/v2\/component?post=4221"},{"taxonomy":"product_brand","embeddable":true,"href":"https:\/\/elpromagroup.wersjaprojektowa.pl\/pl\/wp-json\/wp\/v2\/product_brand?post=4221"},{"taxonomy":"product_cat","embeddable":true,"href":"https:\/\/elpromagroup.wersjaprojektowa.pl\/pl\/wp-json\/wp\/v2\/product_cat?post=4221"},{"taxonomy":"product_tag","embeddable":true,"href":"https:\/\/elpromagroup.wersjaprojektowa.pl\/pl\/wp-json\/wp\/v2\/product_tag?post=4221"}],"curies":[{"name":"wp","href":"https:\/\/api.w.org\/{rel}","templated":true}]}}