{"id":4219,"date":"2023-05-17T11:24:14","date_gmt":"2023-05-17T09:24:14","guid":{"rendered":"https:\/\/elpromagroup.wersjaprojektowa.pl\/product\/nts-5000\/"},"modified":"2023-05-17T11:24:14","modified_gmt":"2023-05-17T09:24:14","slug":"nts-5000","status":"publish","type":"product","link":"https:\/\/elpromagroup.wersjaprojektowa.pl\/pl\/produkt\/nts-5000\/","title":{"rendered":"NTS-5000"},"content":{"rendered":"<p><strong>NTS-5000<\/strong> jest serwerem czasu PTP\/IEEE1588 grandmaster, NTP Stratum1 oraz zegarem ePRTC*, PRTC-A i B. Obs\u0142uguje czas odniesienia z GNSS lub zewn\u0119trznych zegar\u00f3w atomowych. Standard. wersja jest wyposa\u017cona w <strong>Rubidium (Rb) <\/strong>, a wersja <strong>LITE <\/strong>obs\u0142uguje podtrzymanie <strong>HQ OCXO <\/strong>. Urz\u0105dzenia obs\u0142uguj\u0105 maks. <strong>10x LAN<\/strong>. LAN1-2 maj\u0105 programowe znaczniki czasu 100 Mb\/s, z mo\u017cliwo\u015bci\u0105 rozbudowy do <strong>10 GbE*<\/strong>. Opcjonalnie dost\u0119pne s\u0105 karty<strong> 4x EXPANDER*<\/strong>, ka\u017cda obs\u0142uguj\u0105ca <strong>2x<\/strong> <strong>1GbE<\/strong>, ze <strong>sprz\u0119towym znacznikiem czasu<\/strong>. Karty sieciowe maj\u0105 <strong>w\u0142asny prywatny <\/strong>stos <strong>PTP <\/strong>przechowywany wewn\u0105trz <strong>prywatnego uk\u0142adu FPGA<\/strong>. Takie podej\u015bcie zapewnia najlepsze <strong>cyberbezpiecze\u0144stwo <\/strong>i wysok\u0105 stabilno\u015b\u0107 synchronizacji. Produkt jest odpowiedni dla ka\u017cdej krytycznej infrastruktury i centrum danych.<\/p>\n","protected":false},"excerpt":{"rendered":"<ul>\n<li>Serwer czasu NTP STRATUM1<\/li>\n<li>IEEE1588 PTP &amp; NTP<\/li>\n<li><span style=\"font-size: inherit;\">PPS, <\/span><span style=\"font-size: inherit;\">10MHz *opcja, IRIG-B *opcja<\/span><\/li>\n<li><span style=\"font-size: inherit;\">LAN1-2 =&gt; 100Mbps =&gt; z mo\u017cliwo\u015bci\u0105 rozbudowy do 10GbE*<\/span><\/li>\n<li><span style=\"font-size: inherit;\">LAN3-10 =&gt; 1GbE* ze sprz\u0119towym znacznikiem czasu<\/span><\/li>\n<li><span style=\"font-size: inherit;\">Obs\u0142uguje wszystkie profile PTP i opcjonalnie <\/span><a style=\"font-size: inherit;\" href=\"https:\/\/elpromatime.com\/ptti-2011-white-rabbit\/\">White Rabbit*<\/a><\/li>\n<\/ul>\n","protected":false},"featured_media":3625,"template":"","meta":{"_acf_changed":false},"component":[],"product_brand":[],"product_cat":[231],"product_tag":[248,247,232,252,250,251,249,246],"class_list":{"0":"post-4219","1":"product","2":"type-product","3":"status-publish","4":"has-post-thumbnail","6":"product_cat-elproma-time-pl","7":"product_tag-banki-i-gieldy-papierow-wartosciowych","8":"product_tag-centrum-danych","9":"product_tag-cyberbezpieczenstwo","10":"product_tag-energia","11":"product_tag-infrastruktura-krytyczna","12":"product_tag-rzad","13":"product_tag-sztuczna-inteligencja-uczenie-maszynowe","14":"product_tag-uzytecznosc-energetyczna-inteligentna-siec","16":"first","17":"instock","18":"downloadable","19":"shipping-taxable","20":"product-type-simple"},"acf":[],"yoast_head":"<!-- This site is optimized with the Yoast SEO plugin v27.3 - https:\/\/yoast.com\/product\/yoast-seo-wordpress\/ -->\n<title>NTS-5000 - Elproma<\/title>\n<meta name=\"description\" content=\"NTS-5000 jest zegarem PTP\/IEEE1588 grandmaster, ePRTC*, PRTC-A i B, Rubidium (Rb) i HQ OCXO holdover, sprz\u0119towym znacznikiem czasu, obs\u0142uguje maks. 10x LAN\" \/>\n<meta name=\"robots\" content=\"noindex, follow, max-snippet:-1, max-image-preview:large, max-video-preview:-1\" \/>\n<meta property=\"og:locale\" content=\"pl_PL\" \/>\n<meta property=\"og:type\" content=\"article\" \/>\n<meta property=\"og:title\" content=\"NTS-5000 - Elproma\" \/>\n<meta property=\"og:description\" content=\"NTS-5000 jest zegarem PTP\/IEEE1588 grandmaster, ePRTC*, PRTC-A i B, Rubidium (Rb) i HQ OCXO holdover, sprz\u0119towym znacznikiem czasu, obs\u0142uguje maks. 10x LAN\" \/>\n<meta property=\"og:url\" content=\"https:\/\/elpromagroup.wersjaprojektowa.pl\/pl\/produkt\/nts-5000\/\" \/>\n<meta property=\"og:site_name\" content=\"Elproma\" \/>\n<meta property=\"og:image\" content=\"https:\/\/elpromagroup.wersjaprojektowa.pl\/wp-content\/uploads\/2023\/05\/nts-5000.jpg\" \/>\n\t<meta property=\"og:image:width\" content=\"800\" \/>\n\t<meta property=\"og:image:height\" content=\"500\" \/>\n\t<meta property=\"og:image:type\" content=\"image\/jpeg\" \/>\n<meta name=\"twitter:card\" content=\"summary_large_image\" \/>\n<meta name=\"twitter:label1\" content=\"Szacowany czas czytania\" \/>\n\t<meta name=\"twitter:data1\" content=\"1 minuta\" \/>\n<script type=\"application\/ld+json\" class=\"yoast-schema-graph\">{\"@context\":\"https:\\\/\\\/schema.org\",\"@graph\":[{\"@type\":\"WebPage\",\"@id\":\"https:\\\/\\\/elpromagroup.wersjaprojektowa.pl\\\/pl\\\/produkt\\\/nts-5000\\\/\",\"url\":\"https:\\\/\\\/elpromagroup.wersjaprojektowa.pl\\\/pl\\\/produkt\\\/nts-5000\\\/\",\"name\":\"NTS-5000 - Elproma\",\"isPartOf\":{\"@id\":\"https:\\\/\\\/elpromagroup.wersjaprojektowa.pl\\\/pl\\\/#website\"},\"primaryImageOfPage\":{\"@id\":\"https:\\\/\\\/elpromagroup.wersjaprojektowa.pl\\\/pl\\\/produkt\\\/nts-5000\\\/#primaryimage\"},\"image\":{\"@id\":\"https:\\\/\\\/elpromagroup.wersjaprojektowa.pl\\\/pl\\\/produkt\\\/nts-5000\\\/#primaryimage\"},\"thumbnailUrl\":\"https:\\\/\\\/elpromagroup.wersjaprojektowa.pl\\\/wp-content\\\/uploads\\\/2023\\\/05\\\/nts-5000.jpg\",\"datePublished\":\"2023-05-17T09:24:14+00:00\",\"description\":\"NTS-5000 jest zegarem PTP\\\/IEEE1588 grandmaster, ePRTC*, PRTC-A i B, Rubidium (Rb) i HQ OCXO holdover, sprz\u0119towym znacznikiem czasu, obs\u0142uguje maks. 10x LAN\",\"breadcrumb\":{\"@id\":\"https:\\\/\\\/elpromagroup.wersjaprojektowa.pl\\\/pl\\\/produkt\\\/nts-5000\\\/#breadcrumb\"},\"inLanguage\":\"pl-PL\",\"potentialAction\":[{\"@type\":\"ReadAction\",\"target\":[\"https:\\\/\\\/elpromagroup.wersjaprojektowa.pl\\\/pl\\\/produkt\\\/nts-5000\\\/\"]}]},{\"@type\":\"ImageObject\",\"inLanguage\":\"pl-PL\",\"@id\":\"https:\\\/\\\/elpromagroup.wersjaprojektowa.pl\\\/pl\\\/produkt\\\/nts-5000\\\/#primaryimage\",\"url\":\"https:\\\/\\\/elpromagroup.wersjaprojektowa.pl\\\/wp-content\\\/uploads\\\/2023\\\/05\\\/nts-5000.jpg\",\"contentUrl\":\"https:\\\/\\\/elpromagroup.wersjaprojektowa.pl\\\/wp-content\\\/uploads\\\/2023\\\/05\\\/nts-5000.jpg\",\"width\":800,\"height\":500,\"caption\":\"NTP\\\/PTP IEEE1588 Modular Time Server\"},{\"@type\":\"BreadcrumbList\",\"@id\":\"https:\\\/\\\/elpromagroup.wersjaprojektowa.pl\\\/pl\\\/produkt\\\/nts-5000\\\/#breadcrumb\",\"itemListElement\":[{\"@type\":\"ListItem\",\"position\":1,\"name\":\"Home\",\"item\":\"https:\\\/\\\/elpromagroup.wersjaprojektowa.pl\\\/pl\\\/strona-glowna\\\/\"},{\"@type\":\"ListItem\",\"position\":2,\"name\":\"Sklep\",\"item\":\"https:\\\/\\\/elpromagroup.wersjaprojektowa.pl\\\/pl\\\/sklep\\\/\"},{\"@type\":\"ListItem\",\"position\":3,\"name\":\"NTS-5000\"}]},{\"@type\":\"WebSite\",\"@id\":\"https:\\\/\\\/elpromagroup.wersjaprojektowa.pl\\\/pl\\\/#website\",\"url\":\"https:\\\/\\\/elpromagroup.wersjaprojektowa.pl\\\/pl\\\/\",\"name\":\"Elproma\",\"description\":\"\",\"potentialAction\":[{\"@type\":\"SearchAction\",\"target\":{\"@type\":\"EntryPoint\",\"urlTemplate\":\"https:\\\/\\\/elpromagroup.wersjaprojektowa.pl\\\/pl\\\/?s={search_term_string}\"},\"query-input\":{\"@type\":\"PropertyValueSpecification\",\"valueRequired\":true,\"valueName\":\"search_term_string\"}}],\"inLanguage\":\"pl-PL\"}]}<\/script>\n<!-- \/ Yoast SEO plugin. -->","yoast_head_json":{"title":"NTS-5000 - Elproma","description":"NTS-5000 jest zegarem PTP\/IEEE1588 grandmaster, ePRTC*, PRTC-A i B, Rubidium (Rb) i HQ OCXO holdover, sprz\u0119towym znacznikiem czasu, obs\u0142uguje maks. 10x LAN","robots":{"index":"noindex","follow":"follow","max-snippet":"max-snippet:-1","max-image-preview":"max-image-preview:large","max-video-preview":"max-video-preview:-1"},"og_locale":"pl_PL","og_type":"article","og_title":"NTS-5000 - Elproma","og_description":"NTS-5000 jest zegarem PTP\/IEEE1588 grandmaster, ePRTC*, PRTC-A i B, Rubidium (Rb) i HQ OCXO holdover, sprz\u0119towym znacznikiem czasu, obs\u0142uguje maks. 10x LAN","og_url":"https:\/\/elpromagroup.wersjaprojektowa.pl\/pl\/produkt\/nts-5000\/","og_site_name":"Elproma","og_image":[{"width":800,"height":500,"url":"https:\/\/elpromagroup.wersjaprojektowa.pl\/wp-content\/uploads\/2023\/05\/nts-5000.jpg","type":"image\/jpeg"}],"twitter_card":"summary_large_image","twitter_misc":{"Szacowany czas czytania":"1 minuta"},"schema":{"@context":"https:\/\/schema.org","@graph":[{"@type":"WebPage","@id":"https:\/\/elpromagroup.wersjaprojektowa.pl\/pl\/produkt\/nts-5000\/","url":"https:\/\/elpromagroup.wersjaprojektowa.pl\/pl\/produkt\/nts-5000\/","name":"NTS-5000 - Elproma","isPartOf":{"@id":"https:\/\/elpromagroup.wersjaprojektowa.pl\/pl\/#website"},"primaryImageOfPage":{"@id":"https:\/\/elpromagroup.wersjaprojektowa.pl\/pl\/produkt\/nts-5000\/#primaryimage"},"image":{"@id":"https:\/\/elpromagroup.wersjaprojektowa.pl\/pl\/produkt\/nts-5000\/#primaryimage"},"thumbnailUrl":"https:\/\/elpromagroup.wersjaprojektowa.pl\/wp-content\/uploads\/2023\/05\/nts-5000.jpg","datePublished":"2023-05-17T09:24:14+00:00","description":"NTS-5000 jest zegarem PTP\/IEEE1588 grandmaster, ePRTC*, PRTC-A i B, Rubidium (Rb) i HQ OCXO holdover, sprz\u0119towym znacznikiem czasu, obs\u0142uguje maks. 10x LAN","breadcrumb":{"@id":"https:\/\/elpromagroup.wersjaprojektowa.pl\/pl\/produkt\/nts-5000\/#breadcrumb"},"inLanguage":"pl-PL","potentialAction":[{"@type":"ReadAction","target":["https:\/\/elpromagroup.wersjaprojektowa.pl\/pl\/produkt\/nts-5000\/"]}]},{"@type":"ImageObject","inLanguage":"pl-PL","@id":"https:\/\/elpromagroup.wersjaprojektowa.pl\/pl\/produkt\/nts-5000\/#primaryimage","url":"https:\/\/elpromagroup.wersjaprojektowa.pl\/wp-content\/uploads\/2023\/05\/nts-5000.jpg","contentUrl":"https:\/\/elpromagroup.wersjaprojektowa.pl\/wp-content\/uploads\/2023\/05\/nts-5000.jpg","width":800,"height":500,"caption":"NTP\/PTP IEEE1588 Modular Time Server"},{"@type":"BreadcrumbList","@id":"https:\/\/elpromagroup.wersjaprojektowa.pl\/pl\/produkt\/nts-5000\/#breadcrumb","itemListElement":[{"@type":"ListItem","position":1,"name":"Home","item":"https:\/\/elpromagroup.wersjaprojektowa.pl\/pl\/strona-glowna\/"},{"@type":"ListItem","position":2,"name":"Sklep","item":"https:\/\/elpromagroup.wersjaprojektowa.pl\/pl\/sklep\/"},{"@type":"ListItem","position":3,"name":"NTS-5000"}]},{"@type":"WebSite","@id":"https:\/\/elpromagroup.wersjaprojektowa.pl\/pl\/#website","url":"https:\/\/elpromagroup.wersjaprojektowa.pl\/pl\/","name":"Elproma","description":"","potentialAction":[{"@type":"SearchAction","target":{"@type":"EntryPoint","urlTemplate":"https:\/\/elpromagroup.wersjaprojektowa.pl\/pl\/?s={search_term_string}"},"query-input":{"@type":"PropertyValueSpecification","valueRequired":true,"valueName":"search_term_string"}}],"inLanguage":"pl-PL"}]}},"_links":{"self":[{"href":"https:\/\/elpromagroup.wersjaprojektowa.pl\/pl\/wp-json\/wp\/v2\/product\/4219","targetHints":{"allow":["GET"]}}],"collection":[{"href":"https:\/\/elpromagroup.wersjaprojektowa.pl\/pl\/wp-json\/wp\/v2\/product"}],"about":[{"href":"https:\/\/elpromagroup.wersjaprojektowa.pl\/pl\/wp-json\/wp\/v2\/types\/product"}],"version-history":[{"count":0,"href":"https:\/\/elpromagroup.wersjaprojektowa.pl\/pl\/wp-json\/wp\/v2\/product\/4219\/revisions"}],"wp:featuredmedia":[{"embeddable":true,"href":"https:\/\/elpromagroup.wersjaprojektowa.pl\/pl\/wp-json\/wp\/v2\/media\/3625"}],"wp:attachment":[{"href":"https:\/\/elpromagroup.wersjaprojektowa.pl\/pl\/wp-json\/wp\/v2\/media?parent=4219"}],"wp:term":[{"taxonomy":"component","embeddable":true,"href":"https:\/\/elpromagroup.wersjaprojektowa.pl\/pl\/wp-json\/wp\/v2\/component?post=4219"},{"taxonomy":"product_brand","embeddable":true,"href":"https:\/\/elpromagroup.wersjaprojektowa.pl\/pl\/wp-json\/wp\/v2\/product_brand?post=4219"},{"taxonomy":"product_cat","embeddable":true,"href":"https:\/\/elpromagroup.wersjaprojektowa.pl\/pl\/wp-json\/wp\/v2\/product_cat?post=4219"},{"taxonomy":"product_tag","embeddable":true,"href":"https:\/\/elpromagroup.wersjaprojektowa.pl\/pl\/wp-json\/wp\/v2\/product_tag?post=4219"}],"curies":[{"name":"wp","href":"https:\/\/api.w.org\/{rel}","templated":true}]}}