{"id":4172,"date":"2023-07-19T09:43:32","date_gmt":"2023-07-19T07:43:32","guid":{"rendered":"https:\/\/elpromagroup.wersjaprojektowa.pl\/product\/fosrem\/"},"modified":"2023-07-19T09:43:32","modified_gmt":"2023-07-19T07:43:32","slug":"fosrem","status":"publish","type":"product","link":"https:\/\/elpromagroup.wersjaprojektowa.pl\/pl\/produkt\/fosrem\/","title":{"rendered":"FOSREM"},"content":{"rendered":"<p><strong><span style=\"font-size: inherit;\">FOSREM <\/span><\/strong><span style=\"font-size: inherit;\">to<\/span>mobilny, oparty na <strong>interferometrze Sagnaca<\/strong>, \u015bwiat\u0142owodowy system monitorowania (przez Internet lub GSM) zdarze\u0144 i zjawisk rotacyjnych (w pa\u015bmie detekcji 0,01 -100 Hz). Urz\u0105dzenie zostanie zoptymalizowane do pomiaru pr\u0119dko\u015bci obrotowej z rozdzielczo\u015bci\u0105 w zakresie 10E-8 rad\/s dla pasma detekcji 1 Hz. Powy\u017csza czu\u0142o\u015b\u0107, jak r\u00f3wnie\u017c pasmo przenoszenia spe\u0142niaj\u0105 oczekiwane zdarzenia rotacyjne i zjawiska zwi\u0105zane z nieregularnymi ruchami obiekt\u00f3w wyst\u0119puj\u0105cymi podczas silnych wiatr\u00f3w, ruch\u00f3w tektonicznych i trz\u0119sie\u0144 ziemi. W ten spos\u00f3b opracowany system jest dedykowany do <strong>monitorowania drga\u0144 obrotowych<\/strong> wyst\u0119puj\u0105cych w takich obiektach jak elektrownie wiatrowe, wysokie nieregularne budynki, mosty i niespokojne tereny.<\/p>\n<p>Projekt rozwijany jest od 2002 roku, najpierw w <a href=\"https:\/\/70.wat.edu.pl\/portfolio\/swiatlowodowy-sejsmograf-rotacyjny-fosrem\/\">Wojskowej Akademii Technicznej <\/a>we wsp\u00f3\u0142pracy z firm\u0105 m-Soft Sp. z o. o. Od 2021 roku Elproma Electronics opracowuje sz\u00f3st\u0105 generacj\u0119 czujnik\u00f3w FOSREM.<\/p>\n<p>Wi\u0119cej szczeg\u00f3\u0142\u00f3w na temat tego urz\u0105dzenia mo\u017cna znale\u017a\u0107 na stronie internetowej: https:\/\/fosrem.eu<\/p>\n<h3><\/h3>\n","protected":false},"excerpt":{"rendered":"<p>FOSREM tomobilny, oparty na interferometrze Sagnaca, \u015bwiat\u0142owodowy system monitorowania (przez Internet lub GSM) zdarze\u0144 i zjawisk rotacyjnych (w pa\u015bmie detekcji 0,01 -100 Hz). Urz\u0105dzenie zostanie zoptymalizowane do pomiaru pr\u0119dko\u015bci obrotowej z rozdzielczo\u015bci\u0105 w zakresie 10E-8 rad\/s dla pasma detekcji 1 Hz. Powy\u017csza czu\u0142o\u015b\u0107, jak r\u00f3wnie\u017c pasmo przenoszenia spe\u0142niaj\u0105 oczekiwane zdarzenia rotacyjne i zjawiska zwi\u0105zane z nieregularnymi ruchami obiekt\u00f3w wyst\u0119puj\u0105cymi podczas\u2026<\/p>\n","protected":false},"featured_media":3656,"template":"","meta":{"_acf_changed":false},"component":[],"product_brand":[],"product_cat":[231],"product_tag":[245,243,244],"class_list":{"0":"post-4172","1":"product","2":"type-product","3":"status-publish","4":"has-post-thumbnail","6":"product_cat-elproma-time-pl","7":"product_tag-phenomenamonitoring-pl","8":"product_tag-system-swiatlowodowy","9":"product_tag-interferometr-sagnac","11":"first","12":"instock","13":"downloadable","14":"shipping-taxable","15":"product-type-simple"},"acf":[],"yoast_head":"<!-- This site is optimized with the Yoast SEO plugin v27.3 - https:\/\/yoast.com\/product\/yoast-seo-wordpress\/ -->\n<title>FOSREM - Elproma<\/title>\n<meta name=\"robots\" content=\"noindex, follow, max-snippet:-1, max-image-preview:large, max-video-preview:-1\" \/>\n<meta property=\"og:locale\" content=\"pl_PL\" \/>\n<meta property=\"og:type\" content=\"article\" \/>\n<meta property=\"og:title\" content=\"FOSREM - Elproma\" \/>\n<meta property=\"og:description\" content=\"FOSREM tomobilny, oparty na interferometrze Sagnaca, \u015bwiat\u0142owodowy system monitorowania (przez Internet lub GSM) zdarze\u0144 i zjawisk rotacyjnych (w pa\u015bmie detekcji 0,01 -100 Hz). Urz\u0105dzenie zostanie zoptymalizowane do pomiaru pr\u0119dko\u015bci obrotowej z rozdzielczo\u015bci\u0105 w zakresie 10E-8 rad\/s dla pasma detekcji 1 Hz. Powy\u017csza czu\u0142o\u015b\u0107, jak r\u00f3wnie\u017c pasmo przenoszenia spe\u0142niaj\u0105 oczekiwane zdarzenia rotacyjne i zjawiska zwi\u0105zane z nieregularnymi ruchami obiekt\u00f3w wyst\u0119puj\u0105cymi podczas\u2026\" \/>\n<meta property=\"og:url\" content=\"https:\/\/elpromagroup.wersjaprojektowa.pl\/pl\/produkt\/fosrem\/\" \/>\n<meta property=\"og:site_name\" content=\"Elproma\" \/>\n<meta property=\"og:image\" content=\"https:\/\/elpromagroup.wersjaprojektowa.pl\/wp-content\/uploads\/2023\/07\/Fosrem.png\" \/>\n\t<meta property=\"og:image:width\" content=\"1471\" \/>\n\t<meta property=\"og:image:height\" content=\"1051\" \/>\n\t<meta property=\"og:image:type\" content=\"image\/png\" \/>\n<meta name=\"twitter:card\" content=\"summary_large_image\" \/>\n<meta name=\"twitter:label1\" content=\"Szacowany czas czytania\" \/>\n\t<meta name=\"twitter:data1\" content=\"1 minuta\" \/>\n<script type=\"application\/ld+json\" class=\"yoast-schema-graph\">{\"@context\":\"https:\\\/\\\/schema.org\",\"@graph\":[{\"@type\":\"WebPage\",\"@id\":\"https:\\\/\\\/elpromagroup.wersjaprojektowa.pl\\\/pl\\\/produkt\\\/fosrem\\\/\",\"url\":\"https:\\\/\\\/elpromagroup.wersjaprojektowa.pl\\\/pl\\\/produkt\\\/fosrem\\\/\",\"name\":\"FOSREM - Elproma\",\"isPartOf\":{\"@id\":\"https:\\\/\\\/elpromagroup.wersjaprojektowa.pl\\\/pl\\\/#website\"},\"primaryImageOfPage\":{\"@id\":\"https:\\\/\\\/elpromagroup.wersjaprojektowa.pl\\\/pl\\\/produkt\\\/fosrem\\\/#primaryimage\"},\"image\":{\"@id\":\"https:\\\/\\\/elpromagroup.wersjaprojektowa.pl\\\/pl\\\/produkt\\\/fosrem\\\/#primaryimage\"},\"thumbnailUrl\":\"https:\\\/\\\/elpromagroup.wersjaprojektowa.pl\\\/wp-content\\\/uploads\\\/2023\\\/07\\\/Fosrem.png\",\"datePublished\":\"2023-07-19T07:43:32+00:00\",\"breadcrumb\":{\"@id\":\"https:\\\/\\\/elpromagroup.wersjaprojektowa.pl\\\/pl\\\/produkt\\\/fosrem\\\/#breadcrumb\"},\"inLanguage\":\"pl-PL\",\"potentialAction\":[{\"@type\":\"ReadAction\",\"target\":[\"https:\\\/\\\/elpromagroup.wersjaprojektowa.pl\\\/pl\\\/produkt\\\/fosrem\\\/\"]}]},{\"@type\":\"ImageObject\",\"inLanguage\":\"pl-PL\",\"@id\":\"https:\\\/\\\/elpromagroup.wersjaprojektowa.pl\\\/pl\\\/produkt\\\/fosrem\\\/#primaryimage\",\"url\":\"https:\\\/\\\/elpromagroup.wersjaprojektowa.pl\\\/wp-content\\\/uploads\\\/2023\\\/07\\\/Fosrem.png\",\"contentUrl\":\"https:\\\/\\\/elpromagroup.wersjaprojektowa.pl\\\/wp-content\\\/uploads\\\/2023\\\/07\\\/Fosrem.png\",\"width\":1471,\"height\":1051},{\"@type\":\"BreadcrumbList\",\"@id\":\"https:\\\/\\\/elpromagroup.wersjaprojektowa.pl\\\/pl\\\/produkt\\\/fosrem\\\/#breadcrumb\",\"itemListElement\":[{\"@type\":\"ListItem\",\"position\":1,\"name\":\"Home\",\"item\":\"https:\\\/\\\/elpromagroup.wersjaprojektowa.pl\\\/pl\\\/strona-glowna\\\/\"},{\"@type\":\"ListItem\",\"position\":2,\"name\":\"Sklep\",\"item\":\"https:\\\/\\\/elpromagroup.wersjaprojektowa.pl\\\/pl\\\/sklep\\\/\"},{\"@type\":\"ListItem\",\"position\":3,\"name\":\"FOSREM\"}]},{\"@type\":\"WebSite\",\"@id\":\"https:\\\/\\\/elpromagroup.wersjaprojektowa.pl\\\/pl\\\/#website\",\"url\":\"https:\\\/\\\/elpromagroup.wersjaprojektowa.pl\\\/pl\\\/\",\"name\":\"Elproma\",\"description\":\"\",\"potentialAction\":[{\"@type\":\"SearchAction\",\"target\":{\"@type\":\"EntryPoint\",\"urlTemplate\":\"https:\\\/\\\/elpromagroup.wersjaprojektowa.pl\\\/pl\\\/?s={search_term_string}\"},\"query-input\":{\"@type\":\"PropertyValueSpecification\",\"valueRequired\":true,\"valueName\":\"search_term_string\"}}],\"inLanguage\":\"pl-PL\"}]}<\/script>\n<!-- \/ Yoast SEO plugin. -->","yoast_head_json":{"title":"FOSREM - Elproma","robots":{"index":"noindex","follow":"follow","max-snippet":"max-snippet:-1","max-image-preview":"max-image-preview:large","max-video-preview":"max-video-preview:-1"},"og_locale":"pl_PL","og_type":"article","og_title":"FOSREM - Elproma","og_description":"FOSREM tomobilny, oparty na interferometrze Sagnaca, \u015bwiat\u0142owodowy system monitorowania (przez Internet lub GSM) zdarze\u0144 i zjawisk rotacyjnych (w pa\u015bmie detekcji 0,01 -100 Hz). Urz\u0105dzenie zostanie zoptymalizowane do pomiaru pr\u0119dko\u015bci obrotowej z rozdzielczo\u015bci\u0105 w zakresie 10E-8 rad\/s dla pasma detekcji 1 Hz. Powy\u017csza czu\u0142o\u015b\u0107, jak r\u00f3wnie\u017c pasmo przenoszenia spe\u0142niaj\u0105 oczekiwane zdarzenia rotacyjne i zjawiska zwi\u0105zane z nieregularnymi ruchami obiekt\u00f3w wyst\u0119puj\u0105cymi podczas\u2026","og_url":"https:\/\/elpromagroup.wersjaprojektowa.pl\/pl\/produkt\/fosrem\/","og_site_name":"Elproma","og_image":[{"width":1471,"height":1051,"url":"https:\/\/elpromagroup.wersjaprojektowa.pl\/wp-content\/uploads\/2023\/07\/Fosrem.png","type":"image\/png"}],"twitter_card":"summary_large_image","twitter_misc":{"Szacowany czas czytania":"1 minuta"},"schema":{"@context":"https:\/\/schema.org","@graph":[{"@type":"WebPage","@id":"https:\/\/elpromagroup.wersjaprojektowa.pl\/pl\/produkt\/fosrem\/","url":"https:\/\/elpromagroup.wersjaprojektowa.pl\/pl\/produkt\/fosrem\/","name":"FOSREM - Elproma","isPartOf":{"@id":"https:\/\/elpromagroup.wersjaprojektowa.pl\/pl\/#website"},"primaryImageOfPage":{"@id":"https:\/\/elpromagroup.wersjaprojektowa.pl\/pl\/produkt\/fosrem\/#primaryimage"},"image":{"@id":"https:\/\/elpromagroup.wersjaprojektowa.pl\/pl\/produkt\/fosrem\/#primaryimage"},"thumbnailUrl":"https:\/\/elpromagroup.wersjaprojektowa.pl\/wp-content\/uploads\/2023\/07\/Fosrem.png","datePublished":"2023-07-19T07:43:32+00:00","breadcrumb":{"@id":"https:\/\/elpromagroup.wersjaprojektowa.pl\/pl\/produkt\/fosrem\/#breadcrumb"},"inLanguage":"pl-PL","potentialAction":[{"@type":"ReadAction","target":["https:\/\/elpromagroup.wersjaprojektowa.pl\/pl\/produkt\/fosrem\/"]}]},{"@type":"ImageObject","inLanguage":"pl-PL","@id":"https:\/\/elpromagroup.wersjaprojektowa.pl\/pl\/produkt\/fosrem\/#primaryimage","url":"https:\/\/elpromagroup.wersjaprojektowa.pl\/wp-content\/uploads\/2023\/07\/Fosrem.png","contentUrl":"https:\/\/elpromagroup.wersjaprojektowa.pl\/wp-content\/uploads\/2023\/07\/Fosrem.png","width":1471,"height":1051},{"@type":"BreadcrumbList","@id":"https:\/\/elpromagroup.wersjaprojektowa.pl\/pl\/produkt\/fosrem\/#breadcrumb","itemListElement":[{"@type":"ListItem","position":1,"name":"Home","item":"https:\/\/elpromagroup.wersjaprojektowa.pl\/pl\/strona-glowna\/"},{"@type":"ListItem","position":2,"name":"Sklep","item":"https:\/\/elpromagroup.wersjaprojektowa.pl\/pl\/sklep\/"},{"@type":"ListItem","position":3,"name":"FOSREM"}]},{"@type":"WebSite","@id":"https:\/\/elpromagroup.wersjaprojektowa.pl\/pl\/#website","url":"https:\/\/elpromagroup.wersjaprojektowa.pl\/pl\/","name":"Elproma","description":"","potentialAction":[{"@type":"SearchAction","target":{"@type":"EntryPoint","urlTemplate":"https:\/\/elpromagroup.wersjaprojektowa.pl\/pl\/?s={search_term_string}"},"query-input":{"@type":"PropertyValueSpecification","valueRequired":true,"valueName":"search_term_string"}}],"inLanguage":"pl-PL"}]}},"_links":{"self":[{"href":"https:\/\/elpromagroup.wersjaprojektowa.pl\/pl\/wp-json\/wp\/v2\/product\/4172","targetHints":{"allow":["GET"]}}],"collection":[{"href":"https:\/\/elpromagroup.wersjaprojektowa.pl\/pl\/wp-json\/wp\/v2\/product"}],"about":[{"href":"https:\/\/elpromagroup.wersjaprojektowa.pl\/pl\/wp-json\/wp\/v2\/types\/product"}],"version-history":[{"count":0,"href":"https:\/\/elpromagroup.wersjaprojektowa.pl\/pl\/wp-json\/wp\/v2\/product\/4172\/revisions"}],"wp:featuredmedia":[{"embeddable":true,"href":"https:\/\/elpromagroup.wersjaprojektowa.pl\/pl\/wp-json\/wp\/v2\/media\/3656"}],"wp:attachment":[{"href":"https:\/\/elpromagroup.wersjaprojektowa.pl\/pl\/wp-json\/wp\/v2\/media?parent=4172"}],"wp:term":[{"taxonomy":"component","embeddable":true,"href":"https:\/\/elpromagroup.wersjaprojektowa.pl\/pl\/wp-json\/wp\/v2\/component?post=4172"},{"taxonomy":"product_brand","embeddable":true,"href":"https:\/\/elpromagroup.wersjaprojektowa.pl\/pl\/wp-json\/wp\/v2\/product_brand?post=4172"},{"taxonomy":"product_cat","embeddable":true,"href":"https:\/\/elpromagroup.wersjaprojektowa.pl\/pl\/wp-json\/wp\/v2\/product_cat?post=4172"},{"taxonomy":"product_tag","embeddable":true,"href":"https:\/\/elpromagroup.wersjaprojektowa.pl\/pl\/wp-json\/wp\/v2\/product_tag?post=4172"}],"curies":[{"name":"wp","href":"https:\/\/api.w.org\/{rel}","templated":true}]}}