{"id":4166,"date":"2023-08-08T12:29:13","date_gmt":"2023-08-08T10:29:13","guid":{"rendered":"https:\/\/elpromagroup.wersjaprojektowa.pl\/product\/rb900-pro\/"},"modified":"2023-08-08T12:29:13","modified_gmt":"2023-08-08T10:29:13","slug":"rb900-pro","status":"publish","type":"product","link":"https:\/\/elpromagroup.wersjaprojektowa.pl\/pl\/produkt\/rb900-pro\/","title":{"rendered":"RB900-PRO"},"content":{"rendered":"<p style=\"text-align: left;\">Seria terminali <strong>RB900-PRO<\/strong> to kompletne rozwi\u0105zanie modemowe dla bezprzewodowych aplikacji m2m. Oparty na wysokiej jako\u015bci module, RB900-PRO oferuje wysoki poziom GSM\/UMTS\/ LTE Cat. 1, GPIO, OneWire, opcjonalny Dual SIM, MIMO, odbiornik GNSS i wewn\u0119trzna bateria w kompaktowej aluminiowej obudowie ze wszystkimi standardowymi interfejsami. Niewielkie rozmiary i szeroki zakres napi\u0119cia zasilania u\u0142atwiaj\u0105 integracj\u0119 ze wszystkimi rodzajami maszyn. Urz\u0105dzenie mo\u017ce by\u0107 sterowane za pomoc\u0105 standardowych komend AT lub aplikacji klienta (dost\u0119pny system Linux).<\/p>\n<p>Seria modem\u00f3w RB900-PRO<strong> umo\u017cliwiaj\u0105ca po\u0142\u0105czenia e-mail, SMS, TCP\/UDP\/PPP i SMTP<\/strong> jest <strong>uniwersalnym rozwi\u0105zaniem dla wszystkich niskonak\u0142adowych aplikacji M2M i mobilnych aplikacji danych, w tym<\/strong>pomiar\u00f3w, system\u00f3w ruchu, transportu i logistyki, bezpiecze\u0144stwa, automat\u00f3w sprzedaj\u0105cych i zarz\u0105dzania obiektami.<\/p>\n","protected":false},"excerpt":{"rendered":"<p>Seria terminali RB900-PRO to kompletne rozwi\u0105zanie modemowe dla bezprzewodowych aplikacji m2m. Oparty na wysokiej jako\u015bci module, RB900-PRO oferuje wysoki poziom GSM\/UMTS\/ LTE Cat. 1, GPIO, OneWire, opcjonalny Dual SIM, MIMO, odbiornik GNSS i wewn\u0119trzna bateria w kompaktowej aluminiowej obudowie ze wszystkimi standardowymi interfejsami. Niewielkie rozmiary i szeroki zakres napi\u0119cia zasilania u\u0142atwiaj\u0105 integracj\u0119 ze wszystkimi rodzajami maszyn. Urz\u0105dzenie mo\u017ce by\u0107 sterowane\u2026<\/p>\n","protected":false},"featured_media":3616,"template":"","meta":{"_acf_changed":false},"component":[],"product_brand":[],"product_cat":[223],"product_tag":[240,237,239,238,242,241],"class_list":{"0":"post-4166","1":"product","2":"type-product","3":"status-publish","4":"has-post-thumbnail","6":"product_cat-telemetry-pl","7":"product_tag-automatyczny-odczyt-licznikow","8":"product_tag-automatyzacja-przemyslu","9":"product_tag-licznik-energii","10":"product_tag-stacje-pogodowe","11":"product_tag-teletechnika","12":"product_tag-zaawansowana-infrastruktura-pomiarowa","14":"first","15":"instock","16":"downloadable","17":"shipping-taxable","18":"product-type-simple"},"acf":[],"yoast_head":"<!-- This site is optimized with the Yoast SEO plugin v27.3 - https:\/\/yoast.com\/product\/yoast-seo-wordpress\/ -->\n<title>RB900-PRO - Elproma<\/title>\n<meta name=\"description\" content=\"terminal z wysokim poziomem GSM\/UMTS\/ LTE Cat. 1 modu\u0142, GPIO, opcjonalnie Dual SIM, MIMO, odbiornik GNSS, w\u0142\u0105czanie e-mail, SMS, TCP\/UDP\/PPP i SMTP, komendy AT\" \/>\n<meta name=\"robots\" content=\"noindex, follow, max-snippet:-1, max-image-preview:large, max-video-preview:-1\" \/>\n<meta property=\"og:locale\" content=\"pl_PL\" \/>\n<meta property=\"og:type\" content=\"article\" \/>\n<meta property=\"og:title\" content=\"RB900-PRO - Elproma\" \/>\n<meta property=\"og:description\" content=\"terminal z wysokim poziomem GSM\/UMTS\/ LTE Cat. 1 modu\u0142, GPIO, opcjonalnie Dual SIM, MIMO, odbiornik GNSS, w\u0142\u0105czanie e-mail, SMS, TCP\/UDP\/PPP i SMTP, komendy AT\" \/>\n<meta property=\"og:url\" content=\"https:\/\/elpromagroup.wersjaprojektowa.pl\/pl\/produkt\/rb900-pro\/\" \/>\n<meta property=\"og:site_name\" content=\"Elproma\" \/>\n<meta property=\"og:image\" content=\"https:\/\/elpromagroup.wersjaprojektowa.pl\/wp-content\/uploads\/2023\/08\/rb900-pro.jpg\" \/>\n\t<meta property=\"og:image:width\" content=\"800\" \/>\n\t<meta property=\"og:image:height\" content=\"800\" \/>\n\t<meta property=\"og:image:type\" content=\"image\/jpeg\" \/>\n<meta name=\"twitter:card\" content=\"summary_large_image\" \/>\n<meta name=\"twitter:label1\" content=\"Szacowany czas czytania\" \/>\n\t<meta name=\"twitter:data1\" content=\"1 minuta\" \/>\n<script type=\"application\/ld+json\" class=\"yoast-schema-graph\">{\"@context\":\"https:\\\/\\\/schema.org\",\"@graph\":[{\"@type\":\"WebPage\",\"@id\":\"https:\\\/\\\/elpromagroup.wersjaprojektowa.pl\\\/pl\\\/produkt\\\/rb900-pro\\\/\",\"url\":\"https:\\\/\\\/elpromagroup.wersjaprojektowa.pl\\\/pl\\\/produkt\\\/rb900-pro\\\/\",\"name\":\"RB900-PRO - Elproma\",\"isPartOf\":{\"@id\":\"https:\\\/\\\/elpromagroup.wersjaprojektowa.pl\\\/pl\\\/#website\"},\"primaryImageOfPage\":{\"@id\":\"https:\\\/\\\/elpromagroup.wersjaprojektowa.pl\\\/pl\\\/produkt\\\/rb900-pro\\\/#primaryimage\"},\"image\":{\"@id\":\"https:\\\/\\\/elpromagroup.wersjaprojektowa.pl\\\/pl\\\/produkt\\\/rb900-pro\\\/#primaryimage\"},\"thumbnailUrl\":\"https:\\\/\\\/elpromagroup.wersjaprojektowa.pl\\\/wp-content\\\/uploads\\\/2023\\\/08\\\/rb900-pro.jpg\",\"datePublished\":\"2023-08-08T10:29:13+00:00\",\"description\":\"terminal z wysokim poziomem GSM\\\/UMTS\\\/ LTE Cat. 1 modu\u0142, GPIO, opcjonalnie Dual SIM, MIMO, odbiornik GNSS, w\u0142\u0105czanie e-mail, SMS, TCP\\\/UDP\\\/PPP i SMTP, komendy AT\",\"breadcrumb\":{\"@id\":\"https:\\\/\\\/elpromagroup.wersjaprojektowa.pl\\\/pl\\\/produkt\\\/rb900-pro\\\/#breadcrumb\"},\"inLanguage\":\"pl-PL\",\"potentialAction\":[{\"@type\":\"ReadAction\",\"target\":[\"https:\\\/\\\/elpromagroup.wersjaprojektowa.pl\\\/pl\\\/produkt\\\/rb900-pro\\\/\"]}]},{\"@type\":\"ImageObject\",\"inLanguage\":\"pl-PL\",\"@id\":\"https:\\\/\\\/elpromagroup.wersjaprojektowa.pl\\\/pl\\\/produkt\\\/rb900-pro\\\/#primaryimage\",\"url\":\"https:\\\/\\\/elpromagroup.wersjaprojektowa.pl\\\/wp-content\\\/uploads\\\/2023\\\/08\\\/rb900-pro.jpg\",\"contentUrl\":\"https:\\\/\\\/elpromagroup.wersjaprojektowa.pl\\\/wp-content\\\/uploads\\\/2023\\\/08\\\/rb900-pro.jpg\",\"width\":800,\"height\":800,\"caption\":\"PROGRAMMABLE, LOW COST GSM\\\/UMTS\\\/LTE TERMINALS\"},{\"@type\":\"BreadcrumbList\",\"@id\":\"https:\\\/\\\/elpromagroup.wersjaprojektowa.pl\\\/pl\\\/produkt\\\/rb900-pro\\\/#breadcrumb\",\"itemListElement\":[{\"@type\":\"ListItem\",\"position\":1,\"name\":\"Home\",\"item\":\"https:\\\/\\\/elpromagroup.wersjaprojektowa.pl\\\/pl\\\/strona-glowna\\\/\"},{\"@type\":\"ListItem\",\"position\":2,\"name\":\"Sklep\",\"item\":\"https:\\\/\\\/elpromagroup.wersjaprojektowa.pl\\\/pl\\\/sklep\\\/\"},{\"@type\":\"ListItem\",\"position\":3,\"name\":\"RB900-PRO\"}]},{\"@type\":\"WebSite\",\"@id\":\"https:\\\/\\\/elpromagroup.wersjaprojektowa.pl\\\/pl\\\/#website\",\"url\":\"https:\\\/\\\/elpromagroup.wersjaprojektowa.pl\\\/pl\\\/\",\"name\":\"Elproma\",\"description\":\"\",\"potentialAction\":[{\"@type\":\"SearchAction\",\"target\":{\"@type\":\"EntryPoint\",\"urlTemplate\":\"https:\\\/\\\/elpromagroup.wersjaprojektowa.pl\\\/pl\\\/?s={search_term_string}\"},\"query-input\":{\"@type\":\"PropertyValueSpecification\",\"valueRequired\":true,\"valueName\":\"search_term_string\"}}],\"inLanguage\":\"pl-PL\"}]}<\/script>\n<!-- \/ Yoast SEO plugin. -->","yoast_head_json":{"title":"RB900-PRO - Elproma","description":"terminal z wysokim poziomem GSM\/UMTS\/ LTE Cat. 1 modu\u0142, GPIO, opcjonalnie Dual SIM, MIMO, odbiornik GNSS, w\u0142\u0105czanie e-mail, SMS, TCP\/UDP\/PPP i SMTP, komendy AT","robots":{"index":"noindex","follow":"follow","max-snippet":"max-snippet:-1","max-image-preview":"max-image-preview:large","max-video-preview":"max-video-preview:-1"},"og_locale":"pl_PL","og_type":"article","og_title":"RB900-PRO - Elproma","og_description":"terminal z wysokim poziomem GSM\/UMTS\/ LTE Cat. 1 modu\u0142, GPIO, opcjonalnie Dual SIM, MIMO, odbiornik GNSS, w\u0142\u0105czanie e-mail, SMS, TCP\/UDP\/PPP i SMTP, komendy AT","og_url":"https:\/\/elpromagroup.wersjaprojektowa.pl\/pl\/produkt\/rb900-pro\/","og_site_name":"Elproma","og_image":[{"width":800,"height":800,"url":"https:\/\/elpromagroup.wersjaprojektowa.pl\/wp-content\/uploads\/2023\/08\/rb900-pro.jpg","type":"image\/jpeg"}],"twitter_card":"summary_large_image","twitter_misc":{"Szacowany czas czytania":"1 minuta"},"schema":{"@context":"https:\/\/schema.org","@graph":[{"@type":"WebPage","@id":"https:\/\/elpromagroup.wersjaprojektowa.pl\/pl\/produkt\/rb900-pro\/","url":"https:\/\/elpromagroup.wersjaprojektowa.pl\/pl\/produkt\/rb900-pro\/","name":"RB900-PRO - Elproma","isPartOf":{"@id":"https:\/\/elpromagroup.wersjaprojektowa.pl\/pl\/#website"},"primaryImageOfPage":{"@id":"https:\/\/elpromagroup.wersjaprojektowa.pl\/pl\/produkt\/rb900-pro\/#primaryimage"},"image":{"@id":"https:\/\/elpromagroup.wersjaprojektowa.pl\/pl\/produkt\/rb900-pro\/#primaryimage"},"thumbnailUrl":"https:\/\/elpromagroup.wersjaprojektowa.pl\/wp-content\/uploads\/2023\/08\/rb900-pro.jpg","datePublished":"2023-08-08T10:29:13+00:00","description":"terminal z wysokim poziomem GSM\/UMTS\/ LTE Cat. 1 modu\u0142, GPIO, opcjonalnie Dual SIM, MIMO, odbiornik GNSS, w\u0142\u0105czanie e-mail, SMS, TCP\/UDP\/PPP i SMTP, komendy AT","breadcrumb":{"@id":"https:\/\/elpromagroup.wersjaprojektowa.pl\/pl\/produkt\/rb900-pro\/#breadcrumb"},"inLanguage":"pl-PL","potentialAction":[{"@type":"ReadAction","target":["https:\/\/elpromagroup.wersjaprojektowa.pl\/pl\/produkt\/rb900-pro\/"]}]},{"@type":"ImageObject","inLanguage":"pl-PL","@id":"https:\/\/elpromagroup.wersjaprojektowa.pl\/pl\/produkt\/rb900-pro\/#primaryimage","url":"https:\/\/elpromagroup.wersjaprojektowa.pl\/wp-content\/uploads\/2023\/08\/rb900-pro.jpg","contentUrl":"https:\/\/elpromagroup.wersjaprojektowa.pl\/wp-content\/uploads\/2023\/08\/rb900-pro.jpg","width":800,"height":800,"caption":"PROGRAMMABLE, LOW COST GSM\/UMTS\/LTE TERMINALS"},{"@type":"BreadcrumbList","@id":"https:\/\/elpromagroup.wersjaprojektowa.pl\/pl\/produkt\/rb900-pro\/#breadcrumb","itemListElement":[{"@type":"ListItem","position":1,"name":"Home","item":"https:\/\/elpromagroup.wersjaprojektowa.pl\/pl\/strona-glowna\/"},{"@type":"ListItem","position":2,"name":"Sklep","item":"https:\/\/elpromagroup.wersjaprojektowa.pl\/pl\/sklep\/"},{"@type":"ListItem","position":3,"name":"RB900-PRO"}]},{"@type":"WebSite","@id":"https:\/\/elpromagroup.wersjaprojektowa.pl\/pl\/#website","url":"https:\/\/elpromagroup.wersjaprojektowa.pl\/pl\/","name":"Elproma","description":"","potentialAction":[{"@type":"SearchAction","target":{"@type":"EntryPoint","urlTemplate":"https:\/\/elpromagroup.wersjaprojektowa.pl\/pl\/?s={search_term_string}"},"query-input":{"@type":"PropertyValueSpecification","valueRequired":true,"valueName":"search_term_string"}}],"inLanguage":"pl-PL"}]}},"_links":{"self":[{"href":"https:\/\/elpromagroup.wersjaprojektowa.pl\/pl\/wp-json\/wp\/v2\/product\/4166","targetHints":{"allow":["GET"]}}],"collection":[{"href":"https:\/\/elpromagroup.wersjaprojektowa.pl\/pl\/wp-json\/wp\/v2\/product"}],"about":[{"href":"https:\/\/elpromagroup.wersjaprojektowa.pl\/pl\/wp-json\/wp\/v2\/types\/product"}],"version-history":[{"count":0,"href":"https:\/\/elpromagroup.wersjaprojektowa.pl\/pl\/wp-json\/wp\/v2\/product\/4166\/revisions"}],"wp:featuredmedia":[{"embeddable":true,"href":"https:\/\/elpromagroup.wersjaprojektowa.pl\/pl\/wp-json\/wp\/v2\/media\/3616"}],"wp:attachment":[{"href":"https:\/\/elpromagroup.wersjaprojektowa.pl\/pl\/wp-json\/wp\/v2\/media?parent=4166"}],"wp:term":[{"taxonomy":"component","embeddable":true,"href":"https:\/\/elpromagroup.wersjaprojektowa.pl\/pl\/wp-json\/wp\/v2\/component?post=4166"},{"taxonomy":"product_brand","embeddable":true,"href":"https:\/\/elpromagroup.wersjaprojektowa.pl\/pl\/wp-json\/wp\/v2\/product_brand?post=4166"},{"taxonomy":"product_cat","embeddable":true,"href":"https:\/\/elpromagroup.wersjaprojektowa.pl\/pl\/wp-json\/wp\/v2\/product_cat?post=4166"},{"taxonomy":"product_tag","embeddable":true,"href":"https:\/\/elpromagroup.wersjaprojektowa.pl\/pl\/wp-json\/wp\/v2\/product_tag?post=4166"}],"curies":[{"name":"wp","href":"https:\/\/api.w.org\/{rel}","templated":true}]}}