{"id":4121,"date":"2024-01-18T13:09:42","date_gmt":"2024-01-18T12:09:42","guid":{"rendered":"https:\/\/elpromagroup.wersjaprojektowa.pl\/product\/rb900sg-openwrt\/"},"modified":"2024-01-18T13:09:42","modified_gmt":"2024-01-18T12:09:42","slug":"rb900sg-openwrt","status":"publish","type":"product","link":"https:\/\/elpromagroup.wersjaprojektowa.pl\/pl\/produkt\/rb900sg-openwrt\/","title":{"rendered":"RB900SG OpenWRT"},"content":{"rendered":"<p style=\"text-align: left;\"><strong> RB900SG<\/strong> z oprogramowaniem ElpOS opartym na OpenWrt Linux jest wydajnym rozwi\u0105zaniem dla <strong>bezprzewodowych aplikacji M2M<\/strong>. ElpOS umo\u017cliwia elastyczne dostosowywanie oprogramowania, takie jak konwerter protoko\u0142\u00f3w przemys\u0142owych: Modbus, tryb transaprent (dane do serwera), bramka MQTT lub inne specjalne rozwi\u0105zania klienta.<\/p>\n<p style=\"text-align: left;\">RB900SG jest dedykowany do wsp\u00f3\u0142pracy z systemami nadzoru i akwizycji danych<strong>(SCADA<\/strong>) oraz systemami zdalnego zarz\u0105dzania. W po\u0142\u0105czeniu z przemys\u0142owym systemem zarz\u0105dzania urz\u0105dzeniami Elproma (EDMS) tworzy kompleksowe rozwi\u0105zanie do globalnego zarz\u0105dzania wdro\u017ceniami.<\/p>\n<p style=\"text-align: left;\">Urz\u0105dzenie bazuje na wysokiej jako\u015bci module i oferuje funkcje <strong>LTE Cat. 4<\/strong> (z mo\u017cliwo\u015bci\u0105 powrotu do 3G i 2G) w kompaktowej plastikowej obudowie z interfejsami RS232\/RS485\/RS422.<\/p>\n","protected":false},"excerpt":{"rendered":"<p><strong>Uniwersalna szeregowa bramka danych GSM dla przemys\u0142owych aplikacji IoT.  <u><br \/>\n<\/u><u><br \/>\n<\/u><\/strong><\/p>\n","protected":false},"featured_media":3719,"template":"","meta":{"_acf_changed":false},"component":[],"product_brand":[],"product_cat":[223],"product_tag":[224,229,227,228,226,225],"class_list":{"0":"post-4121","1":"product","2":"type-product","3":"status-publish","4":"has-post-thumbnail","6":"product_cat-telemetry-pl","7":"product_tag-gateway-pl","8":"product_tag-gsmgateway-pl","9":"product_tag-linux-pl","10":"product_tag-ltecat-4-pl","11":"product_tag-openwrt-pl","12":"product_tag-scada-pl","14":"first","15":"instock","16":"downloadable","17":"shipping-taxable","18":"product-type-simple"},"acf":[],"yoast_head":"<!-- This site is optimized with the Yoast SEO plugin v27.3 - https:\/\/yoast.com\/product\/yoast-seo-wordpress\/ -->\n<title>RB900SG OpenWRT - Elproma<\/title>\n<meta name=\"description\" content=\"getaway z oprogramowaniem ElpOS opartym na OpenWrt Linux, konwerter bram przemys\u0142owych: Modbus, tryb transaprent (dane do serwera), MQTT ,wsp\u00f3\u0142praca ze SCADA ,LTE Cat. 4\" \/>\n<meta name=\"robots\" content=\"noindex, follow, max-snippet:-1, max-image-preview:large, max-video-preview:-1\" \/>\n<meta property=\"og:locale\" content=\"pl_PL\" \/>\n<meta property=\"og:type\" content=\"article\" \/>\n<meta property=\"og:title\" content=\"RB900SG OpenWRT - Elproma\" \/>\n<meta property=\"og:description\" content=\"getaway z oprogramowaniem ElpOS opartym na OpenWrt Linux, konwerter bram przemys\u0142owych: Modbus, tryb transaprent (dane do serwera), MQTT ,wsp\u00f3\u0142praca ze SCADA ,LTE Cat. 4\" \/>\n<meta property=\"og:url\" content=\"https:\/\/elpromagroup.wersjaprojektowa.pl\/pl\/produkt\/rb900sg-openwrt\/\" \/>\n<meta property=\"og:site_name\" content=\"Elproma\" \/>\n<meta property=\"og:image\" content=\"https:\/\/elpromagroup.wersjaprojektowa.pl\/wp-content\/uploads\/2024\/01\/RB900SG.jpg\" \/>\n\t<meta property=\"og:image:width\" content=\"800\" \/>\n\t<meta property=\"og:image:height\" content=\"800\" \/>\n\t<meta property=\"og:image:type\" content=\"image\/jpeg\" \/>\n<meta name=\"twitter:card\" content=\"summary_large_image\" \/>\n<meta name=\"twitter:label1\" content=\"Szacowany czas czytania\" \/>\n\t<meta name=\"twitter:data1\" content=\"1 minuta\" \/>\n<script type=\"application\/ld+json\" class=\"yoast-schema-graph\">{\"@context\":\"https:\\\/\\\/schema.org\",\"@graph\":[{\"@type\":\"WebPage\",\"@id\":\"https:\\\/\\\/elpromagroup.wersjaprojektowa.pl\\\/pl\\\/produkt\\\/rb900sg-openwrt\\\/\",\"url\":\"https:\\\/\\\/elpromagroup.wersjaprojektowa.pl\\\/pl\\\/produkt\\\/rb900sg-openwrt\\\/\",\"name\":\"RB900SG OpenWRT - Elproma\",\"isPartOf\":{\"@id\":\"https:\\\/\\\/elpromagroup.wersjaprojektowa.pl\\\/pl\\\/#website\"},\"primaryImageOfPage\":{\"@id\":\"https:\\\/\\\/elpromagroup.wersjaprojektowa.pl\\\/pl\\\/produkt\\\/rb900sg-openwrt\\\/#primaryimage\"},\"image\":{\"@id\":\"https:\\\/\\\/elpromagroup.wersjaprojektowa.pl\\\/pl\\\/produkt\\\/rb900sg-openwrt\\\/#primaryimage\"},\"thumbnailUrl\":\"https:\\\/\\\/elpromagroup.wersjaprojektowa.pl\\\/wp-content\\\/uploads\\\/2024\\\/01\\\/RB900SG.jpg\",\"datePublished\":\"2024-01-18T12:09:42+00:00\",\"description\":\"getaway z oprogramowaniem ElpOS opartym na OpenWrt Linux, konwerter bram przemys\u0142owych: Modbus, tryb transaprent (dane do serwera), MQTT ,wsp\u00f3\u0142praca ze SCADA ,LTE Cat. 4\",\"breadcrumb\":{\"@id\":\"https:\\\/\\\/elpromagroup.wersjaprojektowa.pl\\\/pl\\\/produkt\\\/rb900sg-openwrt\\\/#breadcrumb\"},\"inLanguage\":\"pl-PL\",\"potentialAction\":[{\"@type\":\"ReadAction\",\"target\":[\"https:\\\/\\\/elpromagroup.wersjaprojektowa.pl\\\/pl\\\/produkt\\\/rb900sg-openwrt\\\/\"]}]},{\"@type\":\"ImageObject\",\"inLanguage\":\"pl-PL\",\"@id\":\"https:\\\/\\\/elpromagroup.wersjaprojektowa.pl\\\/pl\\\/produkt\\\/rb900sg-openwrt\\\/#primaryimage\",\"url\":\"https:\\\/\\\/elpromagroup.wersjaprojektowa.pl\\\/wp-content\\\/uploads\\\/2024\\\/01\\\/RB900SG.jpg\",\"contentUrl\":\"https:\\\/\\\/elpromagroup.wersjaprojektowa.pl\\\/wp-content\\\/uploads\\\/2024\\\/01\\\/RB900SG.jpg\",\"width\":800,\"height\":800},{\"@type\":\"BreadcrumbList\",\"@id\":\"https:\\\/\\\/elpromagroup.wersjaprojektowa.pl\\\/pl\\\/produkt\\\/rb900sg-openwrt\\\/#breadcrumb\",\"itemListElement\":[{\"@type\":\"ListItem\",\"position\":1,\"name\":\"Home\",\"item\":\"https:\\\/\\\/elpromagroup.wersjaprojektowa.pl\\\/pl\\\/strona-glowna\\\/\"},{\"@type\":\"ListItem\",\"position\":2,\"name\":\"Sklep\",\"item\":\"https:\\\/\\\/elpromagroup.wersjaprojektowa.pl\\\/pl\\\/sklep\\\/\"},{\"@type\":\"ListItem\",\"position\":3,\"name\":\"RB900SG OpenWRT\"}]},{\"@type\":\"WebSite\",\"@id\":\"https:\\\/\\\/elpromagroup.wersjaprojektowa.pl\\\/pl\\\/#website\",\"url\":\"https:\\\/\\\/elpromagroup.wersjaprojektowa.pl\\\/pl\\\/\",\"name\":\"Elproma\",\"description\":\"\",\"potentialAction\":[{\"@type\":\"SearchAction\",\"target\":{\"@type\":\"EntryPoint\",\"urlTemplate\":\"https:\\\/\\\/elpromagroup.wersjaprojektowa.pl\\\/pl\\\/?s={search_term_string}\"},\"query-input\":{\"@type\":\"PropertyValueSpecification\",\"valueRequired\":true,\"valueName\":\"search_term_string\"}}],\"inLanguage\":\"pl-PL\"}]}<\/script>\n<!-- \/ Yoast SEO plugin. -->","yoast_head_json":{"title":"RB900SG OpenWRT - Elproma","description":"getaway z oprogramowaniem ElpOS opartym na OpenWrt Linux, konwerter bram przemys\u0142owych: Modbus, tryb transaprent (dane do serwera), MQTT ,wsp\u00f3\u0142praca ze SCADA ,LTE Cat. 4","robots":{"index":"noindex","follow":"follow","max-snippet":"max-snippet:-1","max-image-preview":"max-image-preview:large","max-video-preview":"max-video-preview:-1"},"og_locale":"pl_PL","og_type":"article","og_title":"RB900SG OpenWRT - Elproma","og_description":"getaway z oprogramowaniem ElpOS opartym na OpenWrt Linux, konwerter bram przemys\u0142owych: Modbus, tryb transaprent (dane do serwera), MQTT ,wsp\u00f3\u0142praca ze SCADA ,LTE Cat. 4","og_url":"https:\/\/elpromagroup.wersjaprojektowa.pl\/pl\/produkt\/rb900sg-openwrt\/","og_site_name":"Elproma","og_image":[{"width":800,"height":800,"url":"https:\/\/elpromagroup.wersjaprojektowa.pl\/wp-content\/uploads\/2024\/01\/RB900SG.jpg","type":"image\/jpeg"}],"twitter_card":"summary_large_image","twitter_misc":{"Szacowany czas czytania":"1 minuta"},"schema":{"@context":"https:\/\/schema.org","@graph":[{"@type":"WebPage","@id":"https:\/\/elpromagroup.wersjaprojektowa.pl\/pl\/produkt\/rb900sg-openwrt\/","url":"https:\/\/elpromagroup.wersjaprojektowa.pl\/pl\/produkt\/rb900sg-openwrt\/","name":"RB900SG OpenWRT - Elproma","isPartOf":{"@id":"https:\/\/elpromagroup.wersjaprojektowa.pl\/pl\/#website"},"primaryImageOfPage":{"@id":"https:\/\/elpromagroup.wersjaprojektowa.pl\/pl\/produkt\/rb900sg-openwrt\/#primaryimage"},"image":{"@id":"https:\/\/elpromagroup.wersjaprojektowa.pl\/pl\/produkt\/rb900sg-openwrt\/#primaryimage"},"thumbnailUrl":"https:\/\/elpromagroup.wersjaprojektowa.pl\/wp-content\/uploads\/2024\/01\/RB900SG.jpg","datePublished":"2024-01-18T12:09:42+00:00","description":"getaway z oprogramowaniem ElpOS opartym na OpenWrt Linux, konwerter bram przemys\u0142owych: Modbus, tryb transaprent (dane do serwera), MQTT ,wsp\u00f3\u0142praca ze SCADA ,LTE Cat. 4","breadcrumb":{"@id":"https:\/\/elpromagroup.wersjaprojektowa.pl\/pl\/produkt\/rb900sg-openwrt\/#breadcrumb"},"inLanguage":"pl-PL","potentialAction":[{"@type":"ReadAction","target":["https:\/\/elpromagroup.wersjaprojektowa.pl\/pl\/produkt\/rb900sg-openwrt\/"]}]},{"@type":"ImageObject","inLanguage":"pl-PL","@id":"https:\/\/elpromagroup.wersjaprojektowa.pl\/pl\/produkt\/rb900sg-openwrt\/#primaryimage","url":"https:\/\/elpromagroup.wersjaprojektowa.pl\/wp-content\/uploads\/2024\/01\/RB900SG.jpg","contentUrl":"https:\/\/elpromagroup.wersjaprojektowa.pl\/wp-content\/uploads\/2024\/01\/RB900SG.jpg","width":800,"height":800},{"@type":"BreadcrumbList","@id":"https:\/\/elpromagroup.wersjaprojektowa.pl\/pl\/produkt\/rb900sg-openwrt\/#breadcrumb","itemListElement":[{"@type":"ListItem","position":1,"name":"Home","item":"https:\/\/elpromagroup.wersjaprojektowa.pl\/pl\/strona-glowna\/"},{"@type":"ListItem","position":2,"name":"Sklep","item":"https:\/\/elpromagroup.wersjaprojektowa.pl\/pl\/sklep\/"},{"@type":"ListItem","position":3,"name":"RB900SG OpenWRT"}]},{"@type":"WebSite","@id":"https:\/\/elpromagroup.wersjaprojektowa.pl\/pl\/#website","url":"https:\/\/elpromagroup.wersjaprojektowa.pl\/pl\/","name":"Elproma","description":"","potentialAction":[{"@type":"SearchAction","target":{"@type":"EntryPoint","urlTemplate":"https:\/\/elpromagroup.wersjaprojektowa.pl\/pl\/?s={search_term_string}"},"query-input":{"@type":"PropertyValueSpecification","valueRequired":true,"valueName":"search_term_string"}}],"inLanguage":"pl-PL"}]}},"_links":{"self":[{"href":"https:\/\/elpromagroup.wersjaprojektowa.pl\/pl\/wp-json\/wp\/v2\/product\/4121","targetHints":{"allow":["GET"]}}],"collection":[{"href":"https:\/\/elpromagroup.wersjaprojektowa.pl\/pl\/wp-json\/wp\/v2\/product"}],"about":[{"href":"https:\/\/elpromagroup.wersjaprojektowa.pl\/pl\/wp-json\/wp\/v2\/types\/product"}],"version-history":[{"count":0,"href":"https:\/\/elpromagroup.wersjaprojektowa.pl\/pl\/wp-json\/wp\/v2\/product\/4121\/revisions"}],"wp:featuredmedia":[{"embeddable":true,"href":"https:\/\/elpromagroup.wersjaprojektowa.pl\/pl\/wp-json\/wp\/v2\/media\/3719"}],"wp:attachment":[{"href":"https:\/\/elpromagroup.wersjaprojektowa.pl\/pl\/wp-json\/wp\/v2\/media?parent=4121"}],"wp:term":[{"taxonomy":"component","embeddable":true,"href":"https:\/\/elpromagroup.wersjaprojektowa.pl\/pl\/wp-json\/wp\/v2\/component?post=4121"},{"taxonomy":"product_brand","embeddable":true,"href":"https:\/\/elpromagroup.wersjaprojektowa.pl\/pl\/wp-json\/wp\/v2\/product_brand?post=4121"},{"taxonomy":"product_cat","embeddable":true,"href":"https:\/\/elpromagroup.wersjaprojektowa.pl\/pl\/wp-json\/wp\/v2\/product_cat?post=4121"},{"taxonomy":"product_tag","embeddable":true,"href":"https:\/\/elpromagroup.wersjaprojektowa.pl\/pl\/wp-json\/wp\/v2\/product_tag?post=4121"}],"curies":[{"name":"wp","href":"https:\/\/api.w.org\/{rel}","templated":true}]}}