{"id":4069,"date":"2023-09-20T13:59:04","date_gmt":"2023-09-20T11:59:04","guid":{"rendered":"https:\/\/elpromagroup.wersjaprojektowa.pl\/ue\/"},"modified":"2024-01-30T09:41:59","modified_gmt":"2024-01-30T08:41:59","slug":"ue","status":"publish","type":"page","link":"https:\/\/elpromagroup.wersjaprojektowa.pl\/pl\/ue\/","title":{"rendered":"UE"},"content":{"rendered":"\t\t<div data-elementor-type=\"wp-page\" data-elementor-id=\"4069\" class=\"elementor elementor-4069 elementor-3639\" data-elementor-post-type=\"page\">\n\t\t\t\t\t\t<section class=\"elementor-section elementor-top-section elementor-element elementor-element-35baf2c elementor-section-full_width elementor-section-height-min-height elementor-section-height-default elementor-section-items-middle\" data-id=\"35baf2c\" data-element_type=\"section\" data-e-type=\"section\" data-settings=\"{&quot;background_background&quot;:&quot;classic&quot;}\">\n\t\t\t\t\t\t<div class=\"elementor-container elementor-column-gap-no\">\n\t\t\t\t\t<div class=\"elementor-column elementor-col-100 elementor-top-column elementor-element elementor-element-9d3ffc3\" data-id=\"9d3ffc3\" data-element_type=\"column\" data-e-type=\"column\">\n\t\t\t<div class=\"elementor-widget-wrap\">\n\t\t\t\t\t\t\t<\/div>\n\t\t<\/div>\n\t\t\t\t\t<\/div>\n\t\t<\/section>\n\t\t\t\t<section class=\"elementor-section elementor-top-section elementor-element elementor-element-9d78561 elementor-section-boxed elementor-section-height-default elementor-section-height-default\" data-id=\"9d78561\" data-element_type=\"section\" data-e-type=\"section\">\n\t\t\t\t\t\t<div class=\"elementor-container elementor-column-gap-default\">\n\t\t\t\t\t<div class=\"elementor-column elementor-col-100 elementor-top-column elementor-element elementor-element-acac012\" data-id=\"acac012\" data-element_type=\"column\" data-e-type=\"column\">\n\t\t\t<div class=\"elementor-widget-wrap elementor-element-populated\">\n\t\t\t\t\t\t<div class=\"elementor-element elementor-element-6dd692c elementor-widget elementor-widget-text-editor\" data-id=\"6dd692c\" data-element_type=\"widget\" data-e-type=\"widget\" data-widget_type=\"text-editor.default\">\n\t\t\t\t<div class=\"elementor-widget-container\">\n\t\t\t\t\t\t\t\t\t<p>Firma ELPROMA ELEKTRONIKA Sp\u00f3\u0142ka z o.o. realizuje projekt pt. &#8222;Utworzenie profesjonalnego laboratorium badawczego&#8221;, kt\u00f3ry wsp\u00f3\u0142finansowany jest ze \u015brodk\u00f3w Unii Europejskiej w ramach Dzia\u0142ania 1.2 Dzia\u0142alno\u015b\u0107 badawczo &#8211; rozwojowa przedsi\u0119biorstw Regionalnego Programu Operacyjnego Wojew\u00f3dztwa Mazowieckiego na lata 2014-2020. G\u0142\u00f3wnym celem projektu jest stworzenie w nowo budowanej siedzibie Sp\u00f3\u0142ki profesjonalnego laboratorium badawczego, co przyczyni si\u0119 do rozwoju ju\u017c dynamicznie dzia\u0142aj\u0105cego dzia\u0142u B+R. W ramach projektu kupowane b\u0119d\u0105 aparatura, sprz\u0119t, technologie oraz dostosowana zostanie niezb\u0119dna infrastruktura s\u0142u\u017c\u0105ca prowadzeniu prac B+R w przedsi\u0119biorstwie, co w efekcie prze\u0142o\u017cy si\u0119 na opracowywanie i wdra\u017canie na rynek innowacyjnych produkt\u00f3w i us\u0142ug. W szczeg\u00f3lno\u015bci, kupowana infrastruktura wykorzystana zostanie do prowadzenia prac B+R na r\u00f3\u017cnych poziomach zaawansowania, w zakresie rozwoju urz\u0105dze\u0144 i oprogramowania dla telemedycyny oraz dla telemetrii rolniczej.<\/p>\n<p>W ramach inwestycji dostosowane i wyposa\u017cone zostanie laboratorium, sk\u0142adaj\u0105ce si\u0119 z trzech kluczowych cz\u0119\u015bci:<\/p>\n<ol>\n<li>Pomieszczenia badawczo-rozwojowe przeznaczone do prac koncepcyjnych i tw\u00f3rczych.<\/li>\n<li>Pomieszczenia laboratorium projektowego z zapleczem technicznym.<\/li>\n<li>Pomieszczenia prototypowego z zapleczem testowym.<\/li>\n<\/ol>\n<p>Projekt realizowany jest w ramach Regionalnego Programu Operacyjnego Wojew\u00f3dztwa Mazowieckiego na lata 2014-2020<\/p>\n<p>O\u015b Priorytetowa I Wykorzystanie dzia\u0142alno\u015bci badawczo-rozwojowej w gospodarce<\/p>\n<p>Dzia\u0142anie 1.2 Dzia\u0142alno\u015b\u0107 badawczo &#8211; rozwojowa przedsi\u0119biorstw<\/p>\n<p>Numer umowy o dofinansowanie: RPMA.01.02.00-14-C012\/18<\/p>\n<p>Warto\u015b\u0107 dofinansowania: 766 094,16PLN<\/p>\n\t\t\t\t\t\t\t\t<\/div>\n\t\t\t\t<\/div>\n\t\t\t\t<div class=\"elementor-element elementor-element-fee1d33 elementor-widget elementor-widget-image\" data-id=\"fee1d33\" data-element_type=\"widget\" data-e-type=\"widget\" data-widget_type=\"image.default\">\n\t\t\t\t<div class=\"elementor-widget-container\">\n\t\t\t\t\t\t\t\t\t\t\t\t\t\t\t<img fetchpriority=\"high\" decoding=\"async\" width=\"1024\" height=\"99\" src=\"https:\/\/elpromagroup.wersjaprojektowa.pl\/wp-content\/uploads\/2024\/01\/ue-1024x99.jpg\" class=\"attachment-large size-large wp-image-4040\" alt=\"\" srcset=\"https:\/\/elpromagroup.wersjaprojektowa.pl\/wp-content\/uploads\/2024\/01\/ue-1024x99.jpg 1024w, https:\/\/elpromagroup.wersjaprojektowa.pl\/wp-content\/uploads\/2024\/01\/ue-300x29.jpg 300w, https:\/\/elpromagroup.wersjaprojektowa.pl\/wp-content\/uploads\/2024\/01\/ue-768x74.jpg 768w, https:\/\/elpromagroup.wersjaprojektowa.pl\/wp-content\/uploads\/2024\/01\/ue-1536x148.jpg 1536w, https:\/\/elpromagroup.wersjaprojektowa.pl\/wp-content\/uploads\/2024\/01\/ue-700x67.jpg 700w, https:\/\/elpromagroup.wersjaprojektowa.pl\/wp-content\/uploads\/2024\/01\/ue-1000x96.jpg 1000w, https:\/\/elpromagroup.wersjaprojektowa.pl\/wp-content\/uploads\/2024\/01\/ue.jpg 1890w\" sizes=\"(max-width: 1024px) 100vw, 1024px\" \/>\t\t\t\t\t\t\t\t\t\t\t\t\t\t\t<\/div>\n\t\t\t\t<\/div>\n\t\t\t\t\t<\/div>\n\t\t<\/div>\n\t\t\t\t\t<\/div>\n\t\t<\/section>\n\t\t\t\t<\/div>\n\t\t","protected":false},"excerpt":{"rendered":"<p>Firma ELPROMA ELEKTRONIKA Sp\u00f3\u0142ka z o.o. realizuje projekt pt. &#8222;Utworzenie profesjonalnego laboratorium badawczego&#8221;, kt\u00f3ry wsp\u00f3\u0142finansowany jest ze \u015brodk\u00f3w Unii Europejskiej w ramach Dzia\u0142ania 1.2 Dzia\u0142alno\u015b\u0107 badawczo &#8211; rozwojowa przedsi\u0119biorstw Regionalnego Programu Operacyjnego Wojew\u00f3dztwa Mazowieckiego na lata 2014-2020. G\u0142\u00f3wnym celem projektu jest stworzenie w nowo budowanej siedzibie Sp\u00f3\u0142ki profesjonalnego laboratorium badawczego, co przyczyni si\u0119 do rozwoju ju\u017c dynamicznie dzia\u0142aj\u0105cego dzia\u0142u B+R.\u2026<\/p>\n","protected":false},"author":1,"featured_media":0,"parent":0,"menu_order":0,"comment_status":"closed","ping_status":"closed","template":"elementor_header_footer","meta":{"_acf_changed":false,"footnotes":""},"class_list":["post-4069","page","type-page","status-publish","hentry"],"acf":[],"yoast_head":"<!-- This site is optimized with the Yoast SEO plugin v27.3 - https:\/\/yoast.com\/product\/yoast-seo-wordpress\/ -->\n<title>UE - Elproma<\/title>\n<meta name=\"robots\" content=\"noindex, follow, max-snippet:-1, max-image-preview:large, max-video-preview:-1\" \/>\n<meta property=\"og:locale\" content=\"pl_PL\" \/>\n<meta property=\"og:type\" content=\"article\" \/>\n<meta property=\"og:title\" content=\"UE - Elproma\" \/>\n<meta property=\"og:description\" content=\"Firma ELPROMA ELEKTRONIKA Sp\u00f3\u0142ka z o.o. realizuje projekt pt. &#8222;Utworzenie profesjonalnego laboratorium badawczego&#8221;, kt\u00f3ry wsp\u00f3\u0142finansowany jest ze \u015brodk\u00f3w Unii Europejskiej w ramach Dzia\u0142ania 1.2 Dzia\u0142alno\u015b\u0107 badawczo &#8211; rozwojowa przedsi\u0119biorstw Regionalnego Programu Operacyjnego Wojew\u00f3dztwa Mazowieckiego na lata 2014-2020. G\u0142\u00f3wnym celem projektu jest stworzenie w nowo budowanej siedzibie Sp\u00f3\u0142ki profesjonalnego laboratorium badawczego, co przyczyni si\u0119 do rozwoju ju\u017c dynamicznie dzia\u0142aj\u0105cego dzia\u0142u B+R.\u2026\" \/>\n<meta property=\"og:url\" content=\"https:\/\/elpromagroup.wersjaprojektowa.pl\/pl\/ue\/\" \/>\n<meta property=\"og:site_name\" content=\"Elproma\" \/>\n<meta property=\"article:modified_time\" content=\"2024-01-30T08:41:59+00:00\" \/>\n<meta property=\"og:image\" content=\"https:\/\/elpromagroup.wersjaprojektowa.pl\/wp-content\/uploads\/2024\/01\/ue-1024x99.jpg\" \/>\n<meta name=\"twitter:card\" content=\"summary_large_image\" \/>\n<meta name=\"twitter:label1\" content=\"Szacowany czas czytania\" \/>\n\t<meta name=\"twitter:data1\" content=\"1 minuta\" \/>\n<script type=\"application\/ld+json\" class=\"yoast-schema-graph\">{\"@context\":\"https:\\\/\\\/schema.org\",\"@graph\":[{\"@type\":\"WebPage\",\"@id\":\"https:\\\/\\\/elpromagroup.wersjaprojektowa.pl\\\/pl\\\/ue\\\/\",\"url\":\"https:\\\/\\\/elpromagroup.wersjaprojektowa.pl\\\/pl\\\/ue\\\/\",\"name\":\"UE - Elproma\",\"isPartOf\":{\"@id\":\"https:\\\/\\\/elpromagroup.wersjaprojektowa.pl\\\/pl\\\/#website\"},\"primaryImageOfPage\":{\"@id\":\"https:\\\/\\\/elpromagroup.wersjaprojektowa.pl\\\/pl\\\/ue\\\/#primaryimage\"},\"image\":{\"@id\":\"https:\\\/\\\/elpromagroup.wersjaprojektowa.pl\\\/pl\\\/ue\\\/#primaryimage\"},\"thumbnailUrl\":\"https:\\\/\\\/elpromagroup.wersjaprojektowa.pl\\\/wp-content\\\/uploads\\\/2024\\\/01\\\/ue-1024x99.jpg\",\"datePublished\":\"2023-09-20T11:59:04+00:00\",\"dateModified\":\"2024-01-30T08:41:59+00:00\",\"breadcrumb\":{\"@id\":\"https:\\\/\\\/elpromagroup.wersjaprojektowa.pl\\\/pl\\\/ue\\\/#breadcrumb\"},\"inLanguage\":\"pl-PL\",\"potentialAction\":[{\"@type\":\"ReadAction\",\"target\":[\"https:\\\/\\\/elpromagroup.wersjaprojektowa.pl\\\/pl\\\/ue\\\/\"]}]},{\"@type\":\"ImageObject\",\"inLanguage\":\"pl-PL\",\"@id\":\"https:\\\/\\\/elpromagroup.wersjaprojektowa.pl\\\/pl\\\/ue\\\/#primaryimage\",\"url\":\"https:\\\/\\\/elpromagroup.wersjaprojektowa.pl\\\/wp-content\\\/uploads\\\/2024\\\/01\\\/ue-1024x99.jpg\",\"contentUrl\":\"https:\\\/\\\/elpromagroup.wersjaprojektowa.pl\\\/wp-content\\\/uploads\\\/2024\\\/01\\\/ue-1024x99.jpg\"},{\"@type\":\"BreadcrumbList\",\"@id\":\"https:\\\/\\\/elpromagroup.wersjaprojektowa.pl\\\/pl\\\/ue\\\/#breadcrumb\",\"itemListElement\":[{\"@type\":\"ListItem\",\"position\":1,\"name\":\"Home\",\"item\":\"https:\\\/\\\/elpromagroup.wersjaprojektowa.pl\\\/pl\\\/strona-glowna\\\/\"},{\"@type\":\"ListItem\",\"position\":2,\"name\":\"UE\"}]},{\"@type\":\"WebSite\",\"@id\":\"https:\\\/\\\/elpromagroup.wersjaprojektowa.pl\\\/pl\\\/#website\",\"url\":\"https:\\\/\\\/elpromagroup.wersjaprojektowa.pl\\\/pl\\\/\",\"name\":\"Elproma\",\"description\":\"\",\"potentialAction\":[{\"@type\":\"SearchAction\",\"target\":{\"@type\":\"EntryPoint\",\"urlTemplate\":\"https:\\\/\\\/elpromagroup.wersjaprojektowa.pl\\\/pl\\\/?s={search_term_string}\"},\"query-input\":{\"@type\":\"PropertyValueSpecification\",\"valueRequired\":true,\"valueName\":\"search_term_string\"}}],\"inLanguage\":\"pl-PL\"}]}<\/script>\n<!-- \/ Yoast SEO plugin. -->","yoast_head_json":{"title":"UE - Elproma","robots":{"index":"noindex","follow":"follow","max-snippet":"max-snippet:-1","max-image-preview":"max-image-preview:large","max-video-preview":"max-video-preview:-1"},"og_locale":"pl_PL","og_type":"article","og_title":"UE - Elproma","og_description":"Firma ELPROMA ELEKTRONIKA Sp\u00f3\u0142ka z o.o. realizuje projekt pt. &#8222;Utworzenie profesjonalnego laboratorium badawczego&#8221;, kt\u00f3ry wsp\u00f3\u0142finansowany jest ze \u015brodk\u00f3w Unii Europejskiej w ramach Dzia\u0142ania 1.2 Dzia\u0142alno\u015b\u0107 badawczo &#8211; rozwojowa przedsi\u0119biorstw Regionalnego Programu Operacyjnego Wojew\u00f3dztwa Mazowieckiego na lata 2014-2020. G\u0142\u00f3wnym celem projektu jest stworzenie w nowo budowanej siedzibie Sp\u00f3\u0142ki profesjonalnego laboratorium badawczego, co przyczyni si\u0119 do rozwoju ju\u017c dynamicznie dzia\u0142aj\u0105cego dzia\u0142u B+R.\u2026","og_url":"https:\/\/elpromagroup.wersjaprojektowa.pl\/pl\/ue\/","og_site_name":"Elproma","article_modified_time":"2024-01-30T08:41:59+00:00","og_image":[{"url":"https:\/\/elpromagroup.wersjaprojektowa.pl\/wp-content\/uploads\/2024\/01\/ue-1024x99.jpg","type":"","width":"","height":""}],"twitter_card":"summary_large_image","twitter_misc":{"Szacowany czas czytania":"1 minuta"},"schema":{"@context":"https:\/\/schema.org","@graph":[{"@type":"WebPage","@id":"https:\/\/elpromagroup.wersjaprojektowa.pl\/pl\/ue\/","url":"https:\/\/elpromagroup.wersjaprojektowa.pl\/pl\/ue\/","name":"UE - Elproma","isPartOf":{"@id":"https:\/\/elpromagroup.wersjaprojektowa.pl\/pl\/#website"},"primaryImageOfPage":{"@id":"https:\/\/elpromagroup.wersjaprojektowa.pl\/pl\/ue\/#primaryimage"},"image":{"@id":"https:\/\/elpromagroup.wersjaprojektowa.pl\/pl\/ue\/#primaryimage"},"thumbnailUrl":"https:\/\/elpromagroup.wersjaprojektowa.pl\/wp-content\/uploads\/2024\/01\/ue-1024x99.jpg","datePublished":"2023-09-20T11:59:04+00:00","dateModified":"2024-01-30T08:41:59+00:00","breadcrumb":{"@id":"https:\/\/elpromagroup.wersjaprojektowa.pl\/pl\/ue\/#breadcrumb"},"inLanguage":"pl-PL","potentialAction":[{"@type":"ReadAction","target":["https:\/\/elpromagroup.wersjaprojektowa.pl\/pl\/ue\/"]}]},{"@type":"ImageObject","inLanguage":"pl-PL","@id":"https:\/\/elpromagroup.wersjaprojektowa.pl\/pl\/ue\/#primaryimage","url":"https:\/\/elpromagroup.wersjaprojektowa.pl\/wp-content\/uploads\/2024\/01\/ue-1024x99.jpg","contentUrl":"https:\/\/elpromagroup.wersjaprojektowa.pl\/wp-content\/uploads\/2024\/01\/ue-1024x99.jpg"},{"@type":"BreadcrumbList","@id":"https:\/\/elpromagroup.wersjaprojektowa.pl\/pl\/ue\/#breadcrumb","itemListElement":[{"@type":"ListItem","position":1,"name":"Home","item":"https:\/\/elpromagroup.wersjaprojektowa.pl\/pl\/strona-glowna\/"},{"@type":"ListItem","position":2,"name":"UE"}]},{"@type":"WebSite","@id":"https:\/\/elpromagroup.wersjaprojektowa.pl\/pl\/#website","url":"https:\/\/elpromagroup.wersjaprojektowa.pl\/pl\/","name":"Elproma","description":"","potentialAction":[{"@type":"SearchAction","target":{"@type":"EntryPoint","urlTemplate":"https:\/\/elpromagroup.wersjaprojektowa.pl\/pl\/?s={search_term_string}"},"query-input":{"@type":"PropertyValueSpecification","valueRequired":true,"valueName":"search_term_string"}}],"inLanguage":"pl-PL"}]}},"_links":{"self":[{"href":"https:\/\/elpromagroup.wersjaprojektowa.pl\/pl\/wp-json\/wp\/v2\/pages\/4069","targetHints":{"allow":["GET"]}}],"collection":[{"href":"https:\/\/elpromagroup.wersjaprojektowa.pl\/pl\/wp-json\/wp\/v2\/pages"}],"about":[{"href":"https:\/\/elpromagroup.wersjaprojektowa.pl\/pl\/wp-json\/wp\/v2\/types\/page"}],"author":[{"embeddable":true,"href":"https:\/\/elpromagroup.wersjaprojektowa.pl\/pl\/wp-json\/wp\/v2\/users\/1"}],"replies":[{"embeddable":true,"href":"https:\/\/elpromagroup.wersjaprojektowa.pl\/pl\/wp-json\/wp\/v2\/comments?post=4069"}],"version-history":[{"count":3,"href":"https:\/\/elpromagroup.wersjaprojektowa.pl\/pl\/wp-json\/wp\/v2\/pages\/4069\/revisions"}],"predecessor-version":[{"id":4074,"href":"https:\/\/elpromagroup.wersjaprojektowa.pl\/pl\/wp-json\/wp\/v2\/pages\/4069\/revisions\/4074"}],"wp:attachment":[{"href":"https:\/\/elpromagroup.wersjaprojektowa.pl\/pl\/wp-json\/wp\/v2\/media?parent=4069"}],"curies":[{"name":"wp","href":"https:\/\/api.w.org\/{rel}","templated":true}]}}